{"id":92585,"date":"2021-03-19T13:16:05","date_gmt":"2021-03-19T13:16:05","guid":{"rendered":"https:\/\/cernelic.hr\/katalog\/Bez%20kategorije\/flat-by-gandiablasco-2\/"},"modified":"2023-12-07T15:55:45","modified_gmt":"2023-12-07T15:55:45","slug":"flat-by-gandiablasco","status":"publish","type":"product","link":"https:\/\/cernelic.hr\/en\/proizvod\/flat-by-gandiablasco\/","title":{"rendered":"FLAT by Gandia Blasco"},"content":{"rendered":"<p>\u201eFlat\u201c je kolekcija vanjskog namje\u0161taja dizajnirana za GANDIABLASCO 2008. godine. Jedanaest godina nakon toliko je uspje\u0161na da se nastavlja dizajniranje novih predmeta: Fotelje za terasu, udobne stolice, stolovi za vanjsku upotrebu\u2026 Dobro uravnote\u017eena i fleksibilna kolekcija; su\u0161tinski formalan koncept s laganom i prozra\u010dnom strukturom u kojoj tkanina igra va\u017enu ulogu.<\/p>\n","protected":false},"excerpt":{"rendered":"<p>\u201eFlat\u201c je kolekcija vanjskog namje\u0161taja dizajnirana za GANDIABLASCO 2008. godine. Jedanaest godina nakon toliko je uspje\u0161na da se nastavlja dizajniranje novih predmeta: Fotelje za terasu, udobne stolice, stolovi za vanjsku upotrebu\u2026 Dobro uravnote\u017eena i fleksibilna kolekcija; su\u0161tinski formalan koncept s laganom i prozra\u010dnom strukturom u kojoj tkanina igra va\u017enu ulogu.<\/p>\n","protected":false},"featured_media":41506,"template":"","meta":{"_acf_changed":false},"product_brand":[],"product_cat":[2154,2111,2062,2105,2159,2142,2171,2513,2061,2066,2127,2160,2177,2068,2112,2155,2071,2129,2072,2175,2070,2144,2157,2141,2125,2147,2158,2079,2081,2080,2186,2156,2074,2076,2146,2176,2075,2145,2073,2087,2124,2118,2143,2162],"product_tag":[],"berocket_brand":[527],"class_list":{"0":"post-92585","1":"product","2":"type-product","3":"status-publish","4":"has-post-thumbnail","6":"product_cat-proizvodi-stolice-barske-stolice-za-vanjske-prostore","7":"product_cat-dvorane","8":"product_cat-fotelje-i-garniture-za-sjedenje","9":"product_cat-javni","10":"product_cat-lezaljke","11":"product_cat-proizvodi-stolovi-niski-stolovi-vanjske-prostore","12":"product_cat-ormari-i-komode","13":"product_cat-outdoor","14":"product_cat-proizvodi","15":"product_cat-proizvodi-fotelje-garniture-fotelje-i-garniture-za-vanjske-prostore","16":"product_cat-proizvodi-fotelje-garniture-klupe-i-separei","17":"product_cat-proizvodi-lezaljke-lezaljke","18":"product_cat-proizvodi-ormari-i-komode-police-i-regali","19":"product_cat-prostori","20":"product_cat-prostori-dvorane-fotelje-i-garniture-za-vanjske-prostore","21":"product_cat-prostori-horeca-barske-stolice-za-vanjske-prostore","22":"product_cat-prostori-horeca-fotelje-i-garniture-za-vanjske-prostore","23":"product_cat-prostori-horeca-klupe-i-separei","24":"product_cat-prostori-horeca-lezaljke","25":"product_cat-prostori-horeca-ormari-i-komode","26":"product_cat-prostori-horeca-stolice-za-vanjske-prostore","27":"product_cat-prostori-horeca-stolovi-za-vanjske-prostore","28":"product_cat-prostori-javni-barske-stolice-za-vanjske-prostore","29":"product_cat-prostori-javni-fotelje-i-garniture-za-vanjske-prostore","30":"product_cat-prostori-javni-stolice-za-vanjske-prostore","31":"product_cat-prostori-javni-stolovi-za-vanjske-prostore","32":"product_cat-prostori-outdoor-barske-stolice-za-vanjske-prostore","33":"product_cat-prostori-outdoor-fotelje-i-garniture-za-vanjske-prostore","34":"product_cat-prostori-outdoor-lezaljke","35":"product_cat-prostori-outdoor-stolice-za-vanjske-prostore","36":"product_cat-prostori-outdoor-stolovi","37":"product_cat-prostori-rezidencijalni-barske-stolice-za-vanjske-prostore","38":"product_cat-prostori-rezidencijalni-fotelje-i-garniture-za-vanjske-prostore","39":"product_cat-prostori-rezidencijalni-lezaljke","40":"product_cat-prostori-rezidencijalni-niski-klubski-stolici-za-vanjske-prostore","41":"product_cat-prostori-rezidencijalni-ormari-i-komode","42":"product_cat-prostori-rezidencijalni-stolice-za-vanjske-prostore","43":"product_cat-prostori-rezidencijalni-stolovi-za-vanjske-prostore","44":"product_cat-rezidencijalni","45":"product_cat-stolice","46":"product_cat-proizvodi-stolice-stolice-za-vanjske-prostore","47":"product_cat-stolovi","48":"product_cat-proizvodi-stolovi-stolovi-za-vanjske-prostore","49":"product_cat-proizvodi-stolovi-visoki-barski-stolovi-vanjske-prostore","50":"berocket_brand-gandia-blasco","52":"first","53":"instock","54":"product-type-grouped"},"acf":[],"_links":{"self":[{"href":"https:\/\/cernelic.hr\/en\/wp-json\/wp\/v2\/product\/92585","targetHints":{"allow":["GET"]}}],"collection":[{"href":"https:\/\/cernelic.hr\/en\/wp-json\/wp\/v2\/product"}],"about":[{"href":"https:\/\/cernelic.hr\/en\/wp-json\/wp\/v2\/types\/product"}],"wp:featuredmedia":[{"embeddable":true,"href":"https:\/\/cernelic.hr\/en\/wp-json\/wp\/v2\/media\/41506"}],"wp:attachment":[{"href":"https:\/\/cernelic.hr\/en\/wp-json\/wp\/v2\/media?parent=92585"}],"wp:term":[{"taxonomy":"product_brand","embeddable":true,"href":"https:\/\/cernelic.hr\/en\/wp-json\/wp\/v2\/product_brand?post=92585"},{"taxonomy":"product_cat","embeddable":true,"href":"https:\/\/cernelic.hr\/en\/wp-json\/wp\/v2\/product_cat?post=92585"},{"taxonomy":"product_tag","embeddable":true,"href":"https:\/\/cernelic.hr\/en\/wp-json\/wp\/v2\/product_tag?post=92585"},{"taxonomy":"berocket_brand","embeddable":true,"href":"https:\/\/cernelic.hr\/en\/wp-json\/wp\/v2\/berocket_brand?post=92585"}],"curies":[{"name":"wp","href":"https:\/\/api.w.org\/{rel}","templated":true}]}}