{"id":92587,"date":"2021-03-19T13:16:05","date_gmt":"2021-03-19T13:16:05","guid":{"rendered":"https:\/\/cernelic.hr\/katalog\/Bez%20kategorije\/gan-rugs-by-gandiablasco-2\/"},"modified":"2022-11-28T12:15:43","modified_gmt":"2022-11-28T12:15:43","slug":"gan-rugs-by-gandiablasco","status":"publish","type":"product","link":"https:\/\/cernelic.hr\/en\/proizvod\/gan-rugs-by-gandiablasco\/","title":{"rendered":"GAN RUGS by Gandia Blasco"},"content":{"rendered":"<p>\u201eGAN\u201c tepihe ru\u010dno izra\u0111uju stru\u010dni zanatlije koriste\u0107i tradicionalne tehnike koje su obnovljene i a\u017eurirane zahvaljuju\u0107i kreativnosti me\u0111unarodno priznatih dizajnera, koje je za njihovo oblikovanje zaposlio Gandiablasco studio za dizajn interijera.<br \/>\nRu\u010dni proizvodni procesi i kori\u0161tenje prirodnih materijala dvije su najizrazitije zna\u010dajke \u201eGAN\u201c proizvoda. Koriste se samo prirodna vlakna: pamuk, lan, juta, svila i vuna.<\/p>\n","protected":false},"excerpt":{"rendered":"<p>\u201eGAN\u201c tepihe ru\u010dno izra\u0111uju stru\u010dni zanatlije koriste\u0107i tradicionalne tehnike koje su obnovljene i a\u017eurirane zahvaljuju\u0107i kreativnosti me\u0111unarodno priznatih dizajnera, koje je za njihovo oblikovanje zaposlio Gandiablasco studio za dizajn interijera. Ru\u010dni proizvodni procesi i kori\u0161tenje prirodnih materijala dvije su najizrazitije zna\u010dajke \u201eGAN\u201c proizvoda. Koriste se samo prirodna vlakna: pamuk, lan, juta, svila i vuna.<\/p>\n","protected":false},"featured_media":0,"template":"","meta":{"_acf_changed":false},"product_brand":[],"product_cat":[2105,2513,2187,2061,2227,2228,2068,2190,2192,2229,2191,2189,2073,2092],"product_tag":[],"berocket_brand":[527],"class_list":{"0":"post-92587","1":"product","2":"type-product","3":"status-publish","5":"product_cat-javni","6":"product_cat-outdoor","7":"product_cat-podne-obloge","8":"product_cat-proizvodi","9":"product_cat-proizvodi-podne-obloge-komadni-tepisi-za-unutarnje-prostore","10":"product_cat-proizvodi-podne-obloge-komadni-tepisi-za-vanjske-prostore","11":"product_cat-prostori","12":"product_cat-prostori-horeca-podne-obloge","13":"product_cat-prostori-javni-podne-obloge","14":"product_cat-prostori-outdoor-podne-obloge","15":"product_cat-prostori-rezidencijalni-podne-obloge","16":"product_cat-prostori-uredi-podne-obloge","17":"product_cat-rezidencijalni","18":"product_cat-uredi","19":"berocket_brand-gandia-blasco","21":"first","22":"instock","23":"product-type-grouped"},"acf":[],"_links":{"self":[{"href":"https:\/\/cernelic.hr\/en\/wp-json\/wp\/v2\/product\/92587","targetHints":{"allow":["GET"]}}],"collection":[{"href":"https:\/\/cernelic.hr\/en\/wp-json\/wp\/v2\/product"}],"about":[{"href":"https:\/\/cernelic.hr\/en\/wp-json\/wp\/v2\/types\/product"}],"wp:attachment":[{"href":"https:\/\/cernelic.hr\/en\/wp-json\/wp\/v2\/media?parent=92587"}],"wp:term":[{"taxonomy":"product_brand","embeddable":true,"href":"https:\/\/cernelic.hr\/en\/wp-json\/wp\/v2\/product_brand?post=92587"},{"taxonomy":"product_cat","embeddable":true,"href":"https:\/\/cernelic.hr\/en\/wp-json\/wp\/v2\/product_cat?post=92587"},{"taxonomy":"product_tag","embeddable":true,"href":"https:\/\/cernelic.hr\/en\/wp-json\/wp\/v2\/product_tag?post=92587"},{"taxonomy":"berocket_brand","embeddable":true,"href":"https:\/\/cernelic.hr\/en\/wp-json\/wp\/v2\/berocket_brand?post=92587"}],"curies":[{"name":"wp","href":"https:\/\/api.w.org\/{rel}","templated":true}]}}