{"id":92588,"date":"2021-03-19T13:16:05","date_gmt":"2021-03-19T13:16:05","guid":{"rendered":"https:\/\/cernelic.hr\/katalog\/Bez%20kategorije\/gobi-by-gandiablasco-2\/"},"modified":"2023-12-08T02:30:31","modified_gmt":"2023-12-08T02:30:31","slug":"gobi-by-gandiablasco","status":"publish","type":"product","link":"https:\/\/cernelic.hr\/en\/proizvod\/gobi-by-gandiablasco\/","title":{"rendered":"GOBI by Gandia Blasco"},"content":{"rendered":"<p>\u201eGobi\u201c kolekcija posuda za biljke inspirirana je nje\u017enom valovito\u0161\u0107u krajolika pustinjskih dina. Ove okrugle posude sa svojim elegantnim oblinama posebno su dizajnirane za kori\u0161tenje u vanjskim prostorima jer su izra\u0111ene od polietilena koji se mo\u017ee 100% reciklirati. Svaki od pet modela u kolekciji ima svoju prepoznatljivu osobnost. Lijep detalj za opremanje kafi\u0107a ili restorana na otvorenom.<\/p>\n","protected":false},"excerpt":{"rendered":"<p>\u201eGobi\u201c kolekcija posuda za biljke inspirirana je nje\u017enom valovito\u0161\u0107u krajolika pustinjskih dina. Ove okrugle posude sa svojim elegantnim oblinama posebno su dizajnirane za kori\u0161tenje u vanjskim prostorima jer su izra\u0111ene od polietilena koji se mo\u017ee 100% reciklirati. Svaki od pet modela u kolekciji ima svoju prepoznatljivu osobnost. Lijep detalj za opremanje kafi\u0107a ili restorana na [&hellip;]<\/p>\n","protected":false},"featured_media":91926,"template":"","meta":{"_acf_changed":false},"product_brand":[],"product_cat":[2514,2111,2105,2513,2061,2196,2197,2068,2209,2207,2208,2210,2198,2230,2073,2092],"product_tag":[],"berocket_brand":[1112],"class_list":{"0":"post-92588","1":"product","2":"type-product","3":"status-publish","4":"has-post-thumbnail","6":"product_cat-accessories","7":"product_cat-dvorane","8":"product_cat-javni","9":"product_cat-outdoor","10":"product_cat-proizvodi","11":"product_cat-proizvodi-accessories-accessories-za-unutarnje-prostore","12":"product_cat-proizvodi-accessories-accessories-za-vanjske-prostore","13":"product_cat-prostori","14":"product_cat-prostori-dvorane-accessories","15":"product_cat-prostori-horeca-accessories","16":"product_cat-prostori-javni-accessories","17":"product_cat-prostori-outdoor-posude-za-biljke","18":"product_cat-prostori-rezidencijalni-accessories","19":"product_cat-prostori-uredi-accessories","20":"product_cat-rezidencijalni","21":"product_cat-uredi","22":"berocket_brand-diabla-by-gandia-blasco","24":"first","25":"instock","26":"product-type-grouped"},"acf":[],"_links":{"self":[{"href":"https:\/\/cernelic.hr\/en\/wp-json\/wp\/v2\/product\/92588","targetHints":{"allow":["GET"]}}],"collection":[{"href":"https:\/\/cernelic.hr\/en\/wp-json\/wp\/v2\/product"}],"about":[{"href":"https:\/\/cernelic.hr\/en\/wp-json\/wp\/v2\/types\/product"}],"wp:featuredmedia":[{"embeddable":true,"href":"https:\/\/cernelic.hr\/en\/wp-json\/wp\/v2\/media\/91926"}],"wp:attachment":[{"href":"https:\/\/cernelic.hr\/en\/wp-json\/wp\/v2\/media?parent=92588"}],"wp:term":[{"taxonomy":"product_brand","embeddable":true,"href":"https:\/\/cernelic.hr\/en\/wp-json\/wp\/v2\/product_brand?post=92588"},{"taxonomy":"product_cat","embeddable":true,"href":"https:\/\/cernelic.hr\/en\/wp-json\/wp\/v2\/product_cat?post=92588"},{"taxonomy":"product_tag","embeddable":true,"href":"https:\/\/cernelic.hr\/en\/wp-json\/wp\/v2\/product_tag?post=92588"},{"taxonomy":"berocket_brand","embeddable":true,"href":"https:\/\/cernelic.hr\/en\/wp-json\/wp\/v2\/berocket_brand?post=92588"}],"curies":[{"name":"wp","href":"https:\/\/api.w.org\/{rel}","templated":true}]}}