{"id":92590,"date":"2021-03-19T13:16:05","date_gmt":"2021-03-19T13:16:05","guid":{"rendered":"https:\/\/cernelic.hr\/katalog\/Bez%20kategorije\/jian-by-gandiablasco-2\/"},"modified":"2023-12-07T15:55:54","modified_gmt":"2023-12-07T15:55:54","slug":"jian-by-gandiablasco","status":"publish","type":"product","link":"https:\/\/cernelic.hr\/en\/proizvod\/jian-by-gandiablasco\/","title":{"rendered":"JIAN by Gandia Blasco"},"content":{"rendered":"<p>Kolekcija \u201eJian\u201c za GANDIABLASCO kolekcija je vanjskog namje\u0161taja inspirirana konceptom \u201cizme\u0111u\u201d. Znak Jian na kineskom ima zna\u010denje &#8220;izme\u0111u&#8221; i jedan je od dva znaka koji tvore rije\u010di &#8220;prostor, vrijeme i ljudi&#8221;. \u017deljeli smo stvoriti kolekciju koja ima eteri\u010dnu kvalitetu, koja obuhva\u0107a i vrijeme i prostor, nebo i zemlju, ne\u0161to \u0161to \u0107e dati poeziju \u017eivotu na otvorenom i ponuditi mirno uto\u010di\u0161te za svakodnevnu u\u017eurbanost. Namje\u0161taj po mjeri sastavljen od razli\u010ditih veli\u010dina i funkcija za razli\u010dite vanjske namjene.<\/p>\n","protected":false},"excerpt":{"rendered":"<p>Kolekcija \u201eJian\u201c za GANDIABLASCO kolekcija je vanjskog namje\u0161taja inspirirana konceptom \u201cizme\u0111u\u201d. Znak Jian na kineskom ima zna\u010denje &#8220;izme\u0111u&#8221; i jedan je od dva znaka koji tvore rije\u010di &#8220;prostor, vrijeme i ljudi&#8221;. \u017deljeli smo stvoriti kolekciju koja ima eteri\u010dnu kvalitetu, koja obuhva\u0107a i vrijeme i prostor, nebo i zemlju, ne\u0161to \u0161to \u0107e dati poeziju \u017eivotu na [&hellip;]<\/p>\n","protected":false},"featured_media":41510,"template":"","meta":{"_acf_changed":false},"product_brand":[],"product_cat":[2111,2062,2105,2159,2142,2513,2061,2066,2122,2160,2068,2112,2071,2072,2144,2141,2147,2079,2081,2186,2074,2076,2146,2073,2118],"product_tag":[],"berocket_brand":[527],"class_list":{"0":"post-92590","1":"product","2":"type-product","3":"status-publish","4":"has-post-thumbnail","6":"product_cat-dvorane","7":"product_cat-fotelje-i-garniture-za-sjedenje","8":"product_cat-javni","9":"product_cat-lezaljke","10":"product_cat-proizvodi-stolovi-niski-stolovi-vanjske-prostore","11":"product_cat-outdoor","12":"product_cat-proizvodi","13":"product_cat-proizvodi-fotelje-garniture-fotelje-i-garniture-za-vanjske-prostore","14":"product_cat-proizvodi-fotelje-garniture-taburei","15":"product_cat-proizvodi-lezaljke-lezaljke","16":"product_cat-prostori","17":"product_cat-prostori-dvorane-fotelje-i-garniture-za-vanjske-prostore","18":"product_cat-prostori-horeca-fotelje-i-garniture-za-vanjske-prostore","19":"product_cat-prostori-horeca-lezaljke","20":"product_cat-prostori-horeca-stolovi-za-vanjske-prostore","21":"product_cat-prostori-javni-fotelje-i-garniture-za-vanjske-prostore","22":"product_cat-prostori-javni-stolovi-za-vanjske-prostore","23":"product_cat-prostori-outdoor-fotelje-i-garniture-za-vanjske-prostore","24":"product_cat-prostori-outdoor-lezaljke","25":"product_cat-prostori-outdoor-stolovi","26":"product_cat-prostori-rezidencijalni-fotelje-i-garniture-za-vanjske-prostore","27":"product_cat-prostori-rezidencijalni-lezaljke","28":"product_cat-prostori-rezidencijalni-niski-klubski-stolici-za-vanjske-prostore","29":"product_cat-rezidencijalni","30":"product_cat-stolovi","31":"berocket_brand-gandia-blasco","33":"first","34":"instock","35":"product-type-grouped"},"acf":[],"_links":{"self":[{"href":"https:\/\/cernelic.hr\/en\/wp-json\/wp\/v2\/product\/92590","targetHints":{"allow":["GET"]}}],"collection":[{"href":"https:\/\/cernelic.hr\/en\/wp-json\/wp\/v2\/product"}],"about":[{"href":"https:\/\/cernelic.hr\/en\/wp-json\/wp\/v2\/types\/product"}],"wp:featuredmedia":[{"embeddable":true,"href":"https:\/\/cernelic.hr\/en\/wp-json\/wp\/v2\/media\/41510"}],"wp:attachment":[{"href":"https:\/\/cernelic.hr\/en\/wp-json\/wp\/v2\/media?parent=92590"}],"wp:term":[{"taxonomy":"product_brand","embeddable":true,"href":"https:\/\/cernelic.hr\/en\/wp-json\/wp\/v2\/product_brand?post=92590"},{"taxonomy":"product_cat","embeddable":true,"href":"https:\/\/cernelic.hr\/en\/wp-json\/wp\/v2\/product_cat?post=92590"},{"taxonomy":"product_tag","embeddable":true,"href":"https:\/\/cernelic.hr\/en\/wp-json\/wp\/v2\/product_tag?post=92590"},{"taxonomy":"berocket_brand","embeddable":true,"href":"https:\/\/cernelic.hr\/en\/wp-json\/wp\/v2\/berocket_brand?post=92590"}],"curies":[{"name":"wp","href":"https:\/\/api.w.org\/{rel}","templated":true}]}}