{"id":92591,"date":"2021-03-19T13:16:05","date_gmt":"2021-03-19T13:16:05","guid":{"rendered":"https:\/\/cernelic.hr\/katalog\/Bez%20kategorije\/la-siesta-by-gandiablasco-2\/"},"modified":"2023-12-07T15:56:06","modified_gmt":"2023-12-07T15:56:06","slug":"la-siesta-by-gandiablasco","status":"publish","type":"product","link":"https:\/\/cernelic.hr\/en\/proizvod\/la-siesta-by-gandiablasco\/","title":{"rendered":"LA SIESTA by Gandia Blasco"},"content":{"rendered":"<p>\u201eLa SIESTA\u201c bijela boca od terakote koja kombinira izgled boce za vodu od 1,5 litara s prednostima tradicionalnog botija (posuda za vodu od porozne gline).<br \/>\nGANDIABLASCO ponovno pokre\u0107e kultni \u0161panjolski dizajn: \u201eLa SIESTA\u201c botijo koji obnavlja tradicionalne materijale i teksture koji su tipi\u010dni za mediteranski \u017eivot i prehranu za \u017eivot na otvorenom, a sve to kroz objekt povezan sa \u0161panjolskom kulturom koji se koristi za \u010duvanje i pi\u0107e vode, ali na jedan druga\u010diji na\u010din.<\/p>\n","protected":false},"excerpt":{"rendered":"<p>\u201eLa SIESTA\u201c bijela boca od terakote koja kombinira izgled boce za vodu od 1,5 litara s prednostima tradicionalnog botija (posuda za vodu od porozne gline). GANDIABLASCO ponovno pokre\u0107e kultni \u0161panjolski dizajn: \u201eLa SIESTA\u201c botijo koji obnavlja tradicionalne materijale i teksture koji su tipi\u010dni za mediteranski \u017eivot i prehranu za \u017eivot na otvorenom, a sve to [&hellip;]<\/p>\n","protected":false},"featured_media":41512,"template":"","meta":{"_acf_changed":false},"product_brand":[],"product_cat":[2514,2513,2061,2196,2197,2068,2199,2198,2073],"product_tag":[],"berocket_brand":[527],"class_list":{"0":"post-92591","1":"product","2":"type-product","3":"status-publish","4":"has-post-thumbnail","6":"product_cat-accessories","7":"product_cat-outdoor","8":"product_cat-proizvodi","9":"product_cat-proizvodi-accessories-accessories-za-unutarnje-prostore","10":"product_cat-proizvodi-accessories-accessories-za-vanjske-prostore","11":"product_cat-prostori","12":"product_cat-prostori-outdoor-accesories","13":"product_cat-prostori-rezidencijalni-accessories","14":"product_cat-rezidencijalni","15":"berocket_brand-gandia-blasco","17":"first","18":"instock","19":"product-type-grouped"},"acf":[],"_links":{"self":[{"href":"https:\/\/cernelic.hr\/en\/wp-json\/wp\/v2\/product\/92591","targetHints":{"allow":["GET"]}}],"collection":[{"href":"https:\/\/cernelic.hr\/en\/wp-json\/wp\/v2\/product"}],"about":[{"href":"https:\/\/cernelic.hr\/en\/wp-json\/wp\/v2\/types\/product"}],"wp:featuredmedia":[{"embeddable":true,"href":"https:\/\/cernelic.hr\/en\/wp-json\/wp\/v2\/media\/41512"}],"wp:attachment":[{"href":"https:\/\/cernelic.hr\/en\/wp-json\/wp\/v2\/media?parent=92591"}],"wp:term":[{"taxonomy":"product_brand","embeddable":true,"href":"https:\/\/cernelic.hr\/en\/wp-json\/wp\/v2\/product_brand?post=92591"},{"taxonomy":"product_cat","embeddable":true,"href":"https:\/\/cernelic.hr\/en\/wp-json\/wp\/v2\/product_cat?post=92591"},{"taxonomy":"product_tag","embeddable":true,"href":"https:\/\/cernelic.hr\/en\/wp-json\/wp\/v2\/product_tag?post=92591"},{"taxonomy":"berocket_brand","embeddable":true,"href":"https:\/\/cernelic.hr\/en\/wp-json\/wp\/v2\/berocket_brand?post=92591"}],"curies":[{"name":"wp","href":"https:\/\/api.w.org\/{rel}","templated":true}]}}