{"id":92592,"date":"2021-03-19T13:16:05","date_gmt":"2021-03-19T13:16:05","guid":{"rendered":"https:\/\/cernelic.hr\/katalog\/Bez%20kategorije\/lipstick-by-gandiablasco-2\/"},"modified":"2023-12-08T02:30:33","modified_gmt":"2023-12-08T02:30:33","slug":"lipstick-by-gandiablasco","status":"publish","type":"product","link":"https:\/\/cernelic.hr\/en\/proizvod\/lipstick-by-gandiablasco\/","title":{"rendered":"LIPSTICK by Gandia Blasco"},"content":{"rendered":"<p>\u201eLipstick\u201c je kolekcija vrlo zabavne, vesele osobnosti. Njen dizajn inspiriran je svakodnevnim predmetom: ru\u017eem za usne. Ove fotelje za terasu i stoli\u0107 za kavu vrlo su upe\u010datljivog izgleda idealnog za stvaranje opu\u0161tene, odva\u017ene atmosfere u Va\u0161em vanjskom prostoru sa visokom doza stila.<\/p>\n","protected":false},"excerpt":{"rendered":"<p>\u201eLipstick\u201c je kolekcija vrlo zabavne, vesele osobnosti. Njen dizajn inspiriran je svakodnevnim predmetom: ru\u017eem za usne. Ove fotelje za terasu i stoli\u0107 za kavu vrlo su upe\u010datljivog izgleda idealnog za stvaranje opu\u0161tene, odva\u017ene atmosfere u Va\u0161em vanjskom prostoru sa visokom doza stila.<\/p>\n","protected":false},"featured_media":91928,"template":"","meta":{"_acf_changed":false},"product_brand":[],"product_cat":[2105,2142,2513,2061,2068,2070,2144,2125,2147,2080,2186,2146,2075,2073,2087,2124,2118],"product_tag":[],"berocket_brand":[1112],"class_list":{"0":"post-92592","1":"product","2":"type-product","3":"status-publish","4":"has-post-thumbnail","6":"product_cat-javni","7":"product_cat-proizvodi-stolovi-niski-stolovi-vanjske-prostore","8":"product_cat-outdoor","9":"product_cat-proizvodi","10":"product_cat-prostori","11":"product_cat-prostori-horeca-stolice-za-vanjske-prostore","12":"product_cat-prostori-horeca-stolovi-za-vanjske-prostore","13":"product_cat-prostori-javni-stolice-za-vanjske-prostore","14":"product_cat-prostori-javni-stolovi-za-vanjske-prostore","15":"product_cat-prostori-outdoor-stolice-za-vanjske-prostore","16":"product_cat-prostori-outdoor-stolovi","17":"product_cat-prostori-rezidencijalni-niski-klubski-stolici-za-vanjske-prostore","18":"product_cat-prostori-rezidencijalni-stolice-za-vanjske-prostore","19":"product_cat-rezidencijalni","20":"product_cat-stolice","21":"product_cat-proizvodi-stolice-stolice-za-vanjske-prostore","22":"product_cat-stolovi","23":"berocket_brand-diabla-by-gandia-blasco","25":"first","26":"instock","27":"product-type-grouped"},"acf":[],"_links":{"self":[{"href":"https:\/\/cernelic.hr\/en\/wp-json\/wp\/v2\/product\/92592","targetHints":{"allow":["GET"]}}],"collection":[{"href":"https:\/\/cernelic.hr\/en\/wp-json\/wp\/v2\/product"}],"about":[{"href":"https:\/\/cernelic.hr\/en\/wp-json\/wp\/v2\/types\/product"}],"wp:featuredmedia":[{"embeddable":true,"href":"https:\/\/cernelic.hr\/en\/wp-json\/wp\/v2\/media\/91928"}],"wp:attachment":[{"href":"https:\/\/cernelic.hr\/en\/wp-json\/wp\/v2\/media?parent=92592"}],"wp:term":[{"taxonomy":"product_brand","embeddable":true,"href":"https:\/\/cernelic.hr\/en\/wp-json\/wp\/v2\/product_brand?post=92592"},{"taxonomy":"product_cat","embeddable":true,"href":"https:\/\/cernelic.hr\/en\/wp-json\/wp\/v2\/product_cat?post=92592"},{"taxonomy":"product_tag","embeddable":true,"href":"https:\/\/cernelic.hr\/en\/wp-json\/wp\/v2\/product_tag?post=92592"},{"taxonomy":"berocket_brand","embeddable":true,"href":"https:\/\/cernelic.hr\/en\/wp-json\/wp\/v2\/berocket_brand?post=92592"}],"curies":[{"name":"wp","href":"https:\/\/api.w.org\/{rel}","templated":true}]}}