{"id":92593,"date":"2021-03-19T13:16:05","date_gmt":"2021-03-19T13:16:05","guid":{"rendered":"https:\/\/cernelic.hr\/katalog\/Bez%20kategorije\/llar-by-gandiablasco-2\/"},"modified":"2023-12-07T15:56:10","modified_gmt":"2023-12-07T15:56:10","slug":"llar-by-gandiablasco","status":"publish","type":"product","link":"https:\/\/cernelic.hr\/en\/proizvod\/llar-by-gandiablasco\/","title":{"rendered":"LLAR by Gandia Blasco"},"content":{"rendered":"<p>Htjeli smo raditi na proizvodu koji \u0107e prenijeti koncepte koji su bli\u017ei iskustvima unutar ku\u0107e, poput sjedenja oko kamina, u vanjski prostor: Gandiablasco \u201eLlar\u201c je odgovor na ovu ideju. Ima \u010disti arhitektonski izgled, s proporcijama i kompozicijom proizvoda koji prenose osje\u0107aj \u010dvrstine u kojem se vatra tretira kao jedna od osnovnih arhitektonskih zna\u010dajki ku\u0107e, ali i ne\u0161to \u0161to svakako mo\u017ee obilje\u017eiti namje\u0161taj za terasu.<\/p>\n","protected":false},"excerpt":{"rendered":"<p>Htjeli smo raditi na proizvodu koji \u0107e prenijeti koncepte koji su bli\u017ei iskustvima unutar ku\u0107e, poput sjedenja oko kamina, u vanjski prostor: Gandiablasco \u201eLlar\u201c je odgovor na ovu ideju. Ima \u010disti arhitektonski izgled, s proporcijama i kompozicijom proizvoda koji prenose osje\u0107aj \u010dvrstine u kojem se vatra tretira kao jedna od osnovnih arhitektonskih zna\u010dajki ku\u0107e, ali [&hellip;]<\/p>\n","protected":false},"featured_media":41514,"template":"","meta":{"_acf_changed":false},"product_brand":[],"product_cat":[2514,2513,2061,2196,2197,2068,2199,2198,2073],"product_tag":[],"berocket_brand":[527],"class_list":{"0":"post-92593","1":"product","2":"type-product","3":"status-publish","4":"has-post-thumbnail","6":"product_cat-accessories","7":"product_cat-outdoor","8":"product_cat-proizvodi","9":"product_cat-proizvodi-accessories-accessories-za-unutarnje-prostore","10":"product_cat-proizvodi-accessories-accessories-za-vanjske-prostore","11":"product_cat-prostori","12":"product_cat-prostori-outdoor-accesories","13":"product_cat-prostori-rezidencijalni-accessories","14":"product_cat-rezidencijalni","15":"berocket_brand-gandia-blasco","17":"first","18":"instock","19":"product-type-grouped"},"acf":[],"_links":{"self":[{"href":"https:\/\/cernelic.hr\/en\/wp-json\/wp\/v2\/product\/92593","targetHints":{"allow":["GET"]}}],"collection":[{"href":"https:\/\/cernelic.hr\/en\/wp-json\/wp\/v2\/product"}],"about":[{"href":"https:\/\/cernelic.hr\/en\/wp-json\/wp\/v2\/types\/product"}],"wp:featuredmedia":[{"embeddable":true,"href":"https:\/\/cernelic.hr\/en\/wp-json\/wp\/v2\/media\/41514"}],"wp:attachment":[{"href":"https:\/\/cernelic.hr\/en\/wp-json\/wp\/v2\/media?parent=92593"}],"wp:term":[{"taxonomy":"product_brand","embeddable":true,"href":"https:\/\/cernelic.hr\/en\/wp-json\/wp\/v2\/product_brand?post=92593"},{"taxonomy":"product_cat","embeddable":true,"href":"https:\/\/cernelic.hr\/en\/wp-json\/wp\/v2\/product_cat?post=92593"},{"taxonomy":"product_tag","embeddable":true,"href":"https:\/\/cernelic.hr\/en\/wp-json\/wp\/v2\/product_tag?post=92593"},{"taxonomy":"berocket_brand","embeddable":true,"href":"https:\/\/cernelic.hr\/en\/wp-json\/wp\/v2\/berocket_brand?post=92593"}],"curies":[{"name":"wp","href":"https:\/\/api.w.org\/{rel}","templated":true}]}}