{"id":92594,"date":"2021-03-19T13:16:05","date_gmt":"2021-03-19T13:16:05","guid":{"rendered":"https:\/\/cernelic.hr\/katalog\/Bez%20kategorije\/mareta-by-gandiablasco-2\/"},"modified":"2023-12-08T02:30:35","modified_gmt":"2023-12-08T02:30:35","slug":"mareta-by-gandiablasco","status":"publish","type":"product","link":"https:\/\/cernelic.hr\/en\/proizvod\/mareta-by-gandiablasco\/","title":{"rendered":"MARETA by Gandia Blasco"},"content":{"rendered":"<p>Serija \u201eMareta\u201c zahvaljuju\u0107i punjenju prilago\u0111ava se svakoj povr\u0161ini. Tako\u0111er, njene tekstilne navlake posebno su dizajnirane za kontinuiranu upotrebu na otvorenom i potpuno su uklonjive, tako da se mogu lako prati. Namje\u0161taj po mjeri koji \u010dini opremanje ku\u0107a i najljep\u0161ih terasa dje\u010djom igrom.<\/p>\n","protected":false},"excerpt":{"rendered":"<p>Serija \u201eMareta\u201c zahvaljuju\u0107i punjenju prilago\u0111ava se svakoj povr\u0161ini. Tako\u0111er, njene tekstilne navlake posebno su dizajnirane za kontinuiranu upotrebu na otvorenom i potpuno su uklonjive, tako da se mogu lako prati. Namje\u0161taj po mjeri koji \u010dini opremanje ku\u0107a i najljep\u0161ih terasa dje\u010djom igrom.<\/p>\n","protected":false},"featured_media":91929,"template":"","meta":{"_acf_changed":false},"product_brand":[],"product_cat":[2111,2062,2105,2513,2061,2066,2122,2068,2112,2071,2141,2079,2074,2073],"product_tag":[],"berocket_brand":[1112],"class_list":{"0":"post-92594","1":"product","2":"type-product","3":"status-publish","4":"has-post-thumbnail","6":"product_cat-dvorane","7":"product_cat-fotelje-i-garniture-za-sjedenje","8":"product_cat-javni","9":"product_cat-outdoor","10":"product_cat-proizvodi","11":"product_cat-proizvodi-fotelje-garniture-fotelje-i-garniture-za-vanjske-prostore","12":"product_cat-proizvodi-fotelje-garniture-taburei","13":"product_cat-prostori","14":"product_cat-prostori-dvorane-fotelje-i-garniture-za-vanjske-prostore","15":"product_cat-prostori-horeca-fotelje-i-garniture-za-vanjske-prostore","16":"product_cat-prostori-javni-fotelje-i-garniture-za-vanjske-prostore","17":"product_cat-prostori-outdoor-fotelje-i-garniture-za-vanjske-prostore","18":"product_cat-prostori-rezidencijalni-fotelje-i-garniture-za-vanjske-prostore","19":"product_cat-rezidencijalni","20":"berocket_brand-diabla-by-gandia-blasco","22":"first","23":"instock","24":"product-type-grouped"},"acf":[],"_links":{"self":[{"href":"https:\/\/cernelic.hr\/en\/wp-json\/wp\/v2\/product\/92594","targetHints":{"allow":["GET"]}}],"collection":[{"href":"https:\/\/cernelic.hr\/en\/wp-json\/wp\/v2\/product"}],"about":[{"href":"https:\/\/cernelic.hr\/en\/wp-json\/wp\/v2\/types\/product"}],"wp:featuredmedia":[{"embeddable":true,"href":"https:\/\/cernelic.hr\/en\/wp-json\/wp\/v2\/media\/91929"}],"wp:attachment":[{"href":"https:\/\/cernelic.hr\/en\/wp-json\/wp\/v2\/media?parent=92594"}],"wp:term":[{"taxonomy":"product_brand","embeddable":true,"href":"https:\/\/cernelic.hr\/en\/wp-json\/wp\/v2\/product_brand?post=92594"},{"taxonomy":"product_cat","embeddable":true,"href":"https:\/\/cernelic.hr\/en\/wp-json\/wp\/v2\/product_cat?post=92594"},{"taxonomy":"product_tag","embeddable":true,"href":"https:\/\/cernelic.hr\/en\/wp-json\/wp\/v2\/product_tag?post=92594"},{"taxonomy":"berocket_brand","embeddable":true,"href":"https:\/\/cernelic.hr\/en\/wp-json\/wp\/v2\/berocket_brand?post=92594"}],"curies":[{"name":"wp","href":"https:\/\/api.w.org\/{rel}","templated":true}]}}