{"id":92595,"date":"2021-03-19T13:16:05","date_gmt":"2021-03-19T13:16:05","guid":{"rendered":"https:\/\/cernelic.hr\/katalog\/Bez%20kategorije\/mona-by-gandiablasco-2\/"},"modified":"2023-12-08T02:30:36","modified_gmt":"2023-12-08T02:30:36","slug":"mona-by-gandiablasco","status":"publish","type":"product","link":"https:\/\/cernelic.hr\/en\/proizvod\/mona-by-gandiablasco\/","title":{"rendered":"MONA by Gandia Blasco"},"content":{"rendered":"<p>\u201eMona\u201c dizajn s strukturom koja mo\u017ee poslu\u017eiti kao stoli\u0107 za kavu ili kao pomo\u0107ni stol, ovisno o promjeru stola koji odaberete. Dostupne su tri veli\u010dine: 70, 80 i 90 cm. Osim njegovog dizajna, koji dobro funkcionira s mnogim stilovima, veliki dio njegove privla\u010dnosti je brojnost opcija boja. Zato su \u201eMona\u201c stolovi za vanjsku upotrebu posebno lijepi u prolje\u0107e, kada na pozadini od plavog neba izgledaju poput cvije\u0107a.<br \/>\nIako je posebno dizajniran za kori\u0161tenje na otvorenom, mo\u017ee se koristiti i u zatvorenim prostorima.<\/p>\n","protected":false},"excerpt":{"rendered":"<p>\u201eMona\u201c dizajn s strukturom koja mo\u017ee poslu\u017eiti kao stoli\u0107 za kavu ili kao pomo\u0107ni stol, ovisno o promjeru stola koji odaberete. Dostupne su tri veli\u010dine: 70, 80 i 90 cm. Osim njegovog dizajna, koji dobro funkcionira s mnogim stilovima, veliki dio njegove privla\u010dnosti je brojnost opcija boja. Zato su \u201eMona\u201c stolovi za vanjsku upotrebu posebno [&hellip;]<\/p>\n","protected":false},"featured_media":91930,"template":"","meta":{"_acf_changed":false},"product_brand":[],"product_cat":[2105,2513,2061,2068,2144,2147,2186,2145,2073,2118,2143,2162],"product_tag":[],"berocket_brand":[1112],"class_list":{"0":"post-92595","1":"product","2":"type-product","3":"status-publish","4":"has-post-thumbnail","6":"product_cat-javni","7":"product_cat-outdoor","8":"product_cat-proizvodi","9":"product_cat-prostori","10":"product_cat-prostori-horeca-stolovi-za-vanjske-prostore","11":"product_cat-prostori-javni-stolovi-za-vanjske-prostore","12":"product_cat-prostori-outdoor-stolovi","13":"product_cat-prostori-rezidencijalni-stolovi-za-vanjske-prostore","14":"product_cat-rezidencijalni","15":"product_cat-stolovi","16":"product_cat-proizvodi-stolovi-stolovi-za-vanjske-prostore","17":"product_cat-proizvodi-stolovi-visoki-barski-stolovi-vanjske-prostore","18":"berocket_brand-diabla-by-gandia-blasco","20":"first","21":"instock","22":"product-type-grouped"},"acf":[],"_links":{"self":[{"href":"https:\/\/cernelic.hr\/en\/wp-json\/wp\/v2\/product\/92595","targetHints":{"allow":["GET"]}}],"collection":[{"href":"https:\/\/cernelic.hr\/en\/wp-json\/wp\/v2\/product"}],"about":[{"href":"https:\/\/cernelic.hr\/en\/wp-json\/wp\/v2\/types\/product"}],"wp:featuredmedia":[{"embeddable":true,"href":"https:\/\/cernelic.hr\/en\/wp-json\/wp\/v2\/media\/91930"}],"wp:attachment":[{"href":"https:\/\/cernelic.hr\/en\/wp-json\/wp\/v2\/media?parent=92595"}],"wp:term":[{"taxonomy":"product_brand","embeddable":true,"href":"https:\/\/cernelic.hr\/en\/wp-json\/wp\/v2\/product_brand?post=92595"},{"taxonomy":"product_cat","embeddable":true,"href":"https:\/\/cernelic.hr\/en\/wp-json\/wp\/v2\/product_cat?post=92595"},{"taxonomy":"product_tag","embeddable":true,"href":"https:\/\/cernelic.hr\/en\/wp-json\/wp\/v2\/product_tag?post=92595"},{"taxonomy":"berocket_brand","embeddable":true,"href":"https:\/\/cernelic.hr\/en\/wp-json\/wp\/v2\/berocket_brand?post=92595"}],"curies":[{"name":"wp","href":"https:\/\/api.w.org\/{rel}","templated":true}]}}