{"id":92597,"date":"2021-03-19T13:16:05","date_gmt":"2021-03-19T13:16:05","guid":{"rendered":"https:\/\/cernelic.hr\/katalog\/Bez%20kategorije\/nao-nao-by-gandiablasco-2\/"},"modified":"2023-12-07T15:56:17","modified_gmt":"2023-12-07T15:56:17","slug":"nao-nao-by-gandiablasco","status":"publish","type":"product","link":"https:\/\/cernelic.hr\/en\/proizvod\/nao-nao-by-gandiablasco\/","title":{"rendered":"NAO-NAO by Gandia Blasco"},"content":{"rendered":"<p>\u201eNao-Nao\u201c pojednostavljuje sustav i prepisuje prirodu ove vrste sjedalice. To je, op\u0107enito govore\u0107i, stolica za ljuljanje, ali s istinskim naglaskom na formu i jedinstvenim osje\u0107ajem za korisnika.<\/p>\n","protected":false},"excerpt":{"rendered":"<p>\u201eNao-Nao\u201c pojednostavljuje sustav i prepisuje prirodu ove vrste sjedalice. To je, op\u0107enito govore\u0107i, stolica za ljuljanje, ali s istinskim naglaskom na formu i jedinstvenim osje\u0107ajem za korisnika.<\/p>\n","protected":false},"featured_media":41518,"template":"","meta":{"_acf_changed":false},"product_brand":[],"product_cat":[2111,2062,2105,2513,2061,2194,2068,2112,2071,2141,2079,2074,2073],"product_tag":[],"berocket_brand":[527],"class_list":{"0":"post-92597","1":"product","2":"type-product","3":"status-publish","4":"has-post-thumbnail","6":"product_cat-dvorane","7":"product_cat-fotelje-i-garniture-za-sjedenje","8":"product_cat-javni","9":"product_cat-outdoor","10":"product_cat-proizvodi","11":"product_cat-proizvodi-fotelje-garniture-visiljke-za-vanjske-prostore","12":"product_cat-prostori","13":"product_cat-prostori-dvorane-fotelje-i-garniture-za-vanjske-prostore","14":"product_cat-prostori-horeca-fotelje-i-garniture-za-vanjske-prostore","15":"product_cat-prostori-javni-fotelje-i-garniture-za-vanjske-prostore","16":"product_cat-prostori-outdoor-fotelje-i-garniture-za-vanjske-prostore","17":"product_cat-prostori-rezidencijalni-fotelje-i-garniture-za-vanjske-prostore","18":"product_cat-rezidencijalni","19":"berocket_brand-gandia-blasco","21":"first","22":"instock","23":"product-type-grouped"},"acf":[],"_links":{"self":[{"href":"https:\/\/cernelic.hr\/en\/wp-json\/wp\/v2\/product\/92597","targetHints":{"allow":["GET"]}}],"collection":[{"href":"https:\/\/cernelic.hr\/en\/wp-json\/wp\/v2\/product"}],"about":[{"href":"https:\/\/cernelic.hr\/en\/wp-json\/wp\/v2\/types\/product"}],"wp:featuredmedia":[{"embeddable":true,"href":"https:\/\/cernelic.hr\/en\/wp-json\/wp\/v2\/media\/41518"}],"wp:attachment":[{"href":"https:\/\/cernelic.hr\/en\/wp-json\/wp\/v2\/media?parent=92597"}],"wp:term":[{"taxonomy":"product_brand","embeddable":true,"href":"https:\/\/cernelic.hr\/en\/wp-json\/wp\/v2\/product_brand?post=92597"},{"taxonomy":"product_cat","embeddable":true,"href":"https:\/\/cernelic.hr\/en\/wp-json\/wp\/v2\/product_cat?post=92597"},{"taxonomy":"product_tag","embeddable":true,"href":"https:\/\/cernelic.hr\/en\/wp-json\/wp\/v2\/product_tag?post=92597"},{"taxonomy":"berocket_brand","embeddable":true,"href":"https:\/\/cernelic.hr\/en\/wp-json\/wp\/v2\/berocket_brand?post=92597"}],"curies":[{"name":"wp","href":"https:\/\/api.w.org\/{rel}","templated":true}]}}