{"id":92601,"date":"2021-03-19T13:16:05","date_gmt":"2021-03-19T13:16:05","guid":{"rendered":"https:\/\/cernelic.hr\/katalog\/Bez%20kategorije\/piramide-by-gandiablasco-2\/"},"modified":"2023-12-08T02:30:39","modified_gmt":"2023-12-08T02:30:39","slug":"piramide-by-gandiablasco","status":"publish","type":"product","link":"https:\/\/cernelic.hr\/en\/proizvod\/piramide-by-gandiablasco\/","title":{"rendered":"PIRAMIDE by Gandia Blasco"},"content":{"rendered":"<p>Dobar prvi dojam vrlo je va\u017ean, ali te\u0161ko ga je zadr\u017eati tokom vremena. Vanjska rasvjeta \u201ePir\u00e1mide\u201c ima tu kvalitetu, jer na prvi pogled njen arhitektonski izgled i visina od 181 cm ostavljaju sna\u017ean dojam. No, poetika svjetiljke doista zasja \u0161to vi\u0161e vremena provedete s njom, postaju\u0107i svjetlosna skulptura s puno skrivenih osobina ispod onih o\u010ditih.<br \/>\n\u201ePir\u00e1mide\u201c je prijenosna vanjska rasvjeta izra\u0111ena od polietilena koji se mo\u017ee 100% reciklirati; tako\u0111er je prenosiva, tako da se njeno mjesto mo\u017ee vrlo lako promijeniti, pod uvjetom da Vam je dovoljno njenih 3,5 m \u017eice. Mo\u017eete ju koristiti za osvjetljavanje blagovaonice, dnevnog boravka ili vanjske staze. Ali mo\u017eete ju koristiti i za ukra\u0161avanje odre\u0111enog prostora na otvorenom i za ure\u0111enje javnih objekata.<\/p>\n","protected":false},"excerpt":{"rendered":"<p>Dobar prvi dojam vrlo je va\u017ean, ali te\u0161ko ga je zadr\u017eati tokom vremena. Vanjska rasvjeta \u201ePir\u00e1mide\u201c ima tu kvalitetu, jer na prvi pogled njen arhitektonski izgled i visina od 181 cm ostavljaju sna\u017ean dojam. No, poetika svjetiljke doista zasja \u0161to vi\u0161e vremena provedete s njom, postaju\u0107i svjetlosna skulptura s puno skrivenih osobina ispod onih o\u010ditih. [&hellip;]<\/p>\n","protected":false},"featured_media":91932,"template":"","meta":{"_acf_changed":false},"product_brand":[],"product_cat":[2111,2105,2513,2061,2201,2202,2068,2226,2203,2205,2206,2204,2200,2073],"product_tag":[],"berocket_brand":[1112],"class_list":{"0":"post-92601","1":"product","2":"type-product","3":"status-publish","4":"has-post-thumbnail","6":"product_cat-dvorane","7":"product_cat-javni","8":"product_cat-outdoor","9":"product_cat-proizvodi","10":"product_cat-proizvodi-rasvjeta-dekorativna-rasvjeta-za-unutarnje-prostore","11":"product_cat-proizvodi-rasvjeta-dekorativna-rasvjeta-za-vanjske-prostore","12":"product_cat-prostori","13":"product_cat-prostori-dvorane-rasvjeta","14":"product_cat-prostori-horeca-rasvjeta","15":"product_cat-prostori-javni-rasvjeta","16":"product_cat-prostori-outdoor-rasvjeta-za-vanjske-prostore","17":"product_cat-prostori-rezidencijalni-rasvjeta","18":"product_cat-rasvjeta","19":"product_cat-rezidencijalni","20":"berocket_brand-diabla-by-gandia-blasco","22":"first","23":"instock","24":"product-type-grouped"},"acf":[],"_links":{"self":[{"href":"https:\/\/cernelic.hr\/en\/wp-json\/wp\/v2\/product\/92601","targetHints":{"allow":["GET"]}}],"collection":[{"href":"https:\/\/cernelic.hr\/en\/wp-json\/wp\/v2\/product"}],"about":[{"href":"https:\/\/cernelic.hr\/en\/wp-json\/wp\/v2\/types\/product"}],"wp:featuredmedia":[{"embeddable":true,"href":"https:\/\/cernelic.hr\/en\/wp-json\/wp\/v2\/media\/91932"}],"wp:attachment":[{"href":"https:\/\/cernelic.hr\/en\/wp-json\/wp\/v2\/media?parent=92601"}],"wp:term":[{"taxonomy":"product_brand","embeddable":true,"href":"https:\/\/cernelic.hr\/en\/wp-json\/wp\/v2\/product_brand?post=92601"},{"taxonomy":"product_cat","embeddable":true,"href":"https:\/\/cernelic.hr\/en\/wp-json\/wp\/v2\/product_cat?post=92601"},{"taxonomy":"product_tag","embeddable":true,"href":"https:\/\/cernelic.hr\/en\/wp-json\/wp\/v2\/product_tag?post=92601"},{"taxonomy":"berocket_brand","embeddable":true,"href":"https:\/\/cernelic.hr\/en\/wp-json\/wp\/v2\/berocket_brand?post=92601"}],"curies":[{"name":"wp","href":"https:\/\/api.w.org\/{rel}","templated":true}]}}