{"id":92604,"date":"2021-03-19T13:19:20","date_gmt":"2021-03-19T13:19:20","guid":{"rendered":"https:\/\/cernelic.hr\/katalog\/Bez%20kategorije\/sahara-by-gandiablasco-2\/"},"modified":"2023-12-07T15:56:32","modified_gmt":"2023-12-07T15:56:32","slug":"sahara-by-gandiablasco","status":"publish","type":"product","link":"https:\/\/cernelic.hr\/en\/proizvod\/sahara-by-gandiablasco\/","title":{"rendered":"SAHARA by Gandia Blasco"},"content":{"rendered":"<p>\u201eSahara\u201c je kolekcija posuda za cvije\u0107e koja savr\u0161eno nadopunjuje sve GANDIABLASCO kolekcije. Jednako dobro izgledaju na terasi, ispod trijema ili pored bazena; mogu\u0107nosti su neograni\u010dene. Njihov organski zaokru\u017een izgled \u010dini ih odmah prepoznatljivima. \u201eSahara\u201c posude dostupne su u razli\u010ditim veli\u010dinama i u razli\u010ditim zavr\u0161nim obradama \u2013 u boji i lakirane. Izra\u0111ene su od izdr\u017eljive plastike koja se 100% mo\u017ee reciklirati.<\/p>\n","protected":false},"excerpt":{"rendered":"<p>\u201eSahara\u201c je kolekcija posuda za cvije\u0107e koja savr\u0161eno nadopunjuje sve GANDIABLASCO kolekcije. Jednako dobro izgledaju na terasi, ispod trijema ili pored bazena; mogu\u0107nosti su neograni\u010dene. Njihov organski zaokru\u017een izgled \u010dini ih odmah prepoznatljivima. \u201eSahara\u201c posude dostupne su u razli\u010ditim veli\u010dinama i u razli\u010ditim zavr\u0161nim obradama \u2013 u boji i lakirane. Izra\u0111ene su od izdr\u017eljive plastike [&hellip;]<\/p>\n","protected":false},"featured_media":41526,"template":"","meta":{"_acf_changed":false},"product_brand":[],"product_cat":[2514,2111,2105,2513,2061,2196,2197,2068,2209,2207,2208,2210,2198,2230,2073,2092],"product_tag":[],"berocket_brand":[527],"class_list":{"0":"post-92604","1":"product","2":"type-product","3":"status-publish","4":"has-post-thumbnail","6":"product_cat-accessories","7":"product_cat-dvorane","8":"product_cat-javni","9":"product_cat-outdoor","10":"product_cat-proizvodi","11":"product_cat-proizvodi-accessories-accessories-za-unutarnje-prostore","12":"product_cat-proizvodi-accessories-accessories-za-vanjske-prostore","13":"product_cat-prostori","14":"product_cat-prostori-dvorane-accessories","15":"product_cat-prostori-horeca-accessories","16":"product_cat-prostori-javni-accessories","17":"product_cat-prostori-outdoor-posude-za-biljke","18":"product_cat-prostori-rezidencijalni-accessories","19":"product_cat-prostori-uredi-accessories","20":"product_cat-rezidencijalni","21":"product_cat-uredi","22":"berocket_brand-gandia-blasco","24":"first","25":"instock","26":"product-type-grouped"},"acf":[],"_links":{"self":[{"href":"https:\/\/cernelic.hr\/en\/wp-json\/wp\/v2\/product\/92604","targetHints":{"allow":["GET"]}}],"collection":[{"href":"https:\/\/cernelic.hr\/en\/wp-json\/wp\/v2\/product"}],"about":[{"href":"https:\/\/cernelic.hr\/en\/wp-json\/wp\/v2\/types\/product"}],"wp:featuredmedia":[{"embeddable":true,"href":"https:\/\/cernelic.hr\/en\/wp-json\/wp\/v2\/media\/41526"}],"wp:attachment":[{"href":"https:\/\/cernelic.hr\/en\/wp-json\/wp\/v2\/media?parent=92604"}],"wp:term":[{"taxonomy":"product_brand","embeddable":true,"href":"https:\/\/cernelic.hr\/en\/wp-json\/wp\/v2\/product_brand?post=92604"},{"taxonomy":"product_cat","embeddable":true,"href":"https:\/\/cernelic.hr\/en\/wp-json\/wp\/v2\/product_cat?post=92604"},{"taxonomy":"product_tag","embeddable":true,"href":"https:\/\/cernelic.hr\/en\/wp-json\/wp\/v2\/product_tag?post=92604"},{"taxonomy":"berocket_brand","embeddable":true,"href":"https:\/\/cernelic.hr\/en\/wp-json\/wp\/v2\/berocket_brand?post=92604"}],"curies":[{"name":"wp","href":"https:\/\/api.w.org\/{rel}","templated":true}]}}