{"id":92605,"date":"2021-03-19T13:19:20","date_gmt":"2021-03-19T13:19:20","guid":{"rendered":"https:\/\/cernelic.hr\/katalog\/Bez%20kategorije\/sail-by-gandiablasco-2\/"},"modified":"2023-12-07T15:56:35","modified_gmt":"2023-12-07T15:56:35","slug":"sail-by-gandiablasco","status":"publish","type":"product","link":"https:\/\/cernelic.hr\/en\/proizvod\/sail-by-gandiablasco\/","title":{"rendered":"SAIL by Gandia Blasco"},"content":{"rendered":"<p>Topla boja, sirovi materijali i tehnike izrade, karakteristi\u010dne za isto\u010dne kulture, inspirirale su dizajnera H\u00e9ctora Serrana da pro\u0161iri kolekciju \u201eSAIL\u201c i lansira svoju verziju namje\u0161taja za terasu \u201eSail Outdoor\u201c za Gandiablasco.<br \/>\n\u0160panjolski dizajner upotrijebio je vanjsku tkaninu umjesto tradicionalne vunene dhurrie prethodne verzije kako bi stvorio svje\u017eu, modernu kolekciju punu volumena. Njegov dizajn pretvara ovaj proizvod u alternativan i zabavan proizvod koji se lako mo\u017ee prilagoditi mnogim razli\u010ditim prostorima.<br \/>\nRezultat je svestrana kolekcija udobnih vanjskih pufova i jedinstvenog dizajna.<\/p>\n","protected":false},"excerpt":{"rendered":"<p>Topla boja, sirovi materijali i tehnike izrade, karakteristi\u010dne za isto\u010dne kulture, inspirirale su dizajnera H\u00e9ctora Serrana da pro\u0161iri kolekciju \u201eSAIL\u201c i lansira svoju verziju namje\u0161taja za terasu \u201eSail Outdoor\u201c za Gandiablasco. \u0160panjolski dizajner upotrijebio je vanjsku tkaninu umjesto tradicionalne vunene dhurrie prethodne verzije kako bi stvorio svje\u017eu, modernu kolekciju punu volumena. Njegov dizajn pretvara ovaj [&hellip;]<\/p>\n","protected":false},"featured_media":41528,"template":"","meta":{"_acf_changed":false},"product_brand":[],"product_cat":[2111,2062,2105,2513,2061,2066,2122,2068,2112,2071,2141,2079,2074,2073],"product_tag":[],"berocket_brand":[527],"class_list":{"0":"post-92605","1":"product","2":"type-product","3":"status-publish","4":"has-post-thumbnail","6":"product_cat-dvorane","7":"product_cat-fotelje-i-garniture-za-sjedenje","8":"product_cat-javni","9":"product_cat-outdoor","10":"product_cat-proizvodi","11":"product_cat-proizvodi-fotelje-garniture-fotelje-i-garniture-za-vanjske-prostore","12":"product_cat-proizvodi-fotelje-garniture-taburei","13":"product_cat-prostori","14":"product_cat-prostori-dvorane-fotelje-i-garniture-za-vanjske-prostore","15":"product_cat-prostori-horeca-fotelje-i-garniture-za-vanjske-prostore","16":"product_cat-prostori-javni-fotelje-i-garniture-za-vanjske-prostore","17":"product_cat-prostori-outdoor-fotelje-i-garniture-za-vanjske-prostore","18":"product_cat-prostori-rezidencijalni-fotelje-i-garniture-za-vanjske-prostore","19":"product_cat-rezidencijalni","20":"berocket_brand-gandia-blasco","22":"first","23":"instock","24":"product-type-grouped"},"acf":[],"_links":{"self":[{"href":"https:\/\/cernelic.hr\/en\/wp-json\/wp\/v2\/product\/92605","targetHints":{"allow":["GET"]}}],"collection":[{"href":"https:\/\/cernelic.hr\/en\/wp-json\/wp\/v2\/product"}],"about":[{"href":"https:\/\/cernelic.hr\/en\/wp-json\/wp\/v2\/types\/product"}],"wp:featuredmedia":[{"embeddable":true,"href":"https:\/\/cernelic.hr\/en\/wp-json\/wp\/v2\/media\/41528"}],"wp:attachment":[{"href":"https:\/\/cernelic.hr\/en\/wp-json\/wp\/v2\/media?parent=92605"}],"wp:term":[{"taxonomy":"product_brand","embeddable":true,"href":"https:\/\/cernelic.hr\/en\/wp-json\/wp\/v2\/product_brand?post=92605"},{"taxonomy":"product_cat","embeddable":true,"href":"https:\/\/cernelic.hr\/en\/wp-json\/wp\/v2\/product_cat?post=92605"},{"taxonomy":"product_tag","embeddable":true,"href":"https:\/\/cernelic.hr\/en\/wp-json\/wp\/v2\/product_tag?post=92605"},{"taxonomy":"berocket_brand","embeddable":true,"href":"https:\/\/cernelic.hr\/en\/wp-json\/wp\/v2\/berocket_brand?post=92605"}],"curies":[{"name":"wp","href":"https:\/\/api.w.org\/{rel}","templated":true}]}}