{"id":92608,"date":"2021-03-19T13:19:20","date_gmt":"2021-03-19T13:19:20","guid":{"rendered":"https:\/\/cernelic.hr\/katalog\/Bez%20kategorije\/solanas-by-gandiablasco-2\/"},"modified":"2023-12-07T15:56:45","modified_gmt":"2023-12-07T15:56:45","slug":"solanas-by-gandiablasco","status":"publish","type":"product","link":"https:\/\/cernelic.hr\/en\/proizvod\/solanas-by-gandiablasco\/","title":{"rendered":"SOLANAS by Gandia Blasco"},"content":{"rendered":"<p>\u201eSOLANAS\u201c je nova GANDIABLASCO kolekcija nastala iz estetskog senzibiliteta i strasti prema prirodi argentinskog arhitekta i dizajnera Daniela Germanija. To je posveta Solonasu, pla\u017ei koja se nalazi u Urugvaju, gdje je Daniel Germani provodio svoja ljeta: raj s beskrajnim zalascima sunca i pla\u017eama koje nestaju u horizontu. Odaje po\u010dast i njegovom ocu, \u010dovjeku koji je uvijek bio spreman otvoriti vrata svog doma prijateljima i obitelji. Jednako talentirani kuhar kao i doma\u0107in, ovaj in\u017eenjer po obrazovanju s izvanrednim estetskim senzibilitetom dizajnirao je vanjski prostor svoje ku\u0107e u Solanasu za smje\u0161taj svojih brojnih gostiju i za u\u017eivanje u svojim trima strastima: prirodi, obitelji i gastronomiji.<\/p>\n","protected":false},"excerpt":{"rendered":"<p>\u201eSOLANAS\u201c je nova GANDIABLASCO kolekcija nastala iz estetskog senzibiliteta i strasti prema prirodi argentinskog arhitekta i dizajnera Daniela Germanija. To je posveta Solonasu, pla\u017ei koja se nalazi u Urugvaju, gdje je Daniel Germani provodio svoja ljeta: raj s beskrajnim zalascima sunca i pla\u017eama koje nestaju u horizontu. Odaje po\u010dast i njegovom ocu, \u010dovjeku koji je [&hellip;]<\/p>\n","protected":false},"featured_media":41534,"template":"","meta":{"_acf_changed":false},"product_brand":[],"product_cat":[2514,2111,2062,2105,2159,2142,2171,2513,2061,2196,2197,2231,2066,2122,2160,2177,2068,2209,2112,2207,2071,2072,2232,2070,2144,2208,2141,2125,2147,2199,2079,2081,2080,2186,2198,2074,2076,2146,2233,2176,2075,2145,2073,2087,2124,2118,2143],"product_tag":[],"berocket_brand":[527],"class_list":{"0":"post-92608","1":"product","2":"type-product","3":"status-publish","4":"has-post-thumbnail","6":"product_cat-accessories","7":"product_cat-dvorane","8":"product_cat-fotelje-i-garniture-za-sjedenje","9":"product_cat-javni","10":"product_cat-lezaljke","11":"product_cat-proizvodi-stolovi-niski-stolovi-vanjske-prostore","12":"product_cat-ormari-i-komode","13":"product_cat-outdoor","14":"product_cat-proizvodi","15":"product_cat-proizvodi-accessories-accessories-za-unutarnje-prostore","16":"product_cat-proizvodi-accessories-accessories-za-vanjske-prostore","17":"product_cat-proizvodi-accessories-ogledala","18":"product_cat-proizvodi-fotelje-garniture-fotelje-i-garniture-za-vanjske-prostore","19":"product_cat-proizvodi-fotelje-garniture-taburei","20":"product_cat-proizvodi-lezaljke-lezaljke","21":"product_cat-proizvodi-ormari-i-komode-police-i-regali","22":"product_cat-prostori","23":"product_cat-prostori-dvorane-accessories","24":"product_cat-prostori-dvorane-fotelje-i-garniture-za-vanjske-prostore","25":"product_cat-prostori-horeca-accessories","26":"product_cat-prostori-horeca-fotelje-i-garniture-za-vanjske-prostore","27":"product_cat-prostori-horeca-lezaljke","28":"product_cat-prostori-horeca-ogledala","29":"product_cat-prostori-horeca-stolice-za-vanjske-prostore","30":"product_cat-prostori-horeca-stolovi-za-vanjske-prostore","31":"product_cat-prostori-javni-accessories","32":"product_cat-prostori-javni-fotelje-i-garniture-za-vanjske-prostore","33":"product_cat-prostori-javni-stolice-za-vanjske-prostore","34":"product_cat-prostori-javni-stolovi-za-vanjske-prostore","35":"product_cat-prostori-outdoor-accesories","36":"product_cat-prostori-outdoor-fotelje-i-garniture-za-vanjske-prostore","37":"product_cat-prostori-outdoor-lezaljke","38":"product_cat-prostori-outdoor-stolice-za-vanjske-prostore","39":"product_cat-prostori-outdoor-stolovi","40":"product_cat-prostori-rezidencijalni-accessories","41":"product_cat-prostori-rezidencijalni-fotelje-i-garniture-za-vanjske-prostore","42":"product_cat-prostori-rezidencijalni-lezaljke","43":"product_cat-prostori-rezidencijalni-niski-klubski-stolici-za-vanjske-prostore","44":"product_cat-prostori-rezidencijalni-ogledala","45":"product_cat-prostori-rezidencijalni-ormari-i-komode","46":"product_cat-prostori-rezidencijalni-stolice-za-vanjske-prostore","47":"product_cat-prostori-rezidencijalni-stolovi-za-vanjske-prostore","48":"product_cat-rezidencijalni","49":"product_cat-stolice","50":"product_cat-proizvodi-stolice-stolice-za-vanjske-prostore","51":"product_cat-stolovi","52":"product_cat-proizvodi-stolovi-stolovi-za-vanjske-prostore","53":"berocket_brand-gandia-blasco","55":"first","56":"instock","57":"product-type-grouped"},"acf":[],"_links":{"self":[{"href":"https:\/\/cernelic.hr\/en\/wp-json\/wp\/v2\/product\/92608","targetHints":{"allow":["GET"]}}],"collection":[{"href":"https:\/\/cernelic.hr\/en\/wp-json\/wp\/v2\/product"}],"about":[{"href":"https:\/\/cernelic.hr\/en\/wp-json\/wp\/v2\/types\/product"}],"wp:featuredmedia":[{"embeddable":true,"href":"https:\/\/cernelic.hr\/en\/wp-json\/wp\/v2\/media\/41534"}],"wp:attachment":[{"href":"https:\/\/cernelic.hr\/en\/wp-json\/wp\/v2\/media?parent=92608"}],"wp:term":[{"taxonomy":"product_brand","embeddable":true,"href":"https:\/\/cernelic.hr\/en\/wp-json\/wp\/v2\/product_brand?post=92608"},{"taxonomy":"product_cat","embeddable":true,"href":"https:\/\/cernelic.hr\/en\/wp-json\/wp\/v2\/product_cat?post=92608"},{"taxonomy":"product_tag","embeddable":true,"href":"https:\/\/cernelic.hr\/en\/wp-json\/wp\/v2\/product_tag?post=92608"},{"taxonomy":"berocket_brand","embeddable":true,"href":"https:\/\/cernelic.hr\/en\/wp-json\/wp\/v2\/berocket_brand?post=92608"}],"curies":[{"name":"wp","href":"https:\/\/api.w.org\/{rel}","templated":true}]}}