{"id":92611,"date":"2021-03-19T13:19:20","date_gmt":"2021-03-19T13:19:20","guid":{"rendered":"https:\/\/cernelic.hr\/katalog\/Bez%20kategorije\/textile-by-gandiablasco-2\/"},"modified":"2023-12-07T15:56:56","modified_gmt":"2023-12-07T15:56:56","slug":"textile-by-gandiablasco","status":"publish","type":"product","link":"https:\/\/cernelic.hr\/en\/proizvod\/textile-by-gandiablasco\/","title":{"rendered":"TEXTILE by Gandia Blasco"},"content":{"rendered":"<p>\u201eTextile\u201c svoju inspiraciju crpi iz mode; koncepti i tehnike kori\u0161tene u tekstilu prenijete su u svijet namje\u0161taja. Na\u010din na koji se predmeti u kolekciji sastavljaju simulira na\u010din u\u0161ivanja \u0161avova na odje\u0107i. To nam omogu\u0107uje da dobijemo predmet s velikom fleksibilno\u0161\u0107u koji se prilago\u0111ava svima, na isti na\u010din kao i modni odjevni predmeti. \u0160avovi na stolici \u010dine je savr\u0161eno ergonomskom, pru\u017eaju\u0107i udobnost i daju\u0107i dizajnu vlastiti individualni karakter. Gandiablasco ergonomske stolice svojim su oblikom idealan namje\u0161taj po mjeri koji \u0107e se uklopiti u bilo koji ambijent.<\/p>\n","protected":false},"excerpt":{"rendered":"<p>\u201eTextile\u201c svoju inspiraciju crpi iz mode; koncepti i tehnike kori\u0161tene u tekstilu prenijete su u svijet namje\u0161taja. Na\u010din na koji se predmeti u kolekciji sastavljaju simulira na\u010din u\u0161ivanja \u0161avova na odje\u0107i. To nam omogu\u0107uje da dobijemo predmet s velikom fleksibilno\u0161\u0107u koji se prilago\u0111ava svima, na isti na\u010din kao i modni odjevni predmeti. \u0160avovi na stolici [&hellip;]<\/p>\n","protected":false},"featured_media":41540,"template":"","meta":{"_acf_changed":false},"product_brand":[],"product_cat":[2154,2111,2062,2105,2142,2513,2061,2066,2068,2112,2155,2071,2070,2144,2157,2141,2125,2147,2158,2079,2080,2186,2156,2074,2146,2075,2073,2087,2124,2118],"product_tag":[],"berocket_brand":[527],"class_list":{"0":"post-92611","1":"product","2":"type-product","3":"status-publish","4":"has-post-thumbnail","6":"product_cat-proizvodi-stolice-barske-stolice-za-vanjske-prostore","7":"product_cat-dvorane","8":"product_cat-fotelje-i-garniture-za-sjedenje","9":"product_cat-javni","10":"product_cat-proizvodi-stolovi-niski-stolovi-vanjske-prostore","11":"product_cat-outdoor","12":"product_cat-proizvodi","13":"product_cat-proizvodi-fotelje-garniture-fotelje-i-garniture-za-vanjske-prostore","14":"product_cat-prostori","15":"product_cat-prostori-dvorane-fotelje-i-garniture-za-vanjske-prostore","16":"product_cat-prostori-horeca-barske-stolice-za-vanjske-prostore","17":"product_cat-prostori-horeca-fotelje-i-garniture-za-vanjske-prostore","18":"product_cat-prostori-horeca-stolice-za-vanjske-prostore","19":"product_cat-prostori-horeca-stolovi-za-vanjske-prostore","20":"product_cat-prostori-javni-barske-stolice-za-vanjske-prostore","21":"product_cat-prostori-javni-fotelje-i-garniture-za-vanjske-prostore","22":"product_cat-prostori-javni-stolice-za-vanjske-prostore","23":"product_cat-prostori-javni-stolovi-za-vanjske-prostore","24":"product_cat-prostori-outdoor-barske-stolice-za-vanjske-prostore","25":"product_cat-prostori-outdoor-fotelje-i-garniture-za-vanjske-prostore","26":"product_cat-prostori-outdoor-stolice-za-vanjske-prostore","27":"product_cat-prostori-outdoor-stolovi","28":"product_cat-prostori-rezidencijalni-barske-stolice-za-vanjske-prostore","29":"product_cat-prostori-rezidencijalni-fotelje-i-garniture-za-vanjske-prostore","30":"product_cat-prostori-rezidencijalni-niski-klubski-stolici-za-vanjske-prostore","31":"product_cat-prostori-rezidencijalni-stolice-za-vanjske-prostore","32":"product_cat-rezidencijalni","33":"product_cat-stolice","34":"product_cat-proizvodi-stolice-stolice-za-vanjske-prostore","35":"product_cat-stolovi","36":"berocket_brand-gandia-blasco","38":"first","39":"instock","40":"product-type-grouped"},"acf":[],"_links":{"self":[{"href":"https:\/\/cernelic.hr\/en\/wp-json\/wp\/v2\/product\/92611","targetHints":{"allow":["GET"]}}],"collection":[{"href":"https:\/\/cernelic.hr\/en\/wp-json\/wp\/v2\/product"}],"about":[{"href":"https:\/\/cernelic.hr\/en\/wp-json\/wp\/v2\/types\/product"}],"wp:featuredmedia":[{"embeddable":true,"href":"https:\/\/cernelic.hr\/en\/wp-json\/wp\/v2\/media\/41540"}],"wp:attachment":[{"href":"https:\/\/cernelic.hr\/en\/wp-json\/wp\/v2\/media?parent=92611"}],"wp:term":[{"taxonomy":"product_brand","embeddable":true,"href":"https:\/\/cernelic.hr\/en\/wp-json\/wp\/v2\/product_brand?post=92611"},{"taxonomy":"product_cat","embeddable":true,"href":"https:\/\/cernelic.hr\/en\/wp-json\/wp\/v2\/product_cat?post=92611"},{"taxonomy":"product_tag","embeddable":true,"href":"https:\/\/cernelic.hr\/en\/wp-json\/wp\/v2\/product_tag?post=92611"},{"taxonomy":"berocket_brand","embeddable":true,"href":"https:\/\/cernelic.hr\/en\/wp-json\/wp\/v2\/berocket_brand?post=92611"}],"curies":[{"name":"wp","href":"https:\/\/api.w.org\/{rel}","templated":true}]}}