{"id":92616,"date":"2021-03-19T13:19:20","date_gmt":"2021-03-19T13:19:20","guid":{"rendered":"https:\/\/cernelic.hr\/katalog\/Bez%20kategorije\/valentina-by-gandiablasco-2\/"},"modified":"2023-12-08T02:30:50","modified_gmt":"2023-12-08T02:30:50","slug":"valentina-by-gandiablasco","status":"publish","type":"product","link":"https:\/\/cernelic.hr\/en\/proizvod\/valentina-by-gandiablasco\/","title":{"rendered":"VALENTINA by Gandia Blasco"},"content":{"rendered":"<p>Kreatorica Gandiablasco\/Diabla kolekcije \u201eValentina Outdoor\u201c, Alejandra Gand\u00eda-Blasco, odlu\u010dila je dizajnirati fotelje za terasu sa svim elementima na minimumu, koriste\u0107i samo dva jastuka, za \u0161to je koristila laganu strukturu \u010deli\u010dnih \u0161ipki. Sjedalo koje posjeduje opu\u0161tenu i \u0161arenu, ali elegantnu osobnost. Najistinskiji izraz Diablinog stila.<\/p>\n","protected":false},"excerpt":{"rendered":"<p>Kreatorica Gandiablasco\/Diabla kolekcije \u201eValentina Outdoor\u201c, Alejandra Gand\u00eda-Blasco, odlu\u010dila je dizajnirati fotelje za terasu sa svim elementima na minimumu, koriste\u0107i samo dva jastuka, za \u0161to je koristila laganu strukturu \u010deli\u010dnih \u0161ipki. Sjedalo koje posjeduje opu\u0161tenu i \u0161arenu, ali elegantnu osobnost. Najistinskiji izraz Diablinog stila.<\/p>\n","protected":false},"featured_media":91937,"template":"","meta":{"_acf_changed":false},"product_brand":[],"product_cat":[2062,2105,2159,2142,2513,2061,2066,2160,2068,2071,2072,2144,2141,2147,2079,2081,2186,2074,2076,2146,2073,2118],"product_tag":[],"berocket_brand":[1112],"class_list":{"0":"post-92616","1":"product","2":"type-product","3":"status-publish","4":"has-post-thumbnail","6":"product_cat-fotelje-i-garniture-za-sjedenje","7":"product_cat-javni","8":"product_cat-lezaljke","9":"product_cat-proizvodi-stolovi-niski-stolovi-vanjske-prostore","10":"product_cat-outdoor","11":"product_cat-proizvodi","12":"product_cat-proizvodi-fotelje-garniture-fotelje-i-garniture-za-vanjske-prostore","13":"product_cat-proizvodi-lezaljke-lezaljke","14":"product_cat-prostori","15":"product_cat-prostori-horeca-fotelje-i-garniture-za-vanjske-prostore","16":"product_cat-prostori-horeca-lezaljke","17":"product_cat-prostori-horeca-stolovi-za-vanjske-prostore","18":"product_cat-prostori-javni-fotelje-i-garniture-za-vanjske-prostore","19":"product_cat-prostori-javni-stolovi-za-vanjske-prostore","20":"product_cat-prostori-outdoor-fotelje-i-garniture-za-vanjske-prostore","21":"product_cat-prostori-outdoor-lezaljke","22":"product_cat-prostori-outdoor-stolovi","23":"product_cat-prostori-rezidencijalni-fotelje-i-garniture-za-vanjske-prostore","24":"product_cat-prostori-rezidencijalni-lezaljke","25":"product_cat-prostori-rezidencijalni-niski-klubski-stolici-za-vanjske-prostore","26":"product_cat-rezidencijalni","27":"product_cat-stolovi","28":"berocket_brand-diabla-by-gandia-blasco","30":"first","31":"instock","32":"product-type-grouped"},"acf":[],"_links":{"self":[{"href":"https:\/\/cernelic.hr\/en\/wp-json\/wp\/v2\/product\/92616","targetHints":{"allow":["GET"]}}],"collection":[{"href":"https:\/\/cernelic.hr\/en\/wp-json\/wp\/v2\/product"}],"about":[{"href":"https:\/\/cernelic.hr\/en\/wp-json\/wp\/v2\/types\/product"}],"wp:featuredmedia":[{"embeddable":true,"href":"https:\/\/cernelic.hr\/en\/wp-json\/wp\/v2\/media\/91937"}],"wp:attachment":[{"href":"https:\/\/cernelic.hr\/en\/wp-json\/wp\/v2\/media?parent=92616"}],"wp:term":[{"taxonomy":"product_brand","embeddable":true,"href":"https:\/\/cernelic.hr\/en\/wp-json\/wp\/v2\/product_brand?post=92616"},{"taxonomy":"product_cat","embeddable":true,"href":"https:\/\/cernelic.hr\/en\/wp-json\/wp\/v2\/product_cat?post=92616"},{"taxonomy":"product_tag","embeddable":true,"href":"https:\/\/cernelic.hr\/en\/wp-json\/wp\/v2\/product_tag?post=92616"},{"taxonomy":"berocket_brand","embeddable":true,"href":"https:\/\/cernelic.hr\/en\/wp-json\/wp\/v2\/berocket_brand?post=92616"}],"curies":[{"name":"wp","href":"https:\/\/api.w.org\/{rel}","templated":true}]}}