{"id":92617,"date":"2021-03-19T13:19:20","date_gmt":"2021-03-19T13:19:20","guid":{"rendered":"https:\/\/cernelic.hr\/katalog\/Bez%20kategorije\/vent-by-gandiablasco-2\/"},"modified":"2023-12-08T02:30:52","modified_gmt":"2023-12-08T02:30:52","slug":"vent-by-gandiablasco","status":"publish","type":"product","link":"https:\/\/cernelic.hr\/en\/proizvod\/vent-by-gandiablasco\/","title":{"rendered":"VENT by Gandia Blasco"},"content":{"rendered":"<p>Vanjska stolica \u201eVent\u201c, primjerak koji kao da mijenja svoj izgled ovisno o boji koju odaberete.<br \/>\nOva stolica je savr\u0161en model za postizanje radikalne promjene izgleda bez da se mijenjaju Va\u0161i stolovi za vanjsku upotrebu ako su u dobrom stanju. Jednostavno dodavanje nekoliko \u201eVent\u201c stolica u jarkoj boji u\u010dinit \u0107e Va\u0161 vanjski prostor za blagovanje potpuno druga\u010dijim. Dobar trik za opremanje restorana koji imaju otvorene terase.<br \/>\n\u201eVent\u201c ima dizajn koji se mo\u017ee uklopiti i u vanjske i unutarnje prostore.<\/p>\n","protected":false},"excerpt":{"rendered":"<p>Vanjska stolica \u201eVent\u201c, primjerak koji kao da mijenja svoj izgled ovisno o boji koju odaberete. Ova stolica je savr\u0161en model za postizanje radikalne promjene izgleda bez da se mijenjaju Va\u0161i stolovi za vanjsku upotrebu ako su u dobrom stanju. Jednostavno dodavanje nekoliko \u201eVent\u201c stolica u jarkoj boji u\u010dinit \u0107e Va\u0161 vanjski prostor za blagovanje potpuno [&hellip;]<\/p>\n","protected":false},"featured_media":91938,"template":"","meta":{"_acf_changed":false},"product_brand":[],"product_cat":[2114,2154,2099,2105,2513,2061,2068,2098,2115,2155,2100,2070,2126,2157,2109,2125,2158,2080,2116,2156,2104,2075,2073,2087,2091,2124],"product_tag":[],"berocket_brand":[1112],"class_list":{"0":"post-92617","1":"product","2":"type-product","3":"status-publish","4":"has-post-thumbnail","6":"product_cat-proizvodi-stolice-barske-stolice-za-unutarnje-prostore","7":"product_cat-proizvodi-stolice-barske-stolice-za-vanjske-prostore","8":"product_cat-horeca-prostori-horeca","9":"product_cat-javni","10":"product_cat-outdoor","11":"product_cat-proizvodi","12":"product_cat-prostori","13":"product_cat-prostori-horeca","14":"product_cat-prostori-horeca-barske-stolice-za-unutarnje-prostore","15":"product_cat-prostori-horeca-barske-stolice-za-vanjske-prostore","16":"product_cat-prostori-horeca-stolice-za-unutarnje-prostore","17":"product_cat-prostori-horeca-stolice-za-vanjske-prostore","18":"product_cat-prostori-javni-barske-stolice-za-unutarnje-prostore","19":"product_cat-prostori-javni-barske-stolice-za-vanjske-prostore","20":"product_cat-prostori-javni-stolice-za-unutarnje-prostore","21":"product_cat-prostori-javni-stolice-za-vanjske-prostore","22":"product_cat-prostori-outdoor-barske-stolice-za-vanjske-prostore","23":"product_cat-prostori-outdoor-stolice-za-vanjske-prostore","24":"product_cat-prostori-rezidencijalni-barske-stolice-za-unutarnje-prostore","25":"product_cat-prostori-rezidencijalni-barske-stolice-za-vanjske-prostore","26":"product_cat-prostori-rezidencijalni-stolice-za-unutarnje-prostore","27":"product_cat-prostori-rezidencijalni-stolice-za-vanjske-prostore","28":"product_cat-rezidencijalni","29":"product_cat-stolice","30":"product_cat-proizvodi-stolice-stolice-za-unutarnje-prostore","31":"product_cat-proizvodi-stolice-stolice-za-vanjske-prostore","32":"berocket_brand-diabla-by-gandia-blasco","34":"first","35":"instock","36":"product-type-grouped"},"acf":[],"_links":{"self":[{"href":"https:\/\/cernelic.hr\/en\/wp-json\/wp\/v2\/product\/92617","targetHints":{"allow":["GET"]}}],"collection":[{"href":"https:\/\/cernelic.hr\/en\/wp-json\/wp\/v2\/product"}],"about":[{"href":"https:\/\/cernelic.hr\/en\/wp-json\/wp\/v2\/types\/product"}],"wp:featuredmedia":[{"embeddable":true,"href":"https:\/\/cernelic.hr\/en\/wp-json\/wp\/v2\/media\/91938"}],"wp:attachment":[{"href":"https:\/\/cernelic.hr\/en\/wp-json\/wp\/v2\/media?parent=92617"}],"wp:term":[{"taxonomy":"product_brand","embeddable":true,"href":"https:\/\/cernelic.hr\/en\/wp-json\/wp\/v2\/product_brand?post=92617"},{"taxonomy":"product_cat","embeddable":true,"href":"https:\/\/cernelic.hr\/en\/wp-json\/wp\/v2\/product_cat?post=92617"},{"taxonomy":"product_tag","embeddable":true,"href":"https:\/\/cernelic.hr\/en\/wp-json\/wp\/v2\/product_tag?post=92617"},{"taxonomy":"berocket_brand","embeddable":true,"href":"https:\/\/cernelic.hr\/en\/wp-json\/wp\/v2\/berocket_brand?post=92617"}],"curies":[{"name":"wp","href":"https:\/\/api.w.org\/{rel}","templated":true}]}}