{"id":92619,"date":"2021-03-19T13:19:20","date_gmt":"2021-03-19T13:19:20","guid":{"rendered":"https:\/\/cernelic.hr\/katalog\/Bez%20kategorije\/ace-by-viccarbe-2\/"},"modified":"2023-12-08T02:33:00","modified_gmt":"2023-12-08T02:33:00","slug":"ace-by-viccarbe","status":"publish","type":"product","link":"https:\/\/cernelic.hr\/en\/proizvod\/ace-by-viccarbe\/","title":{"rendered":"ACE by Viccarbe"},"content":{"rendered":"<p>\u201eAce\u201c atraktivna fotelja s visokim naslonom ima iznimnu vizualnu lako\u0107u i izgleda prekrasno bilo kod ku\u0107e i u poslovnim objektima.<br \/>\nSa ili bez naslona za ruke, \u201eAce\u201c \u0107e biti suvremeni komad zahvaljuju\u0107i suptilnosti i lako\u0107i svojih oblika, zajedno s izvanrednom udobno\u0161\u0107u. Nova ikona za ure\u0111enje javnih objekata.<\/p>\n","protected":false},"excerpt":{"rendered":"<p>\u201eAce\u201c atraktivna fotelja s visokim naslonom ima iznimnu vizualnu lako\u0107u i izgleda prekrasno bilo kod ku\u0107e i u poslovnim objektima. Sa ili bez naslona za ruke, \u201eAce\u201c \u0107e biti suvremeni komad zahvaljuju\u0107i suptilnosti i lako\u0107i svojih oblika, zajedno s izvanrednom udobno\u0161\u0107u. Nova ikona za ure\u0111enje javnih objekata.<\/p>\n","protected":false},"featured_media":92063,"template":"","meta":{"_acf_changed":false},"product_brand":[],"product_cat":[2111,2062,2105,2061,2083,2082,2068,2117,2101,2108,2103,2073],"product_tag":[],"berocket_brand":[1158],"class_list":{"0":"post-92619","1":"product","2":"type-product","3":"status-publish","4":"has-post-thumbnail","6":"product_cat-dvorane","7":"product_cat-fotelje-i-garniture-za-sjedenje","8":"product_cat-javni","9":"product_cat-proizvodi","10":"product_cat-proizvodi-fotelje-garniture-fotelje-i-garniture-za-cekaone-i-predprostore","11":"product_cat-proizvodi-fotelje-garniture-fotelje-i-garniture-unutarnje-prostore","12":"product_cat-prostori","13":"product_cat-prostori-dvorane-fotelje-i-garniture-za-unutarnje-prostore","14":"product_cat-prostori-horeca-fotelje-i-garniture-za-unutarnje-prostore","15":"product_cat-prostori-javni-fotelje-i-garniture-za-unutarnje-prostore","16":"product_cat-prostori-rezidencijalni-fotelje-i-garniture-za-unutarnje-prostore","17":"product_cat-rezidencijalni","18":"berocket_brand-viccarbe","20":"first","21":"instock","22":"product-type-grouped"},"acf":[],"_links":{"self":[{"href":"https:\/\/cernelic.hr\/en\/wp-json\/wp\/v2\/product\/92619","targetHints":{"allow":["GET"]}}],"collection":[{"href":"https:\/\/cernelic.hr\/en\/wp-json\/wp\/v2\/product"}],"about":[{"href":"https:\/\/cernelic.hr\/en\/wp-json\/wp\/v2\/types\/product"}],"wp:featuredmedia":[{"embeddable":true,"href":"https:\/\/cernelic.hr\/en\/wp-json\/wp\/v2\/media\/92063"}],"wp:attachment":[{"href":"https:\/\/cernelic.hr\/en\/wp-json\/wp\/v2\/media?parent=92619"}],"wp:term":[{"taxonomy":"product_brand","embeddable":true,"href":"https:\/\/cernelic.hr\/en\/wp-json\/wp\/v2\/product_brand?post=92619"},{"taxonomy":"product_cat","embeddable":true,"href":"https:\/\/cernelic.hr\/en\/wp-json\/wp\/v2\/product_cat?post=92619"},{"taxonomy":"product_tag","embeddable":true,"href":"https:\/\/cernelic.hr\/en\/wp-json\/wp\/v2\/product_tag?post=92619"},{"taxonomy":"berocket_brand","embeddable":true,"href":"https:\/\/cernelic.hr\/en\/wp-json\/wp\/v2\/berocket_brand?post=92619"}],"curies":[{"name":"wp","href":"https:\/\/api.w.org\/{rel}","templated":true}]}}