{"id":92622,"date":"2021-03-19T13:19:20","date_gmt":"2021-03-19T13:19:20","guid":{"rendered":"https:\/\/cernelic.hr\/katalog\/Bez%20kategorije\/aspa-table-by-viccarbe-2\/"},"modified":"2023-12-08T02:33:06","modified_gmt":"2023-12-08T02:33:06","slug":"aspa-table-by-viccarbe","status":"publish","type":"product","link":"https:\/\/cernelic.hr\/en\/proizvod\/aspa-table-by-viccarbe\/","title":{"rendered":"ASPA Table by Viccarbe"},"content":{"rendered":"<p>Zbirka stolova za ure\u0111enje stana i opremanje uredskih prostora.<br \/>\n\u0160irok raspon mogu\u0107nosti, kako visine tako i zavr\u0161nih obrada.<\/p>\n","protected":false},"excerpt":{"rendered":"<p>Zbirka stolova za ure\u0111enje stana i opremanje uredskih prostora. \u0160irok raspon mogu\u0107nosti, kako visine tako i zavr\u0161nih obrada.<\/p>\n","protected":false},"featured_media":92066,"template":"","meta":{"_acf_changed":false},"product_brand":[],"product_cat":[2105,2119,2061,2068,2138,2140,2121,2139,2096,2073,2118,2135,2092,2136],"product_tag":[],"berocket_brand":[1158],"class_list":{"0":"post-92622","1":"product","2":"type-product","3":"status-publish","4":"has-post-thumbnail","6":"product_cat-javni","7":"product_cat-proizvodi-stolovi-niski-stolovi-za-unutarnje-prostore","8":"product_cat-proizvodi","9":"product_cat-prostori","10":"product_cat-prostori-horeca-stolovi-za-unutarnje-prostore","11":"product_cat-prostori-javni-stolovi-za-unutarnje-prostore","12":"product_cat-prostori-rezidencijalni-niski-klubski-stolici-za-unutarnje-prostore","13":"product_cat-prostori-rezidencijalni-stolovi-za-unutarnje-prostore","14":"product_cat-prostori-uredi-namjestaj-za-predprostore-i-cekaone","15":"product_cat-rezidencijalni","16":"product_cat-stolovi","17":"product_cat-proizvodi-stolovi-stolovi-za-unutarnje-prostore","18":"product_cat-uredi","19":"product_cat-proizvodi-stolovi-visoki-barski-stolovi-za-unutarnje-prostore","20":"berocket_brand-viccarbe","22":"first","23":"instock","24":"product-type-grouped"},"acf":[],"_links":{"self":[{"href":"https:\/\/cernelic.hr\/en\/wp-json\/wp\/v2\/product\/92622","targetHints":{"allow":["GET"]}}],"collection":[{"href":"https:\/\/cernelic.hr\/en\/wp-json\/wp\/v2\/product"}],"about":[{"href":"https:\/\/cernelic.hr\/en\/wp-json\/wp\/v2\/types\/product"}],"wp:featuredmedia":[{"embeddable":true,"href":"https:\/\/cernelic.hr\/en\/wp-json\/wp\/v2\/media\/92066"}],"wp:attachment":[{"href":"https:\/\/cernelic.hr\/en\/wp-json\/wp\/v2\/media?parent=92622"}],"wp:term":[{"taxonomy":"product_brand","embeddable":true,"href":"https:\/\/cernelic.hr\/en\/wp-json\/wp\/v2\/product_brand?post=92622"},{"taxonomy":"product_cat","embeddable":true,"href":"https:\/\/cernelic.hr\/en\/wp-json\/wp\/v2\/product_cat?post=92622"},{"taxonomy":"product_tag","embeddable":true,"href":"https:\/\/cernelic.hr\/en\/wp-json\/wp\/v2\/product_tag?post=92622"},{"taxonomy":"berocket_brand","embeddable":true,"href":"https:\/\/cernelic.hr\/en\/wp-json\/wp\/v2\/berocket_brand?post=92622"}],"curies":[{"name":"wp","href":"https:\/\/api.w.org\/{rel}","templated":true}]}}