{"id":92623,"date":"2021-03-19T13:19:20","date_gmt":"2021-03-19T13:19:20","guid":{"rendered":"https:\/\/cernelic.hr\/katalog\/Bez%20kategorije\/bamba-table-by-viccarbe-2\/"},"modified":"2023-12-08T02:33:07","modified_gmt":"2023-12-08T02:33:07","slug":"bamba-table-by-viccarbe","status":"publish","type":"product","link":"https:\/\/cernelic.hr\/en\/proizvod\/bamba-table-by-viccarbe\/","title":{"rendered":"BAMBA Table by Viccarbe"},"content":{"rendered":"<p>Viccarbe Stol koji savr\u0161eno predstavlja simbiozu skulpture i ravnote\u017ee.<br \/>\nSastoji se od metalne povr\u0161ine i baze koja od kruga i dvije metalne \u0161ipke do\u010darava &#8220;&#8221;isje\u010deno O&#8221;&#8221;.<\/p>\n","protected":false},"excerpt":{"rendered":"<p>Viccarbe Stol koji savr\u0161eno predstavlja simbiozu skulpture i ravnote\u017ee. Sastoji se od metalne povr\u0161ine i baze koja od kruga i dvije metalne \u0161ipke do\u010darava &#8220;&#8221;isje\u010deno O&#8221;&#8221;.<\/p>\n","protected":false},"featured_media":92067,"template":"","meta":{"_acf_changed":false},"product_brand":[],"product_cat":[2105,2119,2061,2068,2138,2140,2121,2073,2118],"product_tag":[],"berocket_brand":[1158],"class_list":{"0":"post-92623","1":"product","2":"type-product","3":"status-publish","4":"has-post-thumbnail","6":"product_cat-javni","7":"product_cat-proizvodi-stolovi-niski-stolovi-za-unutarnje-prostore","8":"product_cat-proizvodi","9":"product_cat-prostori","10":"product_cat-prostori-horeca-stolovi-za-unutarnje-prostore","11":"product_cat-prostori-javni-stolovi-za-unutarnje-prostore","12":"product_cat-prostori-rezidencijalni-niski-klubski-stolici-za-unutarnje-prostore","13":"product_cat-rezidencijalni","14":"product_cat-stolovi","15":"berocket_brand-viccarbe","17":"first","18":"instock","19":"product-type-grouped"},"acf":[],"_links":{"self":[{"href":"https:\/\/cernelic.hr\/en\/wp-json\/wp\/v2\/product\/92623","targetHints":{"allow":["GET"]}}],"collection":[{"href":"https:\/\/cernelic.hr\/en\/wp-json\/wp\/v2\/product"}],"about":[{"href":"https:\/\/cernelic.hr\/en\/wp-json\/wp\/v2\/types\/product"}],"wp:featuredmedia":[{"embeddable":true,"href":"https:\/\/cernelic.hr\/en\/wp-json\/wp\/v2\/media\/92067"}],"wp:attachment":[{"href":"https:\/\/cernelic.hr\/en\/wp-json\/wp\/v2\/media?parent=92623"}],"wp:term":[{"taxonomy":"product_brand","embeddable":true,"href":"https:\/\/cernelic.hr\/en\/wp-json\/wp\/v2\/product_brand?post=92623"},{"taxonomy":"product_cat","embeddable":true,"href":"https:\/\/cernelic.hr\/en\/wp-json\/wp\/v2\/product_cat?post=92623"},{"taxonomy":"product_tag","embeddable":true,"href":"https:\/\/cernelic.hr\/en\/wp-json\/wp\/v2\/product_tag?post=92623"},{"taxonomy":"berocket_brand","embeddable":true,"href":"https:\/\/cernelic.hr\/en\/wp-json\/wp\/v2\/berocket_brand?post=92623"}],"curies":[{"name":"wp","href":"https:\/\/api.w.org\/{rel}","templated":true}]}}