{"id":92625,"date":"2021-03-19T13:22:35","date_gmt":"2021-03-19T13:22:35","guid":{"rendered":"https:\/\/cernelic.hr\/katalog\/Bez%20kategorije\/burin-table-by-viccarbe-2\/"},"modified":"2023-12-08T02:33:11","modified_gmt":"2023-12-08T02:33:11","slug":"burin-table-by-viccarbe","status":"publish","type":"product","link":"https:\/\/cernelic.hr\/en\/proizvod\/burin-table-by-viccarbe\/","title":{"rendered":"BURIN Table by Viccarbe"},"content":{"rendered":"<p>Burin mini je skulpturalni stol kojeg je dizajnirala Patricia Urquiola za Viccarbe u znak po\u010dasti zanatskim alatima za rezbarenje drva. Karakterizira ga sna\u017ena osobnost koja donosi da\u0161ak sofisticiranosti prilikom opremanja ku\u0107a, ugostiteljskih prostora, salona, dvorana i hotela. Burin nudi opcije kombiniranja razli\u010ditih zavr\u0161nih obrada, visina i dimenzija prilago\u0111avaju\u0107i se estetskim zahtjevima svakog prostora.<\/p>\n","protected":false},"excerpt":{"rendered":"<p>Burin mini je skulpturalni stol kojeg je dizajnirala Patricia Urquiola za Viccarbe u znak po\u010dasti zanatskim alatima za rezbarenje drva. Karakterizira ga sna\u017ena osobnost koja donosi da\u0161ak sofisticiranosti prilikom opremanja ku\u0107a, ugostiteljskih prostora, salona, dvorana i hotela. Burin nudi opcije kombiniranja razli\u010ditih zavr\u0161nih obrada, visina i dimenzija prilago\u0111avaju\u0107i se estetskim zahtjevima svakog prostora.<\/p>\n","protected":false},"featured_media":92069,"template":"","meta":{"_acf_changed":false},"product_brand":[],"product_cat":[2514,2105,2119,2061,2131,2068,2138,2140,2121,2139,2073,2118,2132,2133,2135],"product_tag":[],"berocket_brand":[1158],"class_list":{"0":"post-92625","1":"product","2":"type-product","3":"status-publish","4":"has-post-thumbnail","6":"product_cat-accessories","7":"product_cat-javni","8":"product_cat-proizvodi-stolovi-niski-stolovi-za-unutarnje-prostore","9":"product_cat-proizvodi","10":"product_cat-proizvodi-accessories-elektrifikacija-i-cable-management","11":"product_cat-prostori","12":"product_cat-prostori-horeca-stolovi-za-unutarnje-prostore","13":"product_cat-prostori-javni-stolovi-za-unutarnje-prostore","14":"product_cat-prostori-rezidencijalni-niski-klubski-stolici-za-unutarnje-prostore","15":"product_cat-prostori-rezidencijalni-stolovi-za-unutarnje-prostore","16":"product_cat-rezidencijalni","17":"product_cat-stolovi","18":"product_cat-proizvodi-stolovi-stolovi-za-kucni-ured","19":"product_cat-proizvodi-stolovi-stolovi-za-sastanke-i-konferencije","20":"product_cat-proizvodi-stolovi-stolovi-za-unutarnje-prostore","21":"berocket_brand-viccarbe","23":"first","24":"instock","25":"product-type-grouped"},"acf":[],"_links":{"self":[{"href":"https:\/\/cernelic.hr\/en\/wp-json\/wp\/v2\/product\/92625","targetHints":{"allow":["GET"]}}],"collection":[{"href":"https:\/\/cernelic.hr\/en\/wp-json\/wp\/v2\/product"}],"about":[{"href":"https:\/\/cernelic.hr\/en\/wp-json\/wp\/v2\/types\/product"}],"wp:featuredmedia":[{"embeddable":true,"href":"https:\/\/cernelic.hr\/en\/wp-json\/wp\/v2\/media\/92069"}],"wp:attachment":[{"href":"https:\/\/cernelic.hr\/en\/wp-json\/wp\/v2\/media?parent=92625"}],"wp:term":[{"taxonomy":"product_brand","embeddable":true,"href":"https:\/\/cernelic.hr\/en\/wp-json\/wp\/v2\/product_brand?post=92625"},{"taxonomy":"product_cat","embeddable":true,"href":"https:\/\/cernelic.hr\/en\/wp-json\/wp\/v2\/product_cat?post=92625"},{"taxonomy":"product_tag","embeddable":true,"href":"https:\/\/cernelic.hr\/en\/wp-json\/wp\/v2\/product_tag?post=92625"},{"taxonomy":"berocket_brand","embeddable":true,"href":"https:\/\/cernelic.hr\/en\/wp-json\/wp\/v2\/berocket_brand?post=92625"}],"curies":[{"name":"wp","href":"https:\/\/api.w.org\/{rel}","templated":true}]}}