{"id":92626,"date":"2021-03-19T13:22:35","date_gmt":"2021-03-19T13:22:35","guid":{"rendered":"https:\/\/cernelic.hr\/katalog\/Bez%20kategorije\/colubi-by-viccarbe-2\/"},"modified":"2023-12-08T02:33:13","modified_gmt":"2023-12-08T02:33:13","slug":"colubi-by-viccarbe","status":"publish","type":"product","link":"https:\/\/cernelic.hr\/en\/proizvod\/colubi-by-viccarbe\/","title":{"rendered":"COLUBI by Viccarbe"},"content":{"rendered":"<p>Colubi fotelja posjeduje kultnu \u010deli\u010dnu uokvirenu siluetu i suptilne drvene naslone za ruke koje pridonose dizajnu i udobnosti hibridnim prostorima. Dolazi i u verziji za boravak na otvorenom.<br \/>\nKompaktne proporcije koje nude najve\u0107u udobnost i \u010deli\u010dni okvir s podesivim kliznim elementima \u010dine ovu kolekciju izvanrednim uspjehom. Tamo gdje \u017eelite udobnost, ali ne \u017eelite prevelike garniture za sjedenje, tamo izaberite Viccarbe \u201eColubi\u201c.<\/p>\n","protected":false},"excerpt":{"rendered":"<p>Colubi fotelja posjeduje kultnu \u010deli\u010dnu uokvirenu siluetu i suptilne drvene naslone za ruke koje pridonose dizajnu i udobnosti hibridnim prostorima. Dolazi i u verziji za boravak na otvorenom. Kompaktne proporcije koje nude najve\u0107u udobnost i \u010deli\u010dni okvir s podesivim kliznim elementima \u010dine ovu kolekciju izvanrednim uspjehom. Tamo gdje \u017eelite udobnost, ali ne \u017eelite prevelike garniture [&hellip;]<\/p>\n","protected":false},"featured_media":92070,"template":"","meta":{"_acf_changed":false},"product_brand":[],"product_cat":[2111,2062,2105,2085,2061,2083,2082,2086,2068,2117,2101,2108,2103,2094,2073,2092],"product_tag":[],"berocket_brand":[1158],"class_list":{"0":"post-92626","1":"product","2":"type-product","3":"status-publish","4":"has-post-thumbnail","6":"product_cat-dvorane","7":"product_cat-fotelje-i-garniture-za-sjedenje","8":"product_cat-javni","9":"product_cat-namjestaj-za-urede","10":"product_cat-proizvodi","11":"product_cat-proizvodi-fotelje-garniture-fotelje-i-garniture-za-cekaone-i-predprostore","12":"product_cat-proizvodi-fotelje-garniture-fotelje-i-garniture-unutarnje-prostore","13":"product_cat-proizvodi-namjestaj-za-urede-fotelje-garniture-za-neformalne-sastanke","14":"product_cat-prostori","15":"product_cat-prostori-dvorane-fotelje-i-garniture-za-unutarnje-prostore","16":"product_cat-prostori-horeca-fotelje-i-garniture-za-unutarnje-prostore","17":"product_cat-prostori-javni-fotelje-i-garniture-za-unutarnje-prostore","18":"product_cat-prostori-rezidencijalni-fotelje-i-garniture-za-unutarnje-prostore","19":"product_cat-prostori-uredi-fotelje-i-garniture-za-sjedenje","20":"product_cat-rezidencijalni","21":"product_cat-uredi","22":"berocket_brand-viccarbe","24":"first","25":"instock","26":"product-type-grouped"},"acf":[],"_links":{"self":[{"href":"https:\/\/cernelic.hr\/en\/wp-json\/wp\/v2\/product\/92626","targetHints":{"allow":["GET"]}}],"collection":[{"href":"https:\/\/cernelic.hr\/en\/wp-json\/wp\/v2\/product"}],"about":[{"href":"https:\/\/cernelic.hr\/en\/wp-json\/wp\/v2\/types\/product"}],"wp:featuredmedia":[{"embeddable":true,"href":"https:\/\/cernelic.hr\/en\/wp-json\/wp\/v2\/media\/92070"}],"wp:attachment":[{"href":"https:\/\/cernelic.hr\/en\/wp-json\/wp\/v2\/media?parent=92626"}],"wp:term":[{"taxonomy":"product_brand","embeddable":true,"href":"https:\/\/cernelic.hr\/en\/wp-json\/wp\/v2\/product_brand?post=92626"},{"taxonomy":"product_cat","embeddable":true,"href":"https:\/\/cernelic.hr\/en\/wp-json\/wp\/v2\/product_cat?post=92626"},{"taxonomy":"product_tag","embeddable":true,"href":"https:\/\/cernelic.hr\/en\/wp-json\/wp\/v2\/product_tag?post=92626"},{"taxonomy":"berocket_brand","embeddable":true,"href":"https:\/\/cernelic.hr\/en\/wp-json\/wp\/v2\/berocket_brand?post=92626"}],"curies":[{"name":"wp","href":"https:\/\/api.w.org\/{rel}","templated":true}]}}