{"id":92627,"date":"2021-03-19T13:22:35","date_gmt":"2021-03-19T13:22:35","guid":{"rendered":"https:\/\/cernelic.hr\/katalog\/Bez%20kategorije\/common-by-viccarbe-2\/"},"modified":"2023-12-08T02:33:15","modified_gmt":"2023-12-08T02:33:15","slug":"common-by-viccarbe","status":"publish","type":"product","link":"https:\/\/cernelic.hr\/en\/proizvod\/common-by-viccarbe\/","title":{"rendered":"COMMON by Viccarbe"},"content":{"rendered":"<p>Viccarbeov elegantni modularni kau\u010d Common napravljen je od pjene visoke gusto\u0107e koja zadr\u017eava svoje \u010dvrste linije \u010dak i nakon intenzivne uporabe. Njegove nogice i pomo\u0107ni stol izra\u0111eni su u prirodnom drvu podsje\u0107aju\u0107i na moderne klasike. Stvoren je da povezuje prostore pretvaraju\u0107i ih u udobna okupljali\u0161ta s mogu\u0107no\u0161\u0107u uklju\u010divanja integriranog sustava elektrifikacije: idealan za opremanje dvorana i projektiranje javnih objekata.<\/p>\n","protected":false},"excerpt":{"rendered":"<p>Viccarbeov elegantni modularni kau\u010d Common napravljen je od pjene visoke gusto\u0107e koja zadr\u017eava svoje \u010dvrste linije \u010dak i nakon intenzivne uporabe. Njegove nogice i pomo\u0107ni stol izra\u0111eni su u prirodnom drvu podsje\u0107aju\u0107i na moderne klasike. Stvoren je da povezuje prostore pretvaraju\u0107i ih u udobna okupljali\u0161ta s mogu\u0107no\u0161\u0107u uklju\u010divanja integriranog sustava elektrifikacije: idealan za opremanje dvorana [&hellip;]<\/p>\n","protected":false},"featured_media":92071,"template":"","meta":{"_acf_changed":false},"product_brand":[],"product_cat":[2111,2062,2105,2085,2119,2061,2083,2082,2122,2086,2068,2117,2101,2138,2108,2123,2140,2103,2121,2094,2095,2096,2073,2118,2092],"product_tag":[],"berocket_brand":[1158],"class_list":{"0":"post-92627","1":"product","2":"type-product","3":"status-publish","4":"has-post-thumbnail","6":"product_cat-dvorane","7":"product_cat-fotelje-i-garniture-za-sjedenje","8":"product_cat-javni","9":"product_cat-namjestaj-za-urede","10":"product_cat-proizvodi-stolovi-niski-stolovi-za-unutarnje-prostore","11":"product_cat-proizvodi","12":"product_cat-proizvodi-fotelje-garniture-fotelje-i-garniture-za-cekaone-i-predprostore","13":"product_cat-proizvodi-fotelje-garniture-fotelje-i-garniture-unutarnje-prostore","14":"product_cat-proizvodi-fotelje-garniture-taburei","15":"product_cat-proizvodi-namjestaj-za-urede-fotelje-garniture-za-neformalne-sastanke","16":"product_cat-prostori","17":"product_cat-prostori-dvorane-fotelje-i-garniture-za-unutarnje-prostore","18":"product_cat-prostori-horeca-fotelje-i-garniture-za-unutarnje-prostore","19":"product_cat-prostori-horeca-stolovi-za-unutarnje-prostore","20":"product_cat-prostori-javni-fotelje-i-garniture-za-unutarnje-prostore","21":"product_cat-prostori-javni-namjestaj-za-cekaonice","22":"product_cat-prostori-javni-stolovi-za-unutarnje-prostore","23":"product_cat-prostori-rezidencijalni-fotelje-i-garniture-za-unutarnje-prostore","24":"product_cat-prostori-rezidencijalni-niski-klubski-stolici-za-unutarnje-prostore","25":"product_cat-prostori-uredi-fotelje-i-garniture-za-sjedenje","26":"product_cat-prostori-uredi-namjestaj-za-neformalne-sastanke-i-druzenje","27":"product_cat-prostori-uredi-namjestaj-za-predprostore-i-cekaone","28":"product_cat-rezidencijalni","29":"product_cat-stolovi","30":"product_cat-uredi","31":"berocket_brand-viccarbe","33":"first","34":"instock","35":"product-type-grouped"},"acf":[],"_links":{"self":[{"href":"https:\/\/cernelic.hr\/en\/wp-json\/wp\/v2\/product\/92627","targetHints":{"allow":["GET"]}}],"collection":[{"href":"https:\/\/cernelic.hr\/en\/wp-json\/wp\/v2\/product"}],"about":[{"href":"https:\/\/cernelic.hr\/en\/wp-json\/wp\/v2\/types\/product"}],"wp:featuredmedia":[{"embeddable":true,"href":"https:\/\/cernelic.hr\/en\/wp-json\/wp\/v2\/media\/92071"}],"wp:attachment":[{"href":"https:\/\/cernelic.hr\/en\/wp-json\/wp\/v2\/media?parent=92627"}],"wp:term":[{"taxonomy":"product_brand","embeddable":true,"href":"https:\/\/cernelic.hr\/en\/wp-json\/wp\/v2\/product_brand?post=92627"},{"taxonomy":"product_cat","embeddable":true,"href":"https:\/\/cernelic.hr\/en\/wp-json\/wp\/v2\/product_cat?post=92627"},{"taxonomy":"product_tag","embeddable":true,"href":"https:\/\/cernelic.hr\/en\/wp-json\/wp\/v2\/product_tag?post=92627"},{"taxonomy":"berocket_brand","embeddable":true,"href":"https:\/\/cernelic.hr\/en\/wp-json\/wp\/v2\/berocket_brand?post=92627"}],"curies":[{"name":"wp","href":"https:\/\/api.w.org\/{rel}","templated":true}]}}