{"id":92628,"date":"2021-03-19T13:22:35","date_gmt":"2021-03-19T13:22:35","guid":{"rendered":"https:\/\/cernelic.hr\/katalog\/Bez%20kategorije\/copa-by-viccarbe-2\/"},"modified":"2023-12-08T02:33:16","modified_gmt":"2023-12-08T02:33:16","slug":"copa-by-viccarbe","status":"publish","type":"product","link":"https:\/\/cernelic.hr\/en\/proizvod\/copa-by-viccarbe\/","title":{"rendered":"COPA by Viccarbe"},"content":{"rendered":"<p>\u201eCopa\u201c je rezultat Viccarbeove neumorne potrage za izvanrednom udobno\u0161\u0107u.<br \/>\nPredstavljaju\u0107i naslon za le\u0111a vijugavih i zaokru\u017eenih linija, nova \u201eCopa\u201c stolica pridru\u017euje se kolekciji sa \u0161irokim rasponom postolja.<br \/>\nIsti\u010du\u0107i se svojom svestrano\u0161\u0107u i prilagodljivo\u0161\u0107u prostoru, odr\u017eava udobnost kao zajedni\u010dki nazivnik u svakom trenutku.<br \/>\nSilueta, inspirirana oblicima elegantnog kristalnog stakla, utjelovljuje savr\u0161enstvo ideje suvremenog dizajna Davida Ramosa i Jordija Bassolsa. Polivalentne stolice pojavljuju se kao proizvod definiranih, toplih i ugodnih linija, sadr\u017eavaju\u0107i najudobnije sjedalo koje bilo koji studio za dizajn interijera mo\u017ee ponuditi. Vanjska fotelja Copa obnavlja dizajn retro 30-ih u suvremenom obliku. Namje\u0161taj koji je vrlo uspje\u0161an zahvaljuju\u0107i svojoj udobnosti, snazi i trajnosti.<\/p>\n","protected":false},"excerpt":{"rendered":"<p>\u201eCopa\u201c je rezultat Viccarbeove neumorne potrage za izvanrednom udobno\u0161\u0107u. Predstavljaju\u0107i naslon za le\u0111a vijugavih i zaokru\u017eenih linija, nova \u201eCopa\u201c stolica pridru\u017euje se kolekciji sa \u0161irokim rasponom postolja. Isti\u010du\u0107i se svojom svestrano\u0161\u0107u i prilagodljivo\u0161\u0107u prostoru, odr\u017eava udobnost kao zajedni\u010dki nazivnik u svakom trenutku. Silueta, inspirirana oblicima elegantnog kristalnog stakla, utjelovljuje savr\u0161enstvo ideje suvremenog dizajna Davida Ramosa [&hellip;]<\/p>\n","protected":false},"featured_media":92072,"template":"","meta":{"_acf_changed":false},"product_brand":[],"product_cat":[2114,2111,2062,2099,2105,2090,2085,2061,2083,2082,2086,2098,2068,2117,2115,2101,2100,2126,2108,2109,2116,2103,2104,2094,2093,2073,2087,2088,2113,2091,2092],"product_tag":[],"berocket_brand":[1158],"class_list":{"0":"post-92628","1":"product","2":"type-product","3":"status-publish","4":"has-post-thumbnail","6":"product_cat-proizvodi-stolice-barske-stolice-za-unutarnje-prostore","7":"product_cat-dvorane","8":"product_cat-fotelje-i-garniture-za-sjedenje","9":"product_cat-horeca-prostori-horeca","10":"product_cat-javni","11":"product_cat-proizvodi-stolice-stolice-za-sastanke","12":"product_cat-namjestaj-za-urede","13":"product_cat-proizvodi","14":"product_cat-proizvodi-fotelje-garniture-fotelje-i-garniture-za-cekaone-i-predprostore","15":"product_cat-proizvodi-fotelje-garniture-fotelje-i-garniture-unutarnje-prostore","16":"product_cat-proizvodi-namjestaj-za-urede-fotelje-garniture-za-neformalne-sastanke","17":"product_cat-prostori-horeca","18":"product_cat-prostori","19":"product_cat-prostori-dvorane-fotelje-i-garniture-za-unutarnje-prostore","20":"product_cat-prostori-horeca-barske-stolice-za-unutarnje-prostore","21":"product_cat-prostori-horeca-fotelje-i-garniture-za-unutarnje-prostore","22":"product_cat-prostori-horeca-stolice-za-unutarnje-prostore","23":"product_cat-prostori-javni-barske-stolice-za-unutarnje-prostore","24":"product_cat-prostori-javni-fotelje-i-garniture-za-unutarnje-prostore","25":"product_cat-prostori-javni-stolice-za-unutarnje-prostore","26":"product_cat-prostori-rezidencijalni-barske-stolice-za-unutarnje-prostore","27":"product_cat-prostori-rezidencijalni-fotelje-i-garniture-za-unutarnje-prostore","28":"product_cat-prostori-rezidencijalni-stolice-za-unutarnje-prostore","29":"product_cat-prostori-uredi-fotelje-i-garniture-za-sjedenje","30":"product_cat-prostori-uredi-stolice-za-sastanke","31":"product_cat-rezidencijalni","32":"product_cat-stolice","33":"product_cat-proizvodi-stolice-stolice-za-cekaonice","34":"product_cat-proizvodi-namjestaj-za-urede-stolice-za-sastanke","35":"product_cat-proizvodi-stolice-stolice-za-unutarnje-prostore","36":"product_cat-uredi","37":"berocket_brand-viccarbe","39":"first","40":"instock","41":"product-type-grouped"},"acf":[],"_links":{"self":[{"href":"https:\/\/cernelic.hr\/en\/wp-json\/wp\/v2\/product\/92628","targetHints":{"allow":["GET"]}}],"collection":[{"href":"https:\/\/cernelic.hr\/en\/wp-json\/wp\/v2\/product"}],"about":[{"href":"https:\/\/cernelic.hr\/en\/wp-json\/wp\/v2\/types\/product"}],"wp:featuredmedia":[{"embeddable":true,"href":"https:\/\/cernelic.hr\/en\/wp-json\/wp\/v2\/media\/92072"}],"wp:attachment":[{"href":"https:\/\/cernelic.hr\/en\/wp-json\/wp\/v2\/media?parent=92628"}],"wp:term":[{"taxonomy":"product_brand","embeddable":true,"href":"https:\/\/cernelic.hr\/en\/wp-json\/wp\/v2\/product_brand?post=92628"},{"taxonomy":"product_cat","embeddable":true,"href":"https:\/\/cernelic.hr\/en\/wp-json\/wp\/v2\/product_cat?post=92628"},{"taxonomy":"product_tag","embeddable":true,"href":"https:\/\/cernelic.hr\/en\/wp-json\/wp\/v2\/product_tag?post=92628"},{"taxonomy":"berocket_brand","embeddable":true,"href":"https:\/\/cernelic.hr\/en\/wp-json\/wp\/v2\/berocket_brand?post=92628"}],"curies":[{"name":"wp","href":"https:\/\/api.w.org\/{rel}","templated":true}]}}