{"id":92635,"date":"2021-03-19T13:22:35","date_gmt":"2021-03-19T13:22:35","guid":{"rendered":"https:\/\/cernelic.hr\/katalog\/Bez%20kategorije\/keel-by-viccarbe-2\/"},"modified":"2023-12-08T02:33:29","modified_gmt":"2023-12-08T02:33:29","slug":"keel-by-viccarbe","status":"publish","type":"product","link":"https:\/\/cernelic.hr\/en\/proizvod\/keel-by-viccarbe\/","title":{"rendered":"KEEL by Viccarbe"},"content":{"rendered":"<p>Nove police \u201eKeel\u201c, sa svojom skulpturalnom esencijom, pridru\u017euju se obitelji Viccarbe te\u010dnim, elegantnim i bezvremenskim oblikom.<br \/>\nBeskona\u010dne mogu\u0107nosti njenih kompozicija podr\u017eavaju stvaranje razli\u010ditih stilova za moderno ure\u0111enje stana ili opremanje kancelarija.<\/p>\n","protected":false},"excerpt":{"rendered":"<p>Nove police \u201eKeel\u201c, sa svojom skulpturalnom esencijom, pridru\u017euju se obitelji Viccarbe te\u010dnim, elegantnim i bezvremenskim oblikom. Beskona\u010dne mogu\u0107nosti njenih kompozicija podr\u017eavaju stvaranje razli\u010ditih stilova za moderno ure\u0111enje stana ili opremanje kancelarija.<\/p>\n","protected":false},"featured_media":92079,"template":"","meta":{"_acf_changed":false},"product_brand":[],"product_cat":[2514,2111,2105,2171,2061,2196,2177,2068,2209,2207,2208,2198,2073],"product_tag":[],"berocket_brand":[1158],"class_list":{"0":"post-92635","1":"product","2":"type-product","3":"status-publish","4":"has-post-thumbnail","6":"product_cat-accessories","7":"product_cat-dvorane","8":"product_cat-javni","9":"product_cat-ormari-i-komode","10":"product_cat-proizvodi","11":"product_cat-proizvodi-accessories-accessories-za-unutarnje-prostore","12":"product_cat-proizvodi-ormari-i-komode-police-i-regali","13":"product_cat-prostori","14":"product_cat-prostori-dvorane-accessories","15":"product_cat-prostori-horeca-accessories","16":"product_cat-prostori-javni-accessories","17":"product_cat-prostori-rezidencijalni-accessories","18":"product_cat-rezidencijalni","19":"berocket_brand-viccarbe","21":"first","22":"instock","23":"product-type-grouped"},"acf":[],"_links":{"self":[{"href":"https:\/\/cernelic.hr\/en\/wp-json\/wp\/v2\/product\/92635","targetHints":{"allow":["GET"]}}],"collection":[{"href":"https:\/\/cernelic.hr\/en\/wp-json\/wp\/v2\/product"}],"about":[{"href":"https:\/\/cernelic.hr\/en\/wp-json\/wp\/v2\/types\/product"}],"wp:featuredmedia":[{"embeddable":true,"href":"https:\/\/cernelic.hr\/en\/wp-json\/wp\/v2\/media\/92079"}],"wp:attachment":[{"href":"https:\/\/cernelic.hr\/en\/wp-json\/wp\/v2\/media?parent=92635"}],"wp:term":[{"taxonomy":"product_brand","embeddable":true,"href":"https:\/\/cernelic.hr\/en\/wp-json\/wp\/v2\/product_brand?post=92635"},{"taxonomy":"product_cat","embeddable":true,"href":"https:\/\/cernelic.hr\/en\/wp-json\/wp\/v2\/product_cat?post=92635"},{"taxonomy":"product_tag","embeddable":true,"href":"https:\/\/cernelic.hr\/en\/wp-json\/wp\/v2\/product_tag?post=92635"},{"taxonomy":"berocket_brand","embeddable":true,"href":"https:\/\/cernelic.hr\/en\/wp-json\/wp\/v2\/berocket_brand?post=92635"}],"curies":[{"name":"wp","href":"https:\/\/api.w.org\/{rel}","templated":true}]}}