{"id":92637,"date":"2021-03-19T13:22:35","date_gmt":"2021-03-19T13:22:35","guid":{"rendered":"https:\/\/cernelic.hr\/katalog\/Bez%20kategorije\/last-minute-by-viccarbe-2\/"},"modified":"2023-12-08T02:33:36","modified_gmt":"2023-12-08T02:33:36","slug":"last-minute-by-viccarbe","status":"publish","type":"product","link":"https:\/\/cernelic.hr\/en\/proizvod\/last-minute-by-viccarbe\/","title":{"rendered":"LAST MINUTE by Viccarbe"},"content":{"rendered":"<p>Viccarbe stolice za vanjsku upotrebu \u010diji je strukturni dizajn postao suvremeni klasik.<br \/>\nStolicu \u010dini rotacijski oblikovano sjedalo od polietilena s okvirom od lakiranog \u010delika i osloncem za noge koje je od nehr\u0111aju\u0107eg \u010delika.<\/p>\n","protected":false},"excerpt":{"rendered":"<p>Viccarbe stolice za vanjsku upotrebu \u010diji je strukturni dizajn postao suvremeni klasik. Stolicu \u010dini rotacijski oblikovano sjedalo od polietilena s okvirom od lakiranog \u010delika i osloncem za noge koje je od nehr\u0111aju\u0107eg \u010delika.<\/p>\n","protected":false},"featured_media":92081,"template":"","meta":{"_acf_changed":false},"product_brand":[],"product_cat":[2114,2154,2099,2105,2513,2061,2098,2068,2115,2155,2100,2070,2126,2157,2109,2125,2158,2080,2116,2156,2104,2075,2073,2087,2088,2091,2124],"product_tag":[],"berocket_brand":[1158],"class_list":{"0":"post-92637","1":"product","2":"type-product","3":"status-publish","4":"has-post-thumbnail","6":"product_cat-proizvodi-stolice-barske-stolice-za-unutarnje-prostore","7":"product_cat-proizvodi-stolice-barske-stolice-za-vanjske-prostore","8":"product_cat-horeca-prostori-horeca","9":"product_cat-javni","10":"product_cat-outdoor","11":"product_cat-proizvodi","12":"product_cat-prostori-horeca","13":"product_cat-prostori","14":"product_cat-prostori-horeca-barske-stolice-za-unutarnje-prostore","15":"product_cat-prostori-horeca-barske-stolice-za-vanjske-prostore","16":"product_cat-prostori-horeca-stolice-za-unutarnje-prostore","17":"product_cat-prostori-horeca-stolice-za-vanjske-prostore","18":"product_cat-prostori-javni-barske-stolice-za-unutarnje-prostore","19":"product_cat-prostori-javni-barske-stolice-za-vanjske-prostore","20":"product_cat-prostori-javni-stolice-za-unutarnje-prostore","21":"product_cat-prostori-javni-stolice-za-vanjske-prostore","22":"product_cat-prostori-outdoor-barske-stolice-za-vanjske-prostore","23":"product_cat-prostori-outdoor-stolice-za-vanjske-prostore","24":"product_cat-prostori-rezidencijalni-barske-stolice-za-unutarnje-prostore","25":"product_cat-prostori-rezidencijalni-barske-stolice-za-vanjske-prostore","26":"product_cat-prostori-rezidencijalni-stolice-za-unutarnje-prostore","27":"product_cat-prostori-rezidencijalni-stolice-za-vanjske-prostore","28":"product_cat-rezidencijalni","29":"product_cat-stolice","30":"product_cat-proizvodi-stolice-stolice-za-cekaonice","31":"product_cat-proizvodi-stolice-stolice-za-unutarnje-prostore","32":"product_cat-proizvodi-stolice-stolice-za-vanjske-prostore","33":"berocket_brand-viccarbe","35":"first","36":"instock","37":"product-type-grouped"},"acf":[],"_links":{"self":[{"href":"https:\/\/cernelic.hr\/en\/wp-json\/wp\/v2\/product\/92637","targetHints":{"allow":["GET"]}}],"collection":[{"href":"https:\/\/cernelic.hr\/en\/wp-json\/wp\/v2\/product"}],"about":[{"href":"https:\/\/cernelic.hr\/en\/wp-json\/wp\/v2\/types\/product"}],"wp:featuredmedia":[{"embeddable":true,"href":"https:\/\/cernelic.hr\/en\/wp-json\/wp\/v2\/media\/92081"}],"wp:attachment":[{"href":"https:\/\/cernelic.hr\/en\/wp-json\/wp\/v2\/media?parent=92637"}],"wp:term":[{"taxonomy":"product_brand","embeddable":true,"href":"https:\/\/cernelic.hr\/en\/wp-json\/wp\/v2\/product_brand?post=92637"},{"taxonomy":"product_cat","embeddable":true,"href":"https:\/\/cernelic.hr\/en\/wp-json\/wp\/v2\/product_cat?post=92637"},{"taxonomy":"product_tag","embeddable":true,"href":"https:\/\/cernelic.hr\/en\/wp-json\/wp\/v2\/product_tag?post=92637"},{"taxonomy":"berocket_brand","embeddable":true,"href":"https:\/\/cernelic.hr\/en\/wp-json\/wp\/v2\/berocket_brand?post=92637"}],"curies":[{"name":"wp","href":"https:\/\/api.w.org\/{rel}","templated":true}]}}