{"id":92639,"date":"2021-03-19T13:22:35","date_gmt":"2021-03-19T13:22:35","guid":{"rendered":"https:\/\/cernelic.hr\/katalog\/Bez%20kategorije\/maarten-by-viccarbe-2\/"},"modified":"2023-12-08T02:33:44","modified_gmt":"2023-12-08T02:33:44","slug":"maarten-by-viccarbe","status":"publish","type":"product","link":"https:\/\/cernelic.hr\/en\/proizvod\/maarten-by-viccarbe\/","title":{"rendered":"MAARTEN by Viccarbe"},"content":{"rendered":"<p>Viccarbe stolica ugodne estetike koja dodaje karakter svakoj sobi. Glatki obrisi njezine siluete pravilno podr\u017eavaju le\u0111a osiguravaju\u0107i dugotrajnu udobnost. Njena lakirana \u010deli\u010dna cijevna struktura i pa\u017eljivo izra\u0111eno, elegantno tapecirano sjedalo podsje\u0107aju na klasike 70-ih. Optimalna je za ure\u0111enje doma ili opremanje javnih objakata.<\/p>\n","protected":false},"excerpt":{"rendered":"<p>Viccarbe stolica ugodne estetike koja dodaje karakter svakoj sobi. Glatki obrisi njezine siluete pravilno podr\u017eavaju le\u0111a osiguravaju\u0107i dugotrajnu udobnost. Njena lakirana \u010deli\u010dna cijevna struktura i pa\u017eljivo izra\u0111eno, elegantno tapecirano sjedalo podsje\u0107aju na klasike 70-ih. Optimalna je za ure\u0111enje doma ili opremanje javnih objakata.<\/p>\n","protected":false},"featured_media":92085,"template":"","meta":{"_acf_changed":false},"product_brand":[],"product_cat":[2114,2111,2062,2099,2105,2090,2085,2061,2083,2082,2086,2098,2068,2117,2115,2101,2100,2126,2108,2109,2116,2103,2104,2094,2093,2073,2087,2088,2113,2091,2092],"product_tag":[],"berocket_brand":[1158],"class_list":{"0":"post-92639","1":"product","2":"type-product","3":"status-publish","4":"has-post-thumbnail","6":"product_cat-proizvodi-stolice-barske-stolice-za-unutarnje-prostore","7":"product_cat-dvorane","8":"product_cat-fotelje-i-garniture-za-sjedenje","9":"product_cat-horeca-prostori-horeca","10":"product_cat-javni","11":"product_cat-proizvodi-stolice-stolice-za-sastanke","12":"product_cat-namjestaj-za-urede","13":"product_cat-proizvodi","14":"product_cat-proizvodi-fotelje-garniture-fotelje-i-garniture-za-cekaone-i-predprostore","15":"product_cat-proizvodi-fotelje-garniture-fotelje-i-garniture-unutarnje-prostore","16":"product_cat-proizvodi-namjestaj-za-urede-fotelje-garniture-za-neformalne-sastanke","17":"product_cat-prostori-horeca","18":"product_cat-prostori","19":"product_cat-prostori-dvorane-fotelje-i-garniture-za-unutarnje-prostore","20":"product_cat-prostori-horeca-barske-stolice-za-unutarnje-prostore","21":"product_cat-prostori-horeca-fotelje-i-garniture-za-unutarnje-prostore","22":"product_cat-prostori-horeca-stolice-za-unutarnje-prostore","23":"product_cat-prostori-javni-barske-stolice-za-unutarnje-prostore","24":"product_cat-prostori-javni-fotelje-i-garniture-za-unutarnje-prostore","25":"product_cat-prostori-javni-stolice-za-unutarnje-prostore","26":"product_cat-prostori-rezidencijalni-barske-stolice-za-unutarnje-prostore","27":"product_cat-prostori-rezidencijalni-fotelje-i-garniture-za-unutarnje-prostore","28":"product_cat-prostori-rezidencijalni-stolice-za-unutarnje-prostore","29":"product_cat-prostori-uredi-fotelje-i-garniture-za-sjedenje","30":"product_cat-prostori-uredi-stolice-za-sastanke","31":"product_cat-rezidencijalni","32":"product_cat-stolice","33":"product_cat-proizvodi-stolice-stolice-za-cekaonice","34":"product_cat-proizvodi-namjestaj-za-urede-stolice-za-sastanke","35":"product_cat-proizvodi-stolice-stolice-za-unutarnje-prostore","36":"product_cat-uredi","37":"berocket_brand-viccarbe","39":"first","40":"instock","41":"product-type-grouped"},"acf":[],"_links":{"self":[{"href":"https:\/\/cernelic.hr\/en\/wp-json\/wp\/v2\/product\/92639","targetHints":{"allow":["GET"]}}],"collection":[{"href":"https:\/\/cernelic.hr\/en\/wp-json\/wp\/v2\/product"}],"about":[{"href":"https:\/\/cernelic.hr\/en\/wp-json\/wp\/v2\/types\/product"}],"wp:featuredmedia":[{"embeddable":true,"href":"https:\/\/cernelic.hr\/en\/wp-json\/wp\/v2\/media\/92085"}],"wp:attachment":[{"href":"https:\/\/cernelic.hr\/en\/wp-json\/wp\/v2\/media?parent=92639"}],"wp:term":[{"taxonomy":"product_brand","embeddable":true,"href":"https:\/\/cernelic.hr\/en\/wp-json\/wp\/v2\/product_brand?post=92639"},{"taxonomy":"product_cat","embeddable":true,"href":"https:\/\/cernelic.hr\/en\/wp-json\/wp\/v2\/product_cat?post=92639"},{"taxonomy":"product_tag","embeddable":true,"href":"https:\/\/cernelic.hr\/en\/wp-json\/wp\/v2\/product_tag?post=92639"},{"taxonomy":"berocket_brand","embeddable":true,"href":"https:\/\/cernelic.hr\/en\/wp-json\/wp\/v2\/berocket_brand?post=92639"}],"curies":[{"name":"wp","href":"https:\/\/api.w.org\/{rel}","templated":true}]}}