{"id":92641,"date":"2021-03-19T13:22:35","date_gmt":"2021-03-19T13:22:35","guid":{"rendered":"https:\/\/cernelic.hr\/katalog\/Bez%20kategorije\/maarten-table-by-viccarbe-2\/"},"modified":"2023-12-08T02:33:42","modified_gmt":"2023-12-08T02:33:42","slug":"maarten-table-by-viccarbe","status":"publish","type":"product","link":"https:\/\/cernelic.hr\/en\/proizvod\/maarten-table-by-viccarbe\/","title":{"rendered":"MAARTEN Table by Viccarbe"},"content":{"rendered":"<p>Stolni sustav temelji se na tehni\u010dkom minimalisti\u010dkom rje\u0161enju nogu koje ne zahtijeva strukturu i mo\u017ee se pri\u010dvrstiti izravno na povr\u0161inu stola.<br \/>\nBez strukture i s debljinom povr\u0161ine stola od samo 5 mm dobiva veliku vizualnu lako\u0107u.<br \/>\nOvaj inovativni sustav ima beskrajne namjene, zavr\u0161ne obrade i formate.<br \/>\nViccarbe \u201eMaarten\u201c je zbirka stolova i nadopuna koja omogu\u0107uje mnoge kompozicije i zavr\u0161ne obrade.<br \/>\nRadna povr\u0161ina debljine 30 mm izra\u0111ena je od MDF-a s mikro teksturom. Lakiran je jednom od zavr\u0161nih obrada na\u0161e kolekcije, \u0161to ga \u010dini vrlo otpornim na ogrebotine.<\/p>\n","protected":false},"excerpt":{"rendered":"<p>Stolni sustav temelji se na tehni\u010dkom minimalisti\u010dkom rje\u0161enju nogu koje ne zahtijeva strukturu i mo\u017ee se pri\u010dvrstiti izravno na povr\u0161inu stola. Bez strukture i s debljinom povr\u0161ine stola od samo 5 mm dobiva veliku vizualnu lako\u0107u. Ovaj inovativni sustav ima beskrajne namjene, zavr\u0161ne obrade i formate. Viccarbe \u201eMaarten\u201c je zbirka stolova i nadopuna koja omogu\u0107uje [&hellip;]<\/p>\n","protected":false},"featured_media":92084,"template":"","meta":{"_acf_changed":false},"product_brand":[],"product_cat":[2514,2234,2105,2119,2061,2131,2068,2138,2140,2121,2139,2137,2073,2118,2132,2133,2135,2163,2092],"product_tag":[],"berocket_brand":[1158],"class_list":{"0":"post-92641","1":"product","2":"type-product","3":"status-publish","4":"has-post-thumbnail","6":"product_cat-accessories","7":"product_cat-proizvodi-stolovi-akusticne-i-zastitne-pregrade-za-stolove","8":"product_cat-javni","9":"product_cat-proizvodi-stolovi-niski-stolovi-za-unutarnje-prostore","10":"product_cat-proizvodi","11":"product_cat-proizvodi-accessories-elektrifikacija-i-cable-management","12":"product_cat-prostori","13":"product_cat-prostori-horeca-stolovi-za-unutarnje-prostore","14":"product_cat-prostori-javni-stolovi-za-unutarnje-prostore","15":"product_cat-prostori-rezidencijalni-niski-klubski-stolici-za-unutarnje-prostore","16":"product_cat-prostori-rezidencijalni-stolovi-za-unutarnje-prostore","17":"product_cat-prostori-uredi-home-office","18":"product_cat-rezidencijalni","19":"product_cat-stolovi","20":"product_cat-proizvodi-stolovi-stolovi-za-kucni-ured","21":"product_cat-proizvodi-stolovi-stolovi-za-sastanke-i-konferencije","22":"product_cat-proizvodi-stolovi-stolovi-za-unutarnje-prostore","23":"product_cat-proizvodi-stolovi-stolovi-za-urede","24":"product_cat-uredi","25":"berocket_brand-viccarbe","27":"first","28":"instock","29":"product-type-grouped"},"acf":[],"_links":{"self":[{"href":"https:\/\/cernelic.hr\/en\/wp-json\/wp\/v2\/product\/92641","targetHints":{"allow":["GET"]}}],"collection":[{"href":"https:\/\/cernelic.hr\/en\/wp-json\/wp\/v2\/product"}],"about":[{"href":"https:\/\/cernelic.hr\/en\/wp-json\/wp\/v2\/types\/product"}],"wp:featuredmedia":[{"embeddable":true,"href":"https:\/\/cernelic.hr\/en\/wp-json\/wp\/v2\/media\/92084"}],"wp:attachment":[{"href":"https:\/\/cernelic.hr\/en\/wp-json\/wp\/v2\/media?parent=92641"}],"wp:term":[{"taxonomy":"product_brand","embeddable":true,"href":"https:\/\/cernelic.hr\/en\/wp-json\/wp\/v2\/product_brand?post=92641"},{"taxonomy":"product_cat","embeddable":true,"href":"https:\/\/cernelic.hr\/en\/wp-json\/wp\/v2\/product_cat?post=92641"},{"taxonomy":"product_tag","embeddable":true,"href":"https:\/\/cernelic.hr\/en\/wp-json\/wp\/v2\/product_tag?post=92641"},{"taxonomy":"berocket_brand","embeddable":true,"href":"https:\/\/cernelic.hr\/en\/wp-json\/wp\/v2\/berocket_brand?post=92641"}],"curies":[{"name":"wp","href":"https:\/\/api.w.org\/{rel}","templated":true}]}}