{"id":92642,"date":"2021-03-19T13:22:35","date_gmt":"2021-03-19T13:22:35","guid":{"rendered":"https:\/\/cernelic.hr\/katalog\/Bez%20kategorije\/nagi-by-viccarbe-2\/"},"modified":"2023-12-08T02:33:46","modified_gmt":"2023-12-08T02:33:46","slug":"nagi-by-viccarbe","status":"publish","type":"product","link":"https:\/\/cernelic.hr\/en\/proizvod\/nagi-by-viccarbe\/","title":{"rendered":"NAGI by Viccarbe"},"content":{"rendered":"<p>Nagi je savr\u0161eno mjesto za razmi\u0161ljanje, odmor i opu\u0161tanje. Njegova \u010detiri slova u imenu zna\u010de &#8220;&#8221;mirne vode&#8221;&#8221; na japanskom, stoga se taj koncept materijalizira u dizajnu ove fotelje. Viccarbe elegantni naslonja\u010d ro\u0111en je da postane klasik.<br \/>\nDobro prou\u010dene proporcije i suptilna unutarnja \u010deli\u010dna struktura prekrivena posebno oblikovanom poliuretanskom pjenom \u010dine prodaju fotelje novom ikonom bilo kojeg prostora.<\/p>\n","protected":false},"excerpt":{"rendered":"<p>Nagi je savr\u0161eno mjesto za razmi\u0161ljanje, odmor i opu\u0161tanje. Njegova \u010detiri slova u imenu zna\u010de &#8220;&#8221;mirne vode&#8221;&#8221; na japanskom, stoga se taj koncept materijalizira u dizajnu ove fotelje. Viccarbe elegantni naslonja\u010d ro\u0111en je da postane klasik. Dobro prou\u010dene proporcije i suptilna unutarnja \u010deli\u010dna struktura prekrivena posebno oblikovanom poliuretanskom pjenom \u010dine prodaju fotelje novom ikonom bilo [&hellip;]<\/p>\n","protected":false},"featured_media":92086,"template":"","meta":{"_acf_changed":false},"product_brand":[],"product_cat":[2111,2062,2105,2061,2083,2082,2068,2117,2101,2108,2103,2094,2073,2092],"product_tag":[],"berocket_brand":[1158],"class_list":{"0":"post-92642","1":"product","2":"type-product","3":"status-publish","4":"has-post-thumbnail","6":"product_cat-dvorane","7":"product_cat-fotelje-i-garniture-za-sjedenje","8":"product_cat-javni","9":"product_cat-proizvodi","10":"product_cat-proizvodi-fotelje-garniture-fotelje-i-garniture-za-cekaone-i-predprostore","11":"product_cat-proizvodi-fotelje-garniture-fotelje-i-garniture-unutarnje-prostore","12":"product_cat-prostori","13":"product_cat-prostori-dvorane-fotelje-i-garniture-za-unutarnje-prostore","14":"product_cat-prostori-horeca-fotelje-i-garniture-za-unutarnje-prostore","15":"product_cat-prostori-javni-fotelje-i-garniture-za-unutarnje-prostore","16":"product_cat-prostori-rezidencijalni-fotelje-i-garniture-za-unutarnje-prostore","17":"product_cat-prostori-uredi-fotelje-i-garniture-za-sjedenje","18":"product_cat-rezidencijalni","19":"product_cat-uredi","20":"berocket_brand-viccarbe","22":"first","23":"instock","24":"product-type-grouped"},"acf":[],"_links":{"self":[{"href":"https:\/\/cernelic.hr\/en\/wp-json\/wp\/v2\/product\/92642","targetHints":{"allow":["GET"]}}],"collection":[{"href":"https:\/\/cernelic.hr\/en\/wp-json\/wp\/v2\/product"}],"about":[{"href":"https:\/\/cernelic.hr\/en\/wp-json\/wp\/v2\/types\/product"}],"wp:featuredmedia":[{"embeddable":true,"href":"https:\/\/cernelic.hr\/en\/wp-json\/wp\/v2\/media\/92086"}],"wp:attachment":[{"href":"https:\/\/cernelic.hr\/en\/wp-json\/wp\/v2\/media?parent=92642"}],"wp:term":[{"taxonomy":"product_brand","embeddable":true,"href":"https:\/\/cernelic.hr\/en\/wp-json\/wp\/v2\/product_brand?post=92642"},{"taxonomy":"product_cat","embeddable":true,"href":"https:\/\/cernelic.hr\/en\/wp-json\/wp\/v2\/product_cat?post=92642"},{"taxonomy":"product_tag","embeddable":true,"href":"https:\/\/cernelic.hr\/en\/wp-json\/wp\/v2\/product_tag?post=92642"},{"taxonomy":"berocket_brand","embeddable":true,"href":"https:\/\/cernelic.hr\/en\/wp-json\/wp\/v2\/berocket_brand?post=92642"}],"curies":[{"name":"wp","href":"https:\/\/api.w.org\/{rel}","templated":true}]}}