{"id":92644,"date":"2021-03-19T13:25:51","date_gmt":"2021-03-19T13:25:51","guid":{"rendered":"https:\/\/cernelic.hr\/katalog\/Bez%20kategorije\/quadra-by-viccarbe-2\/"},"modified":"2023-12-08T02:33:49","modified_gmt":"2023-12-08T02:33:49","slug":"quadra-by-viccarbe","status":"publish","type":"product","link":"https:\/\/cernelic.hr\/en\/proizvod\/quadra-by-viccarbe\/","title":{"rendered":"QUADRA by Viccarbe"},"content":{"rendered":"<p>Vo\u0111en \u017eeljom za stvaranjem koherentnog i uravnote\u017eenog dizajna, pedantan rad Maria Ferrarinija oblikovao je nove udobne stolice s profinjenim i sinteti\u010dkim proporcijama.<br \/>\nOblik metalne strukture predstavlja jasno slavljenje elegancije kompasa i savr\u0161enstvo crta\u010dkog kvadrata koji se tipi\u010dno nalazi u arhitektonskoj areni. Dizajn kojim bi se ponosio svaki arhitektonski ured.<\/p>\n","protected":false},"excerpt":{"rendered":"<p>Vo\u0111en \u017eeljom za stvaranjem koherentnog i uravnote\u017eenog dizajna, pedantan rad Maria Ferrarinija oblikovao je nove udobne stolice s profinjenim i sinteti\u010dkim proporcijama. Oblik metalne strukture predstavlja jasno slavljenje elegancije kompasa i savr\u0161enstvo crta\u010dkog kvadrata koji se tipi\u010dno nalazi u arhitektonskoj areni. Dizajn kojim bi se ponosio svaki arhitektonski ured.<\/p>\n","protected":false},"featured_media":92088,"template":"","meta":{"_acf_changed":false},"product_brand":[],"product_cat":[2111,2099,2105,2090,2085,2061,2098,2068,2164,2102,2100,2109,2104,2073,2087,2088,2113,2091],"product_tag":[],"berocket_brand":[1158],"class_list":{"0":"post-92644","1":"product","2":"type-product","3":"status-publish","4":"has-post-thumbnail","6":"product_cat-dvorane","7":"product_cat-horeca-prostori-horeca","8":"product_cat-javni","9":"product_cat-proizvodi-stolice-stolice-za-sastanke","10":"product_cat-namjestaj-za-urede","11":"product_cat-proizvodi","12":"product_cat-prostori-horeca","13":"product_cat-prostori","14":"product_cat-prostori-dvorane-visenamjenske-i-pomicne-sjedalice-za-dvorane","15":"product_cat-prostori-horeca-stolice-za-kongresne-dvorane","16":"product_cat-prostori-horeca-stolice-za-unutarnje-prostore","17":"product_cat-prostori-javni-stolice-za-unutarnje-prostore","18":"product_cat-prostori-rezidencijalni-stolice-za-unutarnje-prostore","19":"product_cat-rezidencijalni","20":"product_cat-stolice","21":"product_cat-proizvodi-stolice-stolice-za-cekaonice","22":"product_cat-proizvodi-namjestaj-za-urede-stolice-za-sastanke","23":"product_cat-proizvodi-stolice-stolice-za-unutarnje-prostore","24":"berocket_brand-viccarbe","26":"first","27":"instock","28":"product-type-grouped"},"acf":[],"_links":{"self":[{"href":"https:\/\/cernelic.hr\/en\/wp-json\/wp\/v2\/product\/92644","targetHints":{"allow":["GET"]}}],"collection":[{"href":"https:\/\/cernelic.hr\/en\/wp-json\/wp\/v2\/product"}],"about":[{"href":"https:\/\/cernelic.hr\/en\/wp-json\/wp\/v2\/types\/product"}],"wp:featuredmedia":[{"embeddable":true,"href":"https:\/\/cernelic.hr\/en\/wp-json\/wp\/v2\/media\/92088"}],"wp:attachment":[{"href":"https:\/\/cernelic.hr\/en\/wp-json\/wp\/v2\/media?parent=92644"}],"wp:term":[{"taxonomy":"product_brand","embeddable":true,"href":"https:\/\/cernelic.hr\/en\/wp-json\/wp\/v2\/product_brand?post=92644"},{"taxonomy":"product_cat","embeddable":true,"href":"https:\/\/cernelic.hr\/en\/wp-json\/wp\/v2\/product_cat?post=92644"},{"taxonomy":"product_tag","embeddable":true,"href":"https:\/\/cernelic.hr\/en\/wp-json\/wp\/v2\/product_tag?post=92644"},{"taxonomy":"berocket_brand","embeddable":true,"href":"https:\/\/cernelic.hr\/en\/wp-json\/wp\/v2\/berocket_brand?post=92644"}],"curies":[{"name":"wp","href":"https:\/\/api.w.org\/{rel}","templated":true}]}}