{"id":92645,"date":"2021-03-19T13:25:51","date_gmt":"2021-03-19T13:25:51","guid":{"rendered":"https:\/\/cernelic.hr\/katalog\/Bez%20kategorije\/ryutaro-table-by-viccarbe-2\/"},"modified":"2023-12-08T02:33:51","modified_gmt":"2023-12-08T02:33:51","slug":"ryutaro-table-by-viccarbe","status":"publish","type":"product","link":"https:\/\/cernelic.hr\/en\/proizvod\/ryutaro-table-by-viccarbe\/","title":{"rendered":"RYUTARO Table by Viccarbe"},"content":{"rendered":"<p>Polivalentni stolovi dizajnirani u minimalisti\u010dkom, prepoznatljivom stilu \u010dije \u010deli\u010dne noge stvaraju jedinstven izgled. Zahvaljuju\u0107i vi\u0161estrukim opcijama zavr\u0161ne obrade ovaj Viccarbe stol mo\u017ee se koristiti na brojnim mjestima, bilo kod ku\u0107e ili u razli\u010ditim arhitektonskim konfiguracijama.<\/p>\n","protected":false},"excerpt":{"rendered":"<p>Polivalentni stolovi dizajnirani u minimalisti\u010dkom, prepoznatljivom stilu \u010dije \u010deli\u010dne noge stvaraju jedinstven izgled. Zahvaljuju\u0107i vi\u0161estrukim opcijama zavr\u0161ne obrade ovaj Viccarbe stol mo\u017ee se koristiti na brojnim mjestima, bilo kod ku\u0107e ili u razli\u010ditim arhitektonskim konfiguracijama.<\/p>\n","protected":false},"featured_media":92089,"template":"","meta":{"_acf_changed":false},"product_brand":[],"product_cat":[2105,2119,2061,2068,2138,2140,2121,2073,2118],"product_tag":[],"berocket_brand":[1158],"class_list":{"0":"post-92645","1":"product","2":"type-product","3":"status-publish","4":"has-post-thumbnail","6":"product_cat-javni","7":"product_cat-proizvodi-stolovi-niski-stolovi-za-unutarnje-prostore","8":"product_cat-proizvodi","9":"product_cat-prostori","10":"product_cat-prostori-horeca-stolovi-za-unutarnje-prostore","11":"product_cat-prostori-javni-stolovi-za-unutarnje-prostore","12":"product_cat-prostori-rezidencijalni-niski-klubski-stolici-za-unutarnje-prostore","13":"product_cat-rezidencijalni","14":"product_cat-stolovi","15":"berocket_brand-viccarbe","17":"first","18":"instock","19":"product-type-grouped"},"acf":[],"_links":{"self":[{"href":"https:\/\/cernelic.hr\/en\/wp-json\/wp\/v2\/product\/92645","targetHints":{"allow":["GET"]}}],"collection":[{"href":"https:\/\/cernelic.hr\/en\/wp-json\/wp\/v2\/product"}],"about":[{"href":"https:\/\/cernelic.hr\/en\/wp-json\/wp\/v2\/types\/product"}],"wp:featuredmedia":[{"embeddable":true,"href":"https:\/\/cernelic.hr\/en\/wp-json\/wp\/v2\/media\/92089"}],"wp:attachment":[{"href":"https:\/\/cernelic.hr\/en\/wp-json\/wp\/v2\/media?parent=92645"}],"wp:term":[{"taxonomy":"product_brand","embeddable":true,"href":"https:\/\/cernelic.hr\/en\/wp-json\/wp\/v2\/product_brand?post=92645"},{"taxonomy":"product_cat","embeddable":true,"href":"https:\/\/cernelic.hr\/en\/wp-json\/wp\/v2\/product_cat?post=92645"},{"taxonomy":"product_tag","embeddable":true,"href":"https:\/\/cernelic.hr\/en\/wp-json\/wp\/v2\/product_tag?post=92645"},{"taxonomy":"berocket_brand","embeddable":true,"href":"https:\/\/cernelic.hr\/en\/wp-json\/wp\/v2\/berocket_brand?post=92645"}],"curies":[{"name":"wp","href":"https:\/\/api.w.org\/{rel}","templated":true}]}}