{"id":92646,"date":"2021-03-19T13:25:51","date_gmt":"2021-03-19T13:25:51","guid":{"rendered":"https:\/\/cernelic.hr\/katalog\/Bez%20kategorije\/season-by-viccarbe-2\/"},"modified":"2023-12-08T02:33:52","modified_gmt":"2023-12-08T02:33:52","slug":"season-by-viccarbe","status":"publish","type":"product","link":"https:\/\/cernelic.hr\/en\/proizvod\/season-by-viccarbe\/","title":{"rendered":"SEASON by Viccarbe"},"content":{"rendered":"<p>Originalni tapecirani modularni namje\u0161taj koji je zbog svoje za\u0161titne presvlake idealan za opremanje restorana. Njegovi skriveni kota\u010di i izvanredna udobnost iznena\u0111uju s obzirom na njegov diskretan izgled. Ugodan i chic za bilo koji dizajn interijera.<\/p>\n","protected":false},"excerpt":{"rendered":"<p>Originalni tapecirani modularni namje\u0161taj koji je zbog svoje za\u0161titne presvlake idealan za opremanje restorana. Njegovi skriveni kota\u010di i izvanredna udobnost iznena\u0111uju s obzirom na njegov diskretan izgled. Ugodan i chic za bilo koji dizajn interijera.<\/p>\n","protected":false},"featured_media":92090,"template":"","meta":{"_acf_changed":false},"product_brand":[],"product_cat":[2111,2062,2099,2105,2061,2083,2082,2127,2122,2098,2068,2117,2101,2129,2100,2108,2109,2103,2104,2094,2073,2087,2088,2091,2092],"product_tag":[],"berocket_brand":[1158],"class_list":{"0":"post-92646","1":"product","2":"type-product","3":"status-publish","4":"has-post-thumbnail","6":"product_cat-dvorane","7":"product_cat-fotelje-i-garniture-za-sjedenje","8":"product_cat-horeca-prostori-horeca","9":"product_cat-javni","10":"product_cat-proizvodi","11":"product_cat-proizvodi-fotelje-garniture-fotelje-i-garniture-za-cekaone-i-predprostore","12":"product_cat-proizvodi-fotelje-garniture-fotelje-i-garniture-unutarnje-prostore","13":"product_cat-proizvodi-fotelje-garniture-klupe-i-separei","14":"product_cat-proizvodi-fotelje-garniture-taburei","15":"product_cat-prostori-horeca","16":"product_cat-prostori","17":"product_cat-prostori-dvorane-fotelje-i-garniture-za-unutarnje-prostore","18":"product_cat-prostori-horeca-fotelje-i-garniture-za-unutarnje-prostore","19":"product_cat-prostori-horeca-klupe-i-separei","20":"product_cat-prostori-horeca-stolice-za-unutarnje-prostore","21":"product_cat-prostori-javni-fotelje-i-garniture-za-unutarnje-prostore","22":"product_cat-prostori-javni-stolice-za-unutarnje-prostore","23":"product_cat-prostori-rezidencijalni-fotelje-i-garniture-za-unutarnje-prostore","24":"product_cat-prostori-rezidencijalni-stolice-za-unutarnje-prostore","25":"product_cat-prostori-uredi-fotelje-i-garniture-za-sjedenje","26":"product_cat-rezidencijalni","27":"product_cat-stolice","28":"product_cat-proizvodi-stolice-stolice-za-cekaonice","29":"product_cat-proizvodi-stolice-stolice-za-unutarnje-prostore","30":"product_cat-uredi","31":"berocket_brand-viccarbe","33":"first","34":"instock","35":"product-type-grouped"},"acf":[],"_links":{"self":[{"href":"https:\/\/cernelic.hr\/en\/wp-json\/wp\/v2\/product\/92646","targetHints":{"allow":["GET"]}}],"collection":[{"href":"https:\/\/cernelic.hr\/en\/wp-json\/wp\/v2\/product"}],"about":[{"href":"https:\/\/cernelic.hr\/en\/wp-json\/wp\/v2\/types\/product"}],"wp:featuredmedia":[{"embeddable":true,"href":"https:\/\/cernelic.hr\/en\/wp-json\/wp\/v2\/media\/92090"}],"wp:attachment":[{"href":"https:\/\/cernelic.hr\/en\/wp-json\/wp\/v2\/media?parent=92646"}],"wp:term":[{"taxonomy":"product_brand","embeddable":true,"href":"https:\/\/cernelic.hr\/en\/wp-json\/wp\/v2\/product_brand?post=92646"},{"taxonomy":"product_cat","embeddable":true,"href":"https:\/\/cernelic.hr\/en\/wp-json\/wp\/v2\/product_cat?post=92646"},{"taxonomy":"product_tag","embeddable":true,"href":"https:\/\/cernelic.hr\/en\/wp-json\/wp\/v2\/product_tag?post=92646"},{"taxonomy":"berocket_brand","embeddable":true,"href":"https:\/\/cernelic.hr\/en\/wp-json\/wp\/v2\/berocket_brand?post=92646"}],"curies":[{"name":"wp","href":"https:\/\/api.w.org\/{rel}","templated":true}]}}