{"id":92649,"date":"2021-03-19T13:25:51","date_gmt":"2021-03-19T13:25:51","guid":{"rendered":"https:\/\/cernelic.hr\/katalog\/Bez%20kategorije\/sistema-legs-or-floor-by-viccarbe-2\/"},"modified":"2023-12-08T02:33:58","modified_gmt":"2023-12-08T02:33:58","slug":"sistema-legs-or-floor-by-viccarbe","status":"publish","type":"product","link":"https:\/\/cernelic.hr\/en\/proizvod\/sistema-legs-or-floor-by-viccarbe\/","title":{"rendered":"SISTEMA LEGS or FLOOR by Viccarbe"},"content":{"rendered":"<p>U Viccarbeu godinama su sanjali o stvaranju druga\u010dijeg tipa trosjeda: druga\u010dijeg od svega \u0161to se mo\u017ee prona\u0107i na tr\u017ei\u0161tu. Ne\u010dega \u0161to prodaja tipskog namje\u0161taja jo\u0161 nije vidjela. Vizija je bila vrlo ambiciozna. \u017dele biti prva tvrtka koja \u0107e stvoriti ne samo trosjed, ve\u0107 i kompletan sustav sastavljen od neovisnih elemenata. Dakle, po prvi put klijent mo\u017ee sastaviti i prilagoditi trosjed koriste\u0107i ma\u0161tu prema svom ukusu, potrebama i zahtjevima.<br \/>\nCijeli niz razli\u010ditih naslona za ruke, za le\u0111a, sjedala i dodataka za odabir. Ovi elementi \u0107e se svake godine pro\u0161irivati novim razvijenim komponentama, stvaraju\u0107i tako inovativan koncept koji se prilago\u0111ava svakoj situaciji, do sada nikad vi\u0111en.<br \/>\nJako nas zanima koliko \u0107e kompozicija na\u0161i klijenti stvoriti i prilagoditi kako bi odgovarali ku\u0107nom ili radnom okru\u017eenju.<br \/>\nNakon patentiranja na\u0161e ideje, sljede\u0107i korak je bio odlu\u010diti s kojim dizajnerom \u017eelimo sura\u0111ivati kako bismo o\u017eivjeli osjetljivost i eleganciju, kako bismo stvorili samostalne elemente koji \u0107e se me\u0111usobno skladno kombinirati u neodoljive garniture za sjedenje.<br \/>\nVe\u0107 dugo se divimo dizajnerskom timu Lievore Altherr Molina. Njihova briga i detalji o proporcijama u\u010dinili su ih vode\u0107im u stvaranju remek-djela&#8230; pa je na\u0161a odluka o suradnji s njima bila laka, a oni su bili ni\u0161ta manje nego savr\u0161eni za ovaj projekt.<\/p>\n","protected":false},"excerpt":{"rendered":"<p>U Viccarbeu godinama su sanjali o stvaranju druga\u010dijeg tipa trosjeda: druga\u010dijeg od svega \u0161to se mo\u017ee prona\u0107i na tr\u017ei\u0161tu. Ne\u010dega \u0161to prodaja tipskog namje\u0161taja jo\u0161 nije vidjela. Vizija je bila vrlo ambiciozna. \u017dele biti prva tvrtka koja \u0107e stvoriti ne samo trosjed, ve\u0107 i kompletan sustav sastavljen od neovisnih elemenata. Dakle, po prvi put klijent [&hellip;]<\/p>\n","protected":false},"featured_media":92093,"template":"","meta":{"_acf_changed":false},"product_brand":[],"product_cat":[2111,2062,2105,2061,2082,2127,2068,2117,2101,2129,2108,2103,2094,2073,2092],"product_tag":[],"berocket_brand":[1158],"class_list":{"0":"post-92649","1":"product","2":"type-product","3":"status-publish","4":"has-post-thumbnail","6":"product_cat-dvorane","7":"product_cat-fotelje-i-garniture-za-sjedenje","8":"product_cat-javni","9":"product_cat-proizvodi","10":"product_cat-proizvodi-fotelje-garniture-fotelje-i-garniture-unutarnje-prostore","11":"product_cat-proizvodi-fotelje-garniture-klupe-i-separei","12":"product_cat-prostori","13":"product_cat-prostori-dvorane-fotelje-i-garniture-za-unutarnje-prostore","14":"product_cat-prostori-horeca-fotelje-i-garniture-za-unutarnje-prostore","15":"product_cat-prostori-horeca-klupe-i-separei","16":"product_cat-prostori-javni-fotelje-i-garniture-za-unutarnje-prostore","17":"product_cat-prostori-rezidencijalni-fotelje-i-garniture-za-unutarnje-prostore","18":"product_cat-prostori-uredi-fotelje-i-garniture-za-sjedenje","19":"product_cat-rezidencijalni","20":"product_cat-uredi","21":"berocket_brand-viccarbe","23":"first","24":"instock","25":"product-type-grouped"},"acf":[],"_links":{"self":[{"href":"https:\/\/cernelic.hr\/en\/wp-json\/wp\/v2\/product\/92649","targetHints":{"allow":["GET"]}}],"collection":[{"href":"https:\/\/cernelic.hr\/en\/wp-json\/wp\/v2\/product"}],"about":[{"href":"https:\/\/cernelic.hr\/en\/wp-json\/wp\/v2\/types\/product"}],"wp:featuredmedia":[{"embeddable":true,"href":"https:\/\/cernelic.hr\/en\/wp-json\/wp\/v2\/media\/92093"}],"wp:attachment":[{"href":"https:\/\/cernelic.hr\/en\/wp-json\/wp\/v2\/media?parent=92649"}],"wp:term":[{"taxonomy":"product_brand","embeddable":true,"href":"https:\/\/cernelic.hr\/en\/wp-json\/wp\/v2\/product_brand?post=92649"},{"taxonomy":"product_cat","embeddable":true,"href":"https:\/\/cernelic.hr\/en\/wp-json\/wp\/v2\/product_cat?post=92649"},{"taxonomy":"product_tag","embeddable":true,"href":"https:\/\/cernelic.hr\/en\/wp-json\/wp\/v2\/product_tag?post=92649"},{"taxonomy":"berocket_brand","embeddable":true,"href":"https:\/\/cernelic.hr\/en\/wp-json\/wp\/v2\/berocket_brand?post=92649"}],"curies":[{"name":"wp","href":"https:\/\/api.w.org\/{rel}","templated":true}]}}