{"id":92650,"date":"2021-03-19T13:25:51","date_gmt":"2021-03-19T13:25:51","guid":{"rendered":"https:\/\/cernelic.hr\/katalog\/Bez%20kategorije\/stan-table-by-viccarbe-2\/"},"modified":"2023-12-08T02:34:02","modified_gmt":"2023-12-08T02:34:02","slug":"stan-table-by-viccarbe","status":"publish","type":"product","link":"https:\/\/cernelic.hr\/en\/proizvod\/stan-table-by-viccarbe\/","title":{"rendered":"STAN Table by Viccarbe"},"content":{"rendered":"<p>Kolekcija stolova za ku\u0107ne i poslovne potrebe.<br \/>\nViccarbe \u201eStan\u201c kolekcija izdvaja se po brojnim veli\u010dinama, zavr\u0161nim obradama i oblicima povr\u0161ina te tri visine koje su dostupne kako bi se postigla prilagodljivost svakom okru\u017eenju. Polivalentni stolovi koje bismo voljeli vidjeti i u na\u0161im domovima.<\/p>\n","protected":false},"excerpt":{"rendered":"<p>Kolekcija stolova za ku\u0107ne i poslovne potrebe. Viccarbe \u201eStan\u201c kolekcija izdvaja se po brojnim veli\u010dinama, zavr\u0161nim obradama i oblicima povr\u0161ina te tri visine koje su dostupne kako bi se postigla prilagodljivost svakom okru\u017eenju. Polivalentni stolovi koje bismo voljeli vidjeti i u na\u0161im domovima.<\/p>\n","protected":false},"featured_media":92095,"template":"","meta":{"_acf_changed":false},"product_brand":[],"product_cat":[2105,2119,2061,2068,2138,2140,2121,2139,2073,2118,2135,2136],"product_tag":[],"berocket_brand":[1158],"class_list":{"0":"post-92650","1":"product","2":"type-product","3":"status-publish","4":"has-post-thumbnail","6":"product_cat-javni","7":"product_cat-proizvodi-stolovi-niski-stolovi-za-unutarnje-prostore","8":"product_cat-proizvodi","9":"product_cat-prostori","10":"product_cat-prostori-horeca-stolovi-za-unutarnje-prostore","11":"product_cat-prostori-javni-stolovi-za-unutarnje-prostore","12":"product_cat-prostori-rezidencijalni-niski-klubski-stolici-za-unutarnje-prostore","13":"product_cat-prostori-rezidencijalni-stolovi-za-unutarnje-prostore","14":"product_cat-rezidencijalni","15":"product_cat-stolovi","16":"product_cat-proizvodi-stolovi-stolovi-za-unutarnje-prostore","17":"product_cat-proizvodi-stolovi-visoki-barski-stolovi-za-unutarnje-prostore","18":"berocket_brand-viccarbe","20":"first","21":"instock","22":"product-type-grouped"},"acf":[],"_links":{"self":[{"href":"https:\/\/cernelic.hr\/en\/wp-json\/wp\/v2\/product\/92650","targetHints":{"allow":["GET"]}}],"collection":[{"href":"https:\/\/cernelic.hr\/en\/wp-json\/wp\/v2\/product"}],"about":[{"href":"https:\/\/cernelic.hr\/en\/wp-json\/wp\/v2\/types\/product"}],"wp:featuredmedia":[{"embeddable":true,"href":"https:\/\/cernelic.hr\/en\/wp-json\/wp\/v2\/media\/92095"}],"wp:attachment":[{"href":"https:\/\/cernelic.hr\/en\/wp-json\/wp\/v2\/media?parent=92650"}],"wp:term":[{"taxonomy":"product_brand","embeddable":true,"href":"https:\/\/cernelic.hr\/en\/wp-json\/wp\/v2\/product_brand?post=92650"},{"taxonomy":"product_cat","embeddable":true,"href":"https:\/\/cernelic.hr\/en\/wp-json\/wp\/v2\/product_cat?post=92650"},{"taxonomy":"product_tag","embeddable":true,"href":"https:\/\/cernelic.hr\/en\/wp-json\/wp\/v2\/product_tag?post=92650"},{"taxonomy":"berocket_brand","embeddable":true,"href":"https:\/\/cernelic.hr\/en\/wp-json\/wp\/v2\/berocket_brand?post=92650"}],"curies":[{"name":"wp","href":"https:\/\/api.w.org\/{rel}","templated":true}]}}