{"id":92651,"date":"2021-03-19T13:25:51","date_gmt":"2021-03-19T13:25:51","guid":{"rendered":"https:\/\/cernelic.hr\/katalog\/Bez%20kategorije\/step-by-viccarbe-2\/"},"modified":"2023-12-08T02:34:04","modified_gmt":"2023-12-08T02:34:04","slug":"step-by-viccarbe","status":"publish","type":"product","link":"https:\/\/cernelic.hr\/en\/proizvod\/step-by-viccarbe\/","title":{"rendered":"STEP by Viccarbe"},"content":{"rendered":"<p>Modularane garniture za sjedenje izuzetnih proporcija, vi\u0161estrukih sastava i iznena\u0111uju\u0107e udobnosti. Njihovi ru\u010dno pro\u0161iveni \u0161avovi dodaju toplinu ovoj jedinstvenoj arhitektonskoj kolekciji idealnoj kako za dom tako i za poslovne objekte.<\/p>\n","protected":false},"excerpt":{"rendered":"<p>Modularane garniture za sjedenje izuzetnih proporcija, vi\u0161estrukih sastava i iznena\u0111uju\u0107e udobnosti. Njihovi ru\u010dno pro\u0161iveni \u0161avovi dodaju toplinu ovoj jedinstvenoj arhitektonskoj kolekciji idealnoj kako za dom tako i za poslovne objekte.<\/p>\n","protected":false},"featured_media":92096,"template":"","meta":{"_acf_changed":false},"product_brand":[],"product_cat":[2111,2062,2105,2061,2082,2122,2068,2117,2101,2108,2103,2094,2073,2092],"product_tag":[],"berocket_brand":[1158],"class_list":{"0":"post-92651","1":"product","2":"type-product","3":"status-publish","4":"has-post-thumbnail","6":"product_cat-dvorane","7":"product_cat-fotelje-i-garniture-za-sjedenje","8":"product_cat-javni","9":"product_cat-proizvodi","10":"product_cat-proizvodi-fotelje-garniture-fotelje-i-garniture-unutarnje-prostore","11":"product_cat-proizvodi-fotelje-garniture-taburei","12":"product_cat-prostori","13":"product_cat-prostori-dvorane-fotelje-i-garniture-za-unutarnje-prostore","14":"product_cat-prostori-horeca-fotelje-i-garniture-za-unutarnje-prostore","15":"product_cat-prostori-javni-fotelje-i-garniture-za-unutarnje-prostore","16":"product_cat-prostori-rezidencijalni-fotelje-i-garniture-za-unutarnje-prostore","17":"product_cat-prostori-uredi-fotelje-i-garniture-za-sjedenje","18":"product_cat-rezidencijalni","19":"product_cat-uredi","20":"berocket_brand-viccarbe","22":"first","23":"instock","24":"product-type-grouped"},"acf":[],"_links":{"self":[{"href":"https:\/\/cernelic.hr\/en\/wp-json\/wp\/v2\/product\/92651","targetHints":{"allow":["GET"]}}],"collection":[{"href":"https:\/\/cernelic.hr\/en\/wp-json\/wp\/v2\/product"}],"about":[{"href":"https:\/\/cernelic.hr\/en\/wp-json\/wp\/v2\/types\/product"}],"wp:featuredmedia":[{"embeddable":true,"href":"https:\/\/cernelic.hr\/en\/wp-json\/wp\/v2\/media\/92096"}],"wp:attachment":[{"href":"https:\/\/cernelic.hr\/en\/wp-json\/wp\/v2\/media?parent=92651"}],"wp:term":[{"taxonomy":"product_brand","embeddable":true,"href":"https:\/\/cernelic.hr\/en\/wp-json\/wp\/v2\/product_brand?post=92651"},{"taxonomy":"product_cat","embeddable":true,"href":"https:\/\/cernelic.hr\/en\/wp-json\/wp\/v2\/product_cat?post=92651"},{"taxonomy":"product_tag","embeddable":true,"href":"https:\/\/cernelic.hr\/en\/wp-json\/wp\/v2\/product_tag?post=92651"},{"taxonomy":"berocket_brand","embeddable":true,"href":"https:\/\/cernelic.hr\/en\/wp-json\/wp\/v2\/berocket_brand?post=92651"}],"curies":[{"name":"wp","href":"https:\/\/api.w.org\/{rel}","templated":true}]}}