{"id":92653,"date":"2021-03-19T13:25:51","date_gmt":"2021-03-19T13:25:51","guid":{"rendered":"https:\/\/cernelic.hr\/katalog\/Bez%20kategorije\/torii-by-viccarbe-2\/"},"modified":"2023-12-08T02:34:07","modified_gmt":"2023-12-08T02:34:07","slug":"torii-by-viccarbe","status":"publish","type":"product","link":"https:\/\/cernelic.hr\/en\/proizvod\/torii-by-viccarbe\/","title":{"rendered":"TORII by Viccarbe"},"content":{"rendered":"<p>Sa svojim \u010distim i bezvremenskim linijama, Viccarbe \u201eTorii\u201c preuzima ime i oblik iz tradicionalne japanske kulture, upu\u0107uju\u0107i na lukove, koji se obi\u010dno nalaze na ulazu u \u0161intoisti\u010dka sveti\u0161ta, koji utjelovljuju granicu izme\u0111u zemaljskih i svetih stvari.<\/p>\n","protected":false},"excerpt":{"rendered":"<p>Sa svojim \u010distim i bezvremenskim linijama, Viccarbe \u201eTorii\u201c preuzima ime i oblik iz tradicionalne japanske kulture, upu\u0107uju\u0107i na lukove, koji se obi\u010dno nalaze na ulazu u \u0161intoisti\u010dka sveti\u0161ta, koji utjelovljuju granicu izme\u0111u zemaljskih i svetih stvari.<\/p>\n","protected":false},"featured_media":92098,"template":"","meta":{"_acf_changed":false},"product_brand":[],"product_cat":[2062,2105,2061,2127,2068,2129,2108,2103,2095,2073,2092],"product_tag":[],"berocket_brand":[1158],"class_list":{"0":"post-92653","1":"product","2":"type-product","3":"status-publish","4":"has-post-thumbnail","6":"product_cat-fotelje-i-garniture-za-sjedenje","7":"product_cat-javni","8":"product_cat-proizvodi","9":"product_cat-proizvodi-fotelje-garniture-klupe-i-separei","10":"product_cat-prostori","11":"product_cat-prostori-horeca-klupe-i-separei","12":"product_cat-prostori-javni-fotelje-i-garniture-za-unutarnje-prostore","13":"product_cat-prostori-rezidencijalni-fotelje-i-garniture-za-unutarnje-prostore","14":"product_cat-prostori-uredi-namjestaj-za-neformalne-sastanke-i-druzenje","15":"product_cat-rezidencijalni","16":"product_cat-uredi","17":"berocket_brand-viccarbe","19":"first","20":"instock","21":"product-type-grouped"},"acf":[],"_links":{"self":[{"href":"https:\/\/cernelic.hr\/en\/wp-json\/wp\/v2\/product\/92653","targetHints":{"allow":["GET"]}}],"collection":[{"href":"https:\/\/cernelic.hr\/en\/wp-json\/wp\/v2\/product"}],"about":[{"href":"https:\/\/cernelic.hr\/en\/wp-json\/wp\/v2\/types\/product"}],"wp:featuredmedia":[{"embeddable":true,"href":"https:\/\/cernelic.hr\/en\/wp-json\/wp\/v2\/media\/92098"}],"wp:attachment":[{"href":"https:\/\/cernelic.hr\/en\/wp-json\/wp\/v2\/media?parent=92653"}],"wp:term":[{"taxonomy":"product_brand","embeddable":true,"href":"https:\/\/cernelic.hr\/en\/wp-json\/wp\/v2\/product_brand?post=92653"},{"taxonomy":"product_cat","embeddable":true,"href":"https:\/\/cernelic.hr\/en\/wp-json\/wp\/v2\/product_cat?post=92653"},{"taxonomy":"product_tag","embeddable":true,"href":"https:\/\/cernelic.hr\/en\/wp-json\/wp\/v2\/product_tag?post=92653"},{"taxonomy":"berocket_brand","embeddable":true,"href":"https:\/\/cernelic.hr\/en\/wp-json\/wp\/v2\/berocket_brand?post=92653"}],"curies":[{"name":"wp","href":"https:\/\/api.w.org\/{rel}","templated":true}]}}