{"id":92657,"date":"2021-03-19T13:25:51","date_gmt":"2021-03-19T13:25:51","guid":{"rendered":"https:\/\/cernelic.hr\/katalog\/Bez%20kategorije\/window-by-viccarbe-2\/"},"modified":"2023-12-08T02:34:34","modified_gmt":"2023-12-08T02:34:34","slug":"window-by-viccarbe","status":"publish","type":"product","link":"https:\/\/cernelic.hr\/en\/proizvod\/window-by-viccarbe\/","title":{"rendered":"WINDOW by Viccarbe"},"content":{"rendered":"<p>Inspirirani minimalisti\u010dkim skulpturama Donalda Judda, &#8216;prozori&#8217; vje\u0161alica laserski su izrezani i pa\u017eljivo dizajnirani za pravilnu njegu odje\u0107e.<br \/>\nZidna verzija na\u0161iroko se koristi u restoranima i mjestima gdje se odje\u0107a mora objesiti na elegantan na\u010din.<br \/>\nStalak za ki\u0161obrane, suptilan i diskretan, mo\u017ee se postaviti u recepciji domova ili javnih prostora. Rje\u0161enje za uredne garderobe ili kad je cilj efikasna izrada prijemnog pulta.<\/p>\n","protected":false},"excerpt":{"rendered":"<p>Inspirirani minimalisti\u010dkim skulpturama Donalda Judda, &#8216;prozori&#8217; vje\u0161alica laserski su izrezani i pa\u017eljivo dizajnirani za pravilnu njegu odje\u0107e. Zidna verzija na\u0161iroko se koristi u restoranima i mjestima gdje se odje\u0107a mora objesiti na elegantan na\u010din. Stalak za ki\u0161obrane, suptilan i diskretan, mo\u017ee se postaviti u recepciji domova ili javnih prostora. Rje\u0161enje za uredne garderobe ili kad [&hellip;]<\/p>\n","protected":false},"featured_media":92102,"template":"","meta":{"_acf_changed":false},"product_brand":[],"product_cat":[2235,2514,2111,2105,2085,2061,2196,2068,2209,2207,2208,2198,2230,2073,2092],"product_tag":[],"berocket_brand":[1158],"class_list":{"0":"post-92657","1":"product","2":"type-product","3":"status-publish","4":"has-post-thumbnail","6":"product_cat-proizvodi-namjestaj-za-urede-accessories","7":"product_cat-accessories","8":"product_cat-dvorane","9":"product_cat-javni","10":"product_cat-namjestaj-za-urede","11":"product_cat-proizvodi","12":"product_cat-proizvodi-accessories-accessories-za-unutarnje-prostore","13":"product_cat-prostori","14":"product_cat-prostori-dvorane-accessories","15":"product_cat-prostori-horeca-accessories","16":"product_cat-prostori-javni-accessories","17":"product_cat-prostori-rezidencijalni-accessories","18":"product_cat-prostori-uredi-accessories","19":"product_cat-rezidencijalni","20":"product_cat-uredi","21":"berocket_brand-viccarbe","23":"first","24":"instock","25":"product-type-grouped"},"acf":[],"_links":{"self":[{"href":"https:\/\/cernelic.hr\/en\/wp-json\/wp\/v2\/product\/92657","targetHints":{"allow":["GET"]}}],"collection":[{"href":"https:\/\/cernelic.hr\/en\/wp-json\/wp\/v2\/product"}],"about":[{"href":"https:\/\/cernelic.hr\/en\/wp-json\/wp\/v2\/types\/product"}],"wp:featuredmedia":[{"embeddable":true,"href":"https:\/\/cernelic.hr\/en\/wp-json\/wp\/v2\/media\/92102"}],"wp:attachment":[{"href":"https:\/\/cernelic.hr\/en\/wp-json\/wp\/v2\/media?parent=92657"}],"wp:term":[{"taxonomy":"product_brand","embeddable":true,"href":"https:\/\/cernelic.hr\/en\/wp-json\/wp\/v2\/product_brand?post=92657"},{"taxonomy":"product_cat","embeddable":true,"href":"https:\/\/cernelic.hr\/en\/wp-json\/wp\/v2\/product_cat?post=92657"},{"taxonomy":"product_tag","embeddable":true,"href":"https:\/\/cernelic.hr\/en\/wp-json\/wp\/v2\/product_tag?post=92657"},{"taxonomy":"berocket_brand","embeddable":true,"href":"https:\/\/cernelic.hr\/en\/wp-json\/wp\/v2\/berocket_brand?post=92657"}],"curies":[{"name":"wp","href":"https:\/\/api.w.org\/{rel}","templated":true}]}}