{"id":92662,"date":"2021-03-19T13:25:51","date_gmt":"2021-03-19T13:25:51","guid":{"rendered":"https:\/\/cernelic.hr\/katalog\/Bez%20kategorije\/bare-by-expormim-2\/"},"modified":"2023-12-08T02:22:27","modified_gmt":"2023-12-08T02:22:27","slug":"bare-by-expormim","status":"publish","type":"product","link":"https:\/\/cernelic.hr\/en\/proizvod\/bare-by-expormim\/","title":{"rendered":"BARE by Expormim"},"content":{"rendered":"<p>Expormimov studio za dizajn interijera predstavlja stol za kavu od ovalne cijevi od nehr\u0111aju\u0107eg \u010delika, obra\u0111en poliesterskim prahom. Opcije stolne povr\u0161ine: HPL Trespa\u00ae debljine 8 mm i Dekton\u00ae debljine 8 mm.<\/p>\n","protected":false},"excerpt":{"rendered":"<p>Expormimov studio za dizajn interijera predstavlja stol za kavu od ovalne cijevi od nehr\u0111aju\u0107eg \u010delika, obra\u0111en poliesterskim prahom. Opcije stolne povr\u0161ine: HPL Trespa\u00ae debljine 8 mm i Dekton\u00ae debljine 8 mm.<\/p>\n","protected":false},"featured_media":91699,"template":"","meta":{"_acf_changed":false},"product_brand":[],"product_cat":[2105,2142,2513,2061,2068,2144,2147,2186,2146,2073,2118],"product_tag":[],"berocket_brand":[523],"class_list":{"0":"post-92662","1":"product","2":"type-product","3":"status-publish","4":"has-post-thumbnail","6":"product_cat-javni","7":"product_cat-proizvodi-stolovi-niski-stolovi-vanjske-prostore","8":"product_cat-outdoor","9":"product_cat-proizvodi","10":"product_cat-prostori","11":"product_cat-prostori-horeca-stolovi-za-vanjske-prostore","12":"product_cat-prostori-javni-stolovi-za-vanjske-prostore","13":"product_cat-prostori-outdoor-stolovi","14":"product_cat-prostori-rezidencijalni-niski-klubski-stolici-za-vanjske-prostore","15":"product_cat-rezidencijalni","16":"product_cat-stolovi","17":"berocket_brand-expormim","19":"first","20":"instock","21":"product-type-grouped"},"acf":[],"_links":{"self":[{"href":"https:\/\/cernelic.hr\/en\/wp-json\/wp\/v2\/product\/92662","targetHints":{"allow":["GET"]}}],"collection":[{"href":"https:\/\/cernelic.hr\/en\/wp-json\/wp\/v2\/product"}],"about":[{"href":"https:\/\/cernelic.hr\/en\/wp-json\/wp\/v2\/types\/product"}],"wp:featuredmedia":[{"embeddable":true,"href":"https:\/\/cernelic.hr\/en\/wp-json\/wp\/v2\/media\/91699"}],"wp:attachment":[{"href":"https:\/\/cernelic.hr\/en\/wp-json\/wp\/v2\/media?parent=92662"}],"wp:term":[{"taxonomy":"product_brand","embeddable":true,"href":"https:\/\/cernelic.hr\/en\/wp-json\/wp\/v2\/product_brand?post=92662"},{"taxonomy":"product_cat","embeddable":true,"href":"https:\/\/cernelic.hr\/en\/wp-json\/wp\/v2\/product_cat?post=92662"},{"taxonomy":"product_tag","embeddable":true,"href":"https:\/\/cernelic.hr\/en\/wp-json\/wp\/v2\/product_tag?post=92662"},{"taxonomy":"berocket_brand","embeddable":true,"href":"https:\/\/cernelic.hr\/en\/wp-json\/wp\/v2\/berocket_brand?post=92662"}],"curies":[{"name":"wp","href":"https:\/\/api.w.org\/{rel}","templated":true}]}}