{"id":92675,"date":"2021-03-19T13:29:09","date_gmt":"2021-03-19T13:29:09","guid":{"rendered":"https:\/\/cernelic.hr\/katalog\/Bez%20kategorije\/flamingo-out-by-expormim-2\/"},"modified":"2023-12-08T02:23:02","modified_gmt":"2023-12-08T02:23:02","slug":"flamingo-out-by-expormim","status":"publish","type":"product","link":"https:\/\/cernelic.hr\/en\/proizvod\/flamingo-out-by-expormim\/","title":{"rendered":"FLAMINGO OUT by Expormim"},"content":{"rendered":"<p>Kolekcija stolova za vanjsku upotrebu sa strukturom izra\u0111enom od aluminijskog profila visoke otpornosti i nogama od brizganog aluminija, zavr\u0161ena poliesterskim prahom. Opcije stolnih povr\u0161ina: HPL Trespa\u00ae debljine 13 mm i Dekton\u00ae debljine 8 mm.<\/p>\n","protected":false},"excerpt":{"rendered":"<p>Kolekcija stolova za vanjsku upotrebu sa strukturom izra\u0111enom od aluminijskog profila visoke otpornosti i nogama od brizganog aluminija, zavr\u0161ena poliesterskim prahom. Opcije stolnih povr\u0161ina: HPL Trespa\u00ae debljine 13 mm i Dekton\u00ae debljine 8 mm.<\/p>\n","protected":false},"featured_media":91729,"template":"","meta":{"_acf_changed":false},"product_brand":[],"product_cat":[2105,2513,2061,2068,2144,2147,2186,2145,2073,2118,2143,2162],"product_tag":[],"berocket_brand":[523],"class_list":{"0":"post-92675","1":"product","2":"type-product","3":"status-publish","4":"has-post-thumbnail","6":"product_cat-javni","7":"product_cat-outdoor","8":"product_cat-proizvodi","9":"product_cat-prostori","10":"product_cat-prostori-horeca-stolovi-za-vanjske-prostore","11":"product_cat-prostori-javni-stolovi-za-vanjske-prostore","12":"product_cat-prostori-outdoor-stolovi","13":"product_cat-prostori-rezidencijalni-stolovi-za-vanjske-prostore","14":"product_cat-rezidencijalni","15":"product_cat-stolovi","16":"product_cat-proizvodi-stolovi-stolovi-za-vanjske-prostore","17":"product_cat-proizvodi-stolovi-visoki-barski-stolovi-vanjske-prostore","18":"berocket_brand-expormim","20":"first","21":"instock","22":"product-type-grouped"},"acf":[],"_links":{"self":[{"href":"https:\/\/cernelic.hr\/en\/wp-json\/wp\/v2\/product\/92675","targetHints":{"allow":["GET"]}}],"collection":[{"href":"https:\/\/cernelic.hr\/en\/wp-json\/wp\/v2\/product"}],"about":[{"href":"https:\/\/cernelic.hr\/en\/wp-json\/wp\/v2\/types\/product"}],"wp:featuredmedia":[{"embeddable":true,"href":"https:\/\/cernelic.hr\/en\/wp-json\/wp\/v2\/media\/91729"}],"wp:attachment":[{"href":"https:\/\/cernelic.hr\/en\/wp-json\/wp\/v2\/media?parent=92675"}],"wp:term":[{"taxonomy":"product_brand","embeddable":true,"href":"https:\/\/cernelic.hr\/en\/wp-json\/wp\/v2\/product_brand?post=92675"},{"taxonomy":"product_cat","embeddable":true,"href":"https:\/\/cernelic.hr\/en\/wp-json\/wp\/v2\/product_cat?post=92675"},{"taxonomy":"product_tag","embeddable":true,"href":"https:\/\/cernelic.hr\/en\/wp-json\/wp\/v2\/product_tag?post=92675"},{"taxonomy":"berocket_brand","embeddable":true,"href":"https:\/\/cernelic.hr\/en\/wp-json\/wp\/v2\/berocket_brand?post=92675"}],"curies":[{"name":"wp","href":"https:\/\/api.w.org\/{rel}","templated":true}]}}