{"id":92686,"date":"2021-03-19T13:32:21","date_gmt":"2021-03-19T13:32:21","guid":{"rendered":"https:\/\/cernelic.hr\/katalog\/Bez%20kategorije\/lapala-by-expormim-2\/"},"modified":"2023-12-08T02:23:33","modified_gmt":"2023-12-08T02:23:33","slug":"lapala-by-expormim","status":"publish","type":"product","link":"https:\/\/cernelic.hr\/en\/proizvod\/lapala-by-expormim\/","title":{"rendered":"LAPALA by Expormim"},"content":{"rendered":"<p>Kolekcija izra\u0111ena od cijevi od nehr\u0111aju\u0107eg \u010delika. Ru\u010dno tkano sjedalo i naslon s visokootpornim u\u017eetom debljine 7 mm. Noge izra\u0111ene od lakirane cijevi od nehr\u0111aju\u0107eg \u010delika. Udobne stolice slo\u017eive jedna u drugu.<\/p>\n","protected":false},"excerpt":{"rendered":"<p>Kolekcija izra\u0111ena od cijevi od nehr\u0111aju\u0107eg \u010delika. Ru\u010dno tkano sjedalo i naslon s visokootpornim u\u017eetom debljine 7 mm. Noge izra\u0111ene od lakirane cijevi od nehr\u0111aju\u0107eg \u010delika. Udobne stolice slo\u017eive jedna u drugu.<\/p>\n","protected":false},"featured_media":91756,"template":"","meta":{"_acf_changed":false},"product_brand":[],"product_cat":[2114,2154,2111,2062,2099,2105,2513,2061,2082,2066,2122,2068,2098,2117,2112,2115,2155,2101,2071,2100,2070,2126,2157,2108,2141,2109,2125,2158,2079,2080,2116,2156,2103,2074,2104,2075,2073,2087,2091,2124],"product_tag":[],"berocket_brand":[523],"class_list":{"0":"post-92686","1":"product","2":"type-product","3":"status-publish","4":"has-post-thumbnail","6":"product_cat-proizvodi-stolice-barske-stolice-za-unutarnje-prostore","7":"product_cat-proizvodi-stolice-barske-stolice-za-vanjske-prostore","8":"product_cat-dvorane","9":"product_cat-fotelje-i-garniture-za-sjedenje","10":"product_cat-horeca-prostori-horeca","11":"product_cat-javni","12":"product_cat-outdoor","13":"product_cat-proizvodi","14":"product_cat-proizvodi-fotelje-garniture-fotelje-i-garniture-unutarnje-prostore","15":"product_cat-proizvodi-fotelje-garniture-fotelje-i-garniture-za-vanjske-prostore","16":"product_cat-proizvodi-fotelje-garniture-taburei","17":"product_cat-prostori","18":"product_cat-prostori-horeca","19":"product_cat-prostori-dvorane-fotelje-i-garniture-za-unutarnje-prostore","20":"product_cat-prostori-dvorane-fotelje-i-garniture-za-vanjske-prostore","21":"product_cat-prostori-horeca-barske-stolice-za-unutarnje-prostore","22":"product_cat-prostori-horeca-barske-stolice-za-vanjske-prostore","23":"product_cat-prostori-horeca-fotelje-i-garniture-za-unutarnje-prostore","24":"product_cat-prostori-horeca-fotelje-i-garniture-za-vanjske-prostore","25":"product_cat-prostori-horeca-stolice-za-unutarnje-prostore","26":"product_cat-prostori-horeca-stolice-za-vanjske-prostore","27":"product_cat-prostori-javni-barske-stolice-za-unutarnje-prostore","28":"product_cat-prostori-javni-barske-stolice-za-vanjske-prostore","29":"product_cat-prostori-javni-fotelje-i-garniture-za-unutarnje-prostore","30":"product_cat-prostori-javni-fotelje-i-garniture-za-vanjske-prostore","31":"product_cat-prostori-javni-stolice-za-unutarnje-prostore","32":"product_cat-prostori-javni-stolice-za-vanjske-prostore","33":"product_cat-prostori-outdoor-barske-stolice-za-vanjske-prostore","34":"product_cat-prostori-outdoor-fotelje-i-garniture-za-vanjske-prostore","35":"product_cat-prostori-outdoor-stolice-za-vanjske-prostore","36":"product_cat-prostori-rezidencijalni-barske-stolice-za-unutarnje-prostore","37":"product_cat-prostori-rezidencijalni-barske-stolice-za-vanjske-prostore","38":"product_cat-prostori-rezidencijalni-fotelje-i-garniture-za-unutarnje-prostore","39":"product_cat-prostori-rezidencijalni-fotelje-i-garniture-za-vanjske-prostore","40":"product_cat-prostori-rezidencijalni-stolice-za-unutarnje-prostore","41":"product_cat-prostori-rezidencijalni-stolice-za-vanjske-prostore","42":"product_cat-rezidencijalni","43":"product_cat-stolice","44":"product_cat-proizvodi-stolice-stolice-za-unutarnje-prostore","45":"product_cat-proizvodi-stolice-stolice-za-vanjske-prostore","46":"berocket_brand-expormim","48":"first","49":"instock","50":"product-type-grouped"},"acf":[],"_links":{"self":[{"href":"https:\/\/cernelic.hr\/en\/wp-json\/wp\/v2\/product\/92686","targetHints":{"allow":["GET"]}}],"collection":[{"href":"https:\/\/cernelic.hr\/en\/wp-json\/wp\/v2\/product"}],"about":[{"href":"https:\/\/cernelic.hr\/en\/wp-json\/wp\/v2\/types\/product"}],"wp:featuredmedia":[{"embeddable":true,"href":"https:\/\/cernelic.hr\/en\/wp-json\/wp\/v2\/media\/91756"}],"wp:attachment":[{"href":"https:\/\/cernelic.hr\/en\/wp-json\/wp\/v2\/media?parent=92686"}],"wp:term":[{"taxonomy":"product_brand","embeddable":true,"href":"https:\/\/cernelic.hr\/en\/wp-json\/wp\/v2\/product_brand?post=92686"},{"taxonomy":"product_cat","embeddable":true,"href":"https:\/\/cernelic.hr\/en\/wp-json\/wp\/v2\/product_cat?post=92686"},{"taxonomy":"product_tag","embeddable":true,"href":"https:\/\/cernelic.hr\/en\/wp-json\/wp\/v2\/product_tag?post=92686"},{"taxonomy":"berocket_brand","embeddable":true,"href":"https:\/\/cernelic.hr\/en\/wp-json\/wp\/v2\/berocket_brand?post=92686"}],"curies":[{"name":"wp","href":"https:\/\/api.w.org\/{rel}","templated":true}]}}