{"id":92687,"date":"2021-03-19T13:32:21","date_gmt":"2021-03-19T13:32:21","guid":{"rendered":"https:\/\/cernelic.hr\/katalog\/Bez%20kategorije\/link-rug-by-expormim-2\/"},"modified":"2023-12-08T02:23:35","modified_gmt":"2023-12-08T02:23:35","slug":"link-rug-by-expormim","status":"publish","type":"product","link":"https:\/\/cernelic.hr\/en\/proizvod\/link-rug-by-expormim\/","title":{"rendered":"LINK RUG by Expormim"},"content":{"rendered":"<p>Expormim tepih izra\u0111en od mje\u0161avine pletenih polipropilenskih u\u017eadi. Baza je opletena u\u017eetom debljine 3 mm, a ukrasna traka u\u017eetom debljine 16 mm.<\/p>\n","protected":false},"excerpt":{"rendered":"<p>Expormim tepih izra\u0111en od mje\u0161avine pletenih polipropilenskih u\u017eadi. Baza je opletena u\u017eetom debljine 3 mm, a ukrasna traka u\u017eetom debljine 16 mm.<\/p>\n","protected":false},"featured_media":91759,"template":"","meta":{"_acf_changed":false},"product_brand":[],"product_cat":[2111,2105,2513,2187,2061,2228,2068,2193,2190,2192,2229,2191,2073],"product_tag":[],"berocket_brand":[523],"class_list":{"0":"post-92687","1":"product","2":"type-product","3":"status-publish","4":"has-post-thumbnail","6":"product_cat-dvorane","7":"product_cat-javni","8":"product_cat-outdoor","9":"product_cat-podne-obloge","10":"product_cat-proizvodi","11":"product_cat-proizvodi-podne-obloge-komadni-tepisi-za-vanjske-prostore","12":"product_cat-prostori","13":"product_cat-prostori-dvorane-podne-obloge","14":"product_cat-prostori-horeca-podne-obloge","15":"product_cat-prostori-javni-podne-obloge","16":"product_cat-prostori-outdoor-podne-obloge","17":"product_cat-prostori-rezidencijalni-podne-obloge","18":"product_cat-rezidencijalni","19":"berocket_brand-expormim","21":"first","22":"instock","23":"product-type-grouped"},"acf":[],"_links":{"self":[{"href":"https:\/\/cernelic.hr\/en\/wp-json\/wp\/v2\/product\/92687","targetHints":{"allow":["GET"]}}],"collection":[{"href":"https:\/\/cernelic.hr\/en\/wp-json\/wp\/v2\/product"}],"about":[{"href":"https:\/\/cernelic.hr\/en\/wp-json\/wp\/v2\/types\/product"}],"wp:featuredmedia":[{"embeddable":true,"href":"https:\/\/cernelic.hr\/en\/wp-json\/wp\/v2\/media\/91759"}],"wp:attachment":[{"href":"https:\/\/cernelic.hr\/en\/wp-json\/wp\/v2\/media?parent=92687"}],"wp:term":[{"taxonomy":"product_brand","embeddable":true,"href":"https:\/\/cernelic.hr\/en\/wp-json\/wp\/v2\/product_brand?post=92687"},{"taxonomy":"product_cat","embeddable":true,"href":"https:\/\/cernelic.hr\/en\/wp-json\/wp\/v2\/product_cat?post=92687"},{"taxonomy":"product_tag","embeddable":true,"href":"https:\/\/cernelic.hr\/en\/wp-json\/wp\/v2\/product_tag?post=92687"},{"taxonomy":"berocket_brand","embeddable":true,"href":"https:\/\/cernelic.hr\/en\/wp-json\/wp\/v2\/berocket_brand?post=92687"}],"curies":[{"name":"wp","href":"https:\/\/api.w.org\/{rel}","templated":true}]}}