{"id":92692,"date":"2021-03-19T13:32:21","date_gmt":"2021-03-19T13:32:21","guid":{"rendered":"https:\/\/cernelic.hr\/katalog\/Bez%20kategorije\/nido-by-expormim-2\/"},"modified":"2023-12-08T02:23:44","modified_gmt":"2023-12-08T02:23:44","slug":"nido-by-expormim","status":"publish","type":"product","link":"https:\/\/cernelic.hr\/en\/proizvod\/nido-by-expormim\/","title":{"rendered":"NIDO by Expormim"},"content":{"rendered":"<p>Expormim kolekcija izra\u0111ena od cijevi od nehr\u0111aju\u0107eg \u010delika, zavr\u0161ena poliesterskim prahom. Ru\u010dno tkana zavr\u0161na obrada s visokootpornim u\u017eetom \u0161irine 24 mm. Mogu\u0107nost izrade \u0161iroke palete konfiguracija zahvaljuju\u0107i modularnosti njenih elemenata.<\/p>\n","protected":false},"excerpt":{"rendered":"<p>Expormim kolekcija izra\u0111ena od cijevi od nehr\u0111aju\u0107eg \u010delika, zavr\u0161ena poliesterskim prahom. Ru\u010dno tkana zavr\u0161na obrada s visokootpornim u\u017eetom \u0161irine 24 mm. Mogu\u0107nost izrade \u0161iroke palete konfiguracija zahvaljuju\u0107i modularnosti njenih elemenata.<\/p>\n","protected":false},"featured_media":91775,"template":"","meta":{"_acf_changed":false},"product_brand":[],"product_cat":[2154,2111,2062,2105,2513,2061,2066,2068,2112,2155,2071,2070,2157,2141,2125,2158,2079,2080,2156,2074,2075,2073,2087,2124],"product_tag":[],"berocket_brand":[523],"class_list":{"0":"post-92692","1":"product","2":"type-product","3":"status-publish","4":"has-post-thumbnail","6":"product_cat-proizvodi-stolice-barske-stolice-za-vanjske-prostore","7":"product_cat-dvorane","8":"product_cat-fotelje-i-garniture-za-sjedenje","9":"product_cat-javni","10":"product_cat-outdoor","11":"product_cat-proizvodi","12":"product_cat-proizvodi-fotelje-garniture-fotelje-i-garniture-za-vanjske-prostore","13":"product_cat-prostori","14":"product_cat-prostori-dvorane-fotelje-i-garniture-za-vanjske-prostore","15":"product_cat-prostori-horeca-barske-stolice-za-vanjske-prostore","16":"product_cat-prostori-horeca-fotelje-i-garniture-za-vanjske-prostore","17":"product_cat-prostori-horeca-stolice-za-vanjske-prostore","18":"product_cat-prostori-javni-barske-stolice-za-vanjske-prostore","19":"product_cat-prostori-javni-fotelje-i-garniture-za-vanjske-prostore","20":"product_cat-prostori-javni-stolice-za-vanjske-prostore","21":"product_cat-prostori-outdoor-barske-stolice-za-vanjske-prostore","22":"product_cat-prostori-outdoor-fotelje-i-garniture-za-vanjske-prostore","23":"product_cat-prostori-outdoor-stolice-za-vanjske-prostore","24":"product_cat-prostori-rezidencijalni-barske-stolice-za-vanjske-prostore","25":"product_cat-prostori-rezidencijalni-fotelje-i-garniture-za-vanjske-prostore","26":"product_cat-prostori-rezidencijalni-stolice-za-vanjske-prostore","27":"product_cat-rezidencijalni","28":"product_cat-stolice","29":"product_cat-proizvodi-stolice-stolice-za-vanjske-prostore","30":"berocket_brand-expormim","32":"first","33":"instock","34":"product-type-grouped"},"acf":[],"_links":{"self":[{"href":"https:\/\/cernelic.hr\/en\/wp-json\/wp\/v2\/product\/92692","targetHints":{"allow":["GET"]}}],"collection":[{"href":"https:\/\/cernelic.hr\/en\/wp-json\/wp\/v2\/product"}],"about":[{"href":"https:\/\/cernelic.hr\/en\/wp-json\/wp\/v2\/types\/product"}],"wp:featuredmedia":[{"embeddable":true,"href":"https:\/\/cernelic.hr\/en\/wp-json\/wp\/v2\/media\/91775"}],"wp:attachment":[{"href":"https:\/\/cernelic.hr\/en\/wp-json\/wp\/v2\/media?parent=92692"}],"wp:term":[{"taxonomy":"product_brand","embeddable":true,"href":"https:\/\/cernelic.hr\/en\/wp-json\/wp\/v2\/product_brand?post=92692"},{"taxonomy":"product_cat","embeddable":true,"href":"https:\/\/cernelic.hr\/en\/wp-json\/wp\/v2\/product_cat?post=92692"},{"taxonomy":"product_tag","embeddable":true,"href":"https:\/\/cernelic.hr\/en\/wp-json\/wp\/v2\/product_tag?post=92692"},{"taxonomy":"berocket_brand","embeddable":true,"href":"https:\/\/cernelic.hr\/en\/wp-json\/wp\/v2\/berocket_brand?post=92692"}],"curies":[{"name":"wp","href":"https:\/\/api.w.org\/{rel}","templated":true}]}}