{"id":92693,"date":"2021-03-19T13:32:21","date_gmt":"2021-03-19T13:32:21","guid":{"rendered":"https:\/\/cernelic.hr\/katalog\/Bez%20kategorije\/nude-by-expormim-2\/"},"modified":"2023-12-08T02:23:45","modified_gmt":"2023-12-08T02:23:45","slug":"nude-by-expormim","status":"publish","type":"product","link":"https:\/\/cernelic.hr\/en\/proizvod\/nude-by-expormim\/","title":{"rendered":"NUDE by Expormim"},"content":{"rendered":"<p>Polivalentni stolovi za opremanje restorana ili domova sadr\u017ee strukturu izra\u0111enu od cijevi od nehr\u0111aju\u0107eg \u010delika, zavr\u0161ena poliesterskim prahom. Dolaze u opcijama stolnih povr\u0161ina: HPL Trespa\u00ae debljine 8 mm i Dekton\u00ae debljine 8 mm.<\/p>\n","protected":false},"excerpt":{"rendered":"<p>Polivalentni stolovi za opremanje restorana ili domova sadr\u017ee strukturu izra\u0111enu od cijevi od nehr\u0111aju\u0107eg \u010delika, zavr\u0161ena poliesterskim prahom. Dolaze u opcijama stolnih povr\u0161ina: HPL Trespa\u00ae debljine 8 mm i Dekton\u00ae debljine 8 mm.<\/p>\n","protected":false},"featured_media":91778,"template":"","meta":{"_acf_changed":false},"product_brand":[],"product_cat":[2105,2513,2061,2068,2144,2147,2186,2145,2073,2118,2143],"product_tag":[],"berocket_brand":[523],"class_list":{"0":"post-92693","1":"product","2":"type-product","3":"status-publish","4":"has-post-thumbnail","6":"product_cat-javni","7":"product_cat-outdoor","8":"product_cat-proizvodi","9":"product_cat-prostori","10":"product_cat-prostori-horeca-stolovi-za-vanjske-prostore","11":"product_cat-prostori-javni-stolovi-za-vanjske-prostore","12":"product_cat-prostori-outdoor-stolovi","13":"product_cat-prostori-rezidencijalni-stolovi-za-vanjske-prostore","14":"product_cat-rezidencijalni","15":"product_cat-stolovi","16":"product_cat-proizvodi-stolovi-stolovi-za-vanjske-prostore","17":"berocket_brand-expormim","19":"first","20":"instock","21":"product-type-grouped"},"acf":[],"_links":{"self":[{"href":"https:\/\/cernelic.hr\/en\/wp-json\/wp\/v2\/product\/92693","targetHints":{"allow":["GET"]}}],"collection":[{"href":"https:\/\/cernelic.hr\/en\/wp-json\/wp\/v2\/product"}],"about":[{"href":"https:\/\/cernelic.hr\/en\/wp-json\/wp\/v2\/types\/product"}],"wp:featuredmedia":[{"embeddable":true,"href":"https:\/\/cernelic.hr\/en\/wp-json\/wp\/v2\/media\/91778"}],"wp:attachment":[{"href":"https:\/\/cernelic.hr\/en\/wp-json\/wp\/v2\/media?parent=92693"}],"wp:term":[{"taxonomy":"product_brand","embeddable":true,"href":"https:\/\/cernelic.hr\/en\/wp-json\/wp\/v2\/product_brand?post=92693"},{"taxonomy":"product_cat","embeddable":true,"href":"https:\/\/cernelic.hr\/en\/wp-json\/wp\/v2\/product_cat?post=92693"},{"taxonomy":"product_tag","embeddable":true,"href":"https:\/\/cernelic.hr\/en\/wp-json\/wp\/v2\/product_tag?post=92693"},{"taxonomy":"berocket_brand","embeddable":true,"href":"https:\/\/cernelic.hr\/en\/wp-json\/wp\/v2\/berocket_brand?post=92693"}],"curies":[{"name":"wp","href":"https:\/\/api.w.org\/{rel}","templated":true}]}}