{"id":92694,"date":"2021-03-19T13:32:21","date_gmt":"2021-03-19T13:32:21","guid":{"rendered":"https:\/\/cernelic.hr\/katalog\/Bez%20kategorije\/oh-lamp-by-expormim-2\/"},"modified":"2023-12-08T02:23:47","modified_gmt":"2023-12-08T02:23:47","slug":"oh-lamp-by-expormim","status":"publish","type":"product","link":"https:\/\/cernelic.hr\/en\/proizvod\/oh-lamp-by-expormim\/","title":{"rendered":"OH LAMP by Expormim"},"content":{"rendered":"<p>Lampa koja svojim dizajnom savr\u0161eno pristaje razli\u010ditim stilovima ure\u0111enja, daju\u0107i prostoru toplinu. Njene \u010diste linije savr\u0161eno \u0107e se uklopiti uz preostali namje\u0161taj po mjeri bilo da opremate stan ili kafi\u0107.<\/p>\n","protected":false},"excerpt":{"rendered":"<p>Lampa koja svojim dizajnom savr\u0161eno pristaje razli\u010ditim stilovima ure\u0111enja, daju\u0107i prostoru toplinu. Njene \u010diste linije savr\u0161eno \u0107e se uklopiti uz preostali namje\u0161taj po mjeri bilo da opremate stan ili kafi\u0107.<\/p>\n","protected":false},"featured_media":91779,"template":"","meta":{"_acf_changed":false},"product_brand":[],"product_cat":[2111,2105,2513,2061,2201,2202,2068,2226,2203,2205,2206,2204,2236,2200,2073,2092],"product_tag":[],"berocket_brand":[523],"class_list":{"0":"post-92694","1":"product","2":"type-product","3":"status-publish","4":"has-post-thumbnail","6":"product_cat-dvorane","7":"product_cat-javni","8":"product_cat-outdoor","9":"product_cat-proizvodi","10":"product_cat-proizvodi-rasvjeta-dekorativna-rasvjeta-za-unutarnje-prostore","11":"product_cat-proizvodi-rasvjeta-dekorativna-rasvjeta-za-vanjske-prostore","12":"product_cat-prostori","13":"product_cat-prostori-dvorane-rasvjeta","14":"product_cat-prostori-horeca-rasvjeta","15":"product_cat-prostori-javni-rasvjeta","16":"product_cat-prostori-outdoor-rasvjeta-za-vanjske-prostore","17":"product_cat-prostori-rezidencijalni-rasvjeta","18":"product_cat-prostori-uredi-rasvjeta","19":"product_cat-rasvjeta","20":"product_cat-rezidencijalni","21":"product_cat-uredi","22":"berocket_brand-expormim","24":"first","25":"instock","26":"product-type-grouped"},"acf":[],"_links":{"self":[{"href":"https:\/\/cernelic.hr\/en\/wp-json\/wp\/v2\/product\/92694","targetHints":{"allow":["GET"]}}],"collection":[{"href":"https:\/\/cernelic.hr\/en\/wp-json\/wp\/v2\/product"}],"about":[{"href":"https:\/\/cernelic.hr\/en\/wp-json\/wp\/v2\/types\/product"}],"wp:featuredmedia":[{"embeddable":true,"href":"https:\/\/cernelic.hr\/en\/wp-json\/wp\/v2\/media\/91779"}],"wp:attachment":[{"href":"https:\/\/cernelic.hr\/en\/wp-json\/wp\/v2\/media?parent=92694"}],"wp:term":[{"taxonomy":"product_brand","embeddable":true,"href":"https:\/\/cernelic.hr\/en\/wp-json\/wp\/v2\/product_brand?post=92694"},{"taxonomy":"product_cat","embeddable":true,"href":"https:\/\/cernelic.hr\/en\/wp-json\/wp\/v2\/product_cat?post=92694"},{"taxonomy":"product_tag","embeddable":true,"href":"https:\/\/cernelic.hr\/en\/wp-json\/wp\/v2\/product_tag?post=92694"},{"taxonomy":"berocket_brand","embeddable":true,"href":"https:\/\/cernelic.hr\/en\/wp-json\/wp\/v2\/berocket_brand?post=92694"}],"curies":[{"name":"wp","href":"https:\/\/api.w.org\/{rel}","templated":true}]}}