{"id":92696,"date":"2021-03-19T13:32:21","date_gmt":"2021-03-19T13:32:21","guid":{"rendered":"https:\/\/cernelic.hr\/katalog\/Bez%20kategorije\/petale-by-expormim-2\/"},"modified":"2023-12-08T02:23:51","modified_gmt":"2023-12-08T02:23:51","slug":"petale-by-expormim","status":"publish","type":"product","link":"https:\/\/cernelic.hr\/en\/proizvod\/petale-by-expormim\/","title":{"rendered":"PETALE by Expormim"},"content":{"rendered":"<p>Lagane i meke. To su Expormimove Petale polivalentne stolice, izra\u0111ene od nehr\u0111aju\u0107eg \u010delika i tekstila. Minimalisti\u010dki dizajn, proizveden za vanjsku upotrebu, koji odgovara elegantnom i neformalnom okru\u017eenju. Stolice slo\u017eive jedna u drugu jednostavne su za rukovanje zahvaljuju\u0107i svojoj lako\u0107i i slaganju.<\/p>\n","protected":false},"excerpt":{"rendered":"<p>Lagane i meke. To su Expormimove Petale polivalentne stolice, izra\u0111ene od nehr\u0111aju\u0107eg \u010delika i tekstila. Minimalisti\u010dki dizajn, proizveden za vanjsku upotrebu, koji odgovara elegantnom i neformalnom okru\u017eenju. Stolice slo\u017eive jedna u drugu jednostavne su za rukovanje zahvaljuju\u0107i svojoj lako\u0107i i slaganju.<\/p>\n","protected":false},"featured_media":91782,"template":"","meta":{"_acf_changed":false},"product_brand":[],"product_cat":[2099,2105,2513,2061,2068,2098,2100,2070,2109,2125,2080,2104,2075,2073,2087,2091,2124],"product_tag":[],"berocket_brand":[523],"class_list":{"0":"post-92696","1":"product","2":"type-product","3":"status-publish","4":"has-post-thumbnail","6":"product_cat-horeca-prostori-horeca","7":"product_cat-javni","8":"product_cat-outdoor","9":"product_cat-proizvodi","10":"product_cat-prostori","11":"product_cat-prostori-horeca","12":"product_cat-prostori-horeca-stolice-za-unutarnje-prostore","13":"product_cat-prostori-horeca-stolice-za-vanjske-prostore","14":"product_cat-prostori-javni-stolice-za-unutarnje-prostore","15":"product_cat-prostori-javni-stolice-za-vanjske-prostore","16":"product_cat-prostori-outdoor-stolice-za-vanjske-prostore","17":"product_cat-prostori-rezidencijalni-stolice-za-unutarnje-prostore","18":"product_cat-prostori-rezidencijalni-stolice-za-vanjske-prostore","19":"product_cat-rezidencijalni","20":"product_cat-stolice","21":"product_cat-proizvodi-stolice-stolice-za-unutarnje-prostore","22":"product_cat-proizvodi-stolice-stolice-za-vanjske-prostore","23":"berocket_brand-expormim","25":"first","26":"instock","27":"product-type-grouped"},"acf":[],"_links":{"self":[{"href":"https:\/\/cernelic.hr\/en\/wp-json\/wp\/v2\/product\/92696","targetHints":{"allow":["GET"]}}],"collection":[{"href":"https:\/\/cernelic.hr\/en\/wp-json\/wp\/v2\/product"}],"about":[{"href":"https:\/\/cernelic.hr\/en\/wp-json\/wp\/v2\/types\/product"}],"wp:featuredmedia":[{"embeddable":true,"href":"https:\/\/cernelic.hr\/en\/wp-json\/wp\/v2\/media\/91782"}],"wp:attachment":[{"href":"https:\/\/cernelic.hr\/en\/wp-json\/wp\/v2\/media?parent=92696"}],"wp:term":[{"taxonomy":"product_brand","embeddable":true,"href":"https:\/\/cernelic.hr\/en\/wp-json\/wp\/v2\/product_brand?post=92696"},{"taxonomy":"product_cat","embeddable":true,"href":"https:\/\/cernelic.hr\/en\/wp-json\/wp\/v2\/product_cat?post=92696"},{"taxonomy":"product_tag","embeddable":true,"href":"https:\/\/cernelic.hr\/en\/wp-json\/wp\/v2\/product_tag?post=92696"},{"taxonomy":"berocket_brand","embeddable":true,"href":"https:\/\/cernelic.hr\/en\/wp-json\/wp\/v2\/berocket_brand?post=92696"}],"curies":[{"name":"wp","href":"https:\/\/api.w.org\/{rel}","templated":true}]}}