{"id":92697,"date":"2021-03-19T13:32:21","date_gmt":"2021-03-19T13:32:21","guid":{"rendered":"https:\/\/cernelic.hr\/katalog\/Bez%20kategorije\/plump-by-expormim-2\/"},"modified":"2023-12-08T02:23:52","modified_gmt":"2023-12-08T02:23:52","slug":"plump-by-expormim","status":"publish","type":"product","link":"https:\/\/cernelic.hr\/en\/proizvod\/plump-by-expormim\/","title":{"rendered":"PLUMP by Expormim"},"content":{"rendered":"<p>Modularna kolekcija s svrhom stvaranja osje\u0107aja exterijera u interijeru. Ako postoje tri zna\u010dajke koje definiraju Expormim Plump kolekciju, to su, nesumnjivo, jednostavna elegancija, to\u010dnost u njezinoj proizvodnji i prilagodljiva obloga.<\/p>\n","protected":false},"excerpt":{"rendered":"<p>Modularna kolekcija s svrhom stvaranja osje\u0107aja exterijera u interijeru. Ako postoje tri zna\u010dajke koje definiraju Expormim Plump kolekciju, to su, nesumnjivo, jednostavna elegancija, to\u010dnost u njezinoj proizvodnji i prilagodljiva obloga.<\/p>\n","protected":false},"featured_media":91786,"template":"","meta":{"_acf_changed":false},"product_brand":[],"product_cat":[2111,2062,2105,2513,2061,2082,2066,2122,2068,2117,2112,2101,2071,2108,2141,2079,2103,2074,2073],"product_tag":[],"berocket_brand":[523],"class_list":{"0":"post-92697","1":"product","2":"type-product","3":"status-publish","4":"has-post-thumbnail","6":"product_cat-dvorane","7":"product_cat-fotelje-i-garniture-za-sjedenje","8":"product_cat-javni","9":"product_cat-outdoor","10":"product_cat-proizvodi","11":"product_cat-proizvodi-fotelje-garniture-fotelje-i-garniture-unutarnje-prostore","12":"product_cat-proizvodi-fotelje-garniture-fotelje-i-garniture-za-vanjske-prostore","13":"product_cat-proizvodi-fotelje-garniture-taburei","14":"product_cat-prostori","15":"product_cat-prostori-dvorane-fotelje-i-garniture-za-unutarnje-prostore","16":"product_cat-prostori-dvorane-fotelje-i-garniture-za-vanjske-prostore","17":"product_cat-prostori-horeca-fotelje-i-garniture-za-unutarnje-prostore","18":"product_cat-prostori-horeca-fotelje-i-garniture-za-vanjske-prostore","19":"product_cat-prostori-javni-fotelje-i-garniture-za-unutarnje-prostore","20":"product_cat-prostori-javni-fotelje-i-garniture-za-vanjske-prostore","21":"product_cat-prostori-outdoor-fotelje-i-garniture-za-vanjske-prostore","22":"product_cat-prostori-rezidencijalni-fotelje-i-garniture-za-unutarnje-prostore","23":"product_cat-prostori-rezidencijalni-fotelje-i-garniture-za-vanjske-prostore","24":"product_cat-rezidencijalni","25":"berocket_brand-expormim","27":"first","28":"instock","29":"product-type-grouped"},"acf":[],"_links":{"self":[{"href":"https:\/\/cernelic.hr\/en\/wp-json\/wp\/v2\/product\/92697","targetHints":{"allow":["GET"]}}],"collection":[{"href":"https:\/\/cernelic.hr\/en\/wp-json\/wp\/v2\/product"}],"about":[{"href":"https:\/\/cernelic.hr\/en\/wp-json\/wp\/v2\/types\/product"}],"wp:featuredmedia":[{"embeddable":true,"href":"https:\/\/cernelic.hr\/en\/wp-json\/wp\/v2\/media\/91786"}],"wp:attachment":[{"href":"https:\/\/cernelic.hr\/en\/wp-json\/wp\/v2\/media?parent=92697"}],"wp:term":[{"taxonomy":"product_brand","embeddable":true,"href":"https:\/\/cernelic.hr\/en\/wp-json\/wp\/v2\/product_brand?post=92697"},{"taxonomy":"product_cat","embeddable":true,"href":"https:\/\/cernelic.hr\/en\/wp-json\/wp\/v2\/product_cat?post=92697"},{"taxonomy":"product_tag","embeddable":true,"href":"https:\/\/cernelic.hr\/en\/wp-json\/wp\/v2\/product_tag?post=92697"},{"taxonomy":"berocket_brand","embeddable":true,"href":"https:\/\/cernelic.hr\/en\/wp-json\/wp\/v2\/berocket_brand?post=92697"}],"curies":[{"name":"wp","href":"https:\/\/api.w.org\/{rel}","templated":true}]}}