{"id":92703,"date":"2021-03-19T13:32:21","date_gmt":"2021-03-19T13:32:21","guid":{"rendered":"https:\/\/cernelic.hr\/katalog\/Bez%20kategorije\/slim-by-expormim-2\/"},"modified":"2023-12-08T02:24:03","modified_gmt":"2023-12-08T02:24:03","slug":"slim-by-expormim","status":"publish","type":"product","link":"https:\/\/cernelic.hr\/en\/proizvod\/slim-by-expormim\/","title":{"rendered":"SLIM by Expormim"},"content":{"rendered":"<p>Expormim garniture za sjedenje posjeduju strukturu od aluminija visoke otpornosti prekrivene QuickDryFoam\u00ae pjenom. Mogu\u0107nost prilagodbe kroz \u0161iroku paletu tehni\u010dkih tkanina potpuno prikladnih za vanjsku upotrebu.<\/p>\n","protected":false},"excerpt":{"rendered":"<p>Expormim garniture za sjedenje posjeduju strukturu od aluminija visoke otpornosti prekrivene QuickDryFoam\u00ae pjenom. Mogu\u0107nost prilagodbe kroz \u0161iroku paletu tehni\u010dkih tkanina potpuno prikladnih za vanjsku upotrebu.<\/p>\n","protected":false},"featured_media":91795,"template":"","meta":{"_acf_changed":false},"product_brand":[],"product_cat":[2111,2062,2105,2159,2513,2061,2083,2082,2160,2068,2117,2112,2101,2071,2072,2108,2141,2079,2081,2103,2074,2076,2094,2073,2092],"product_tag":[],"berocket_brand":[523],"class_list":{"0":"post-92703","1":"product","2":"type-product","3":"status-publish","4":"has-post-thumbnail","6":"product_cat-dvorane","7":"product_cat-fotelje-i-garniture-za-sjedenje","8":"product_cat-javni","9":"product_cat-lezaljke","10":"product_cat-outdoor","11":"product_cat-proizvodi","12":"product_cat-proizvodi-fotelje-garniture-fotelje-i-garniture-za-cekaone-i-predprostore","13":"product_cat-proizvodi-fotelje-garniture-fotelje-i-garniture-unutarnje-prostore","14":"product_cat-proizvodi-lezaljke-lezaljke","15":"product_cat-prostori","16":"product_cat-prostori-dvorane-fotelje-i-garniture-za-unutarnje-prostore","17":"product_cat-prostori-dvorane-fotelje-i-garniture-za-vanjske-prostore","18":"product_cat-prostori-horeca-fotelje-i-garniture-za-unutarnje-prostore","19":"product_cat-prostori-horeca-fotelje-i-garniture-za-vanjske-prostore","20":"product_cat-prostori-horeca-lezaljke","21":"product_cat-prostori-javni-fotelje-i-garniture-za-unutarnje-prostore","22":"product_cat-prostori-javni-fotelje-i-garniture-za-vanjske-prostore","23":"product_cat-prostori-outdoor-fotelje-i-garniture-za-vanjske-prostore","24":"product_cat-prostori-outdoor-lezaljke","25":"product_cat-prostori-rezidencijalni-fotelje-i-garniture-za-unutarnje-prostore","26":"product_cat-prostori-rezidencijalni-fotelje-i-garniture-za-vanjske-prostore","27":"product_cat-prostori-rezidencijalni-lezaljke","28":"product_cat-prostori-uredi-fotelje-i-garniture-za-sjedenje","29":"product_cat-rezidencijalni","30":"product_cat-uredi","31":"berocket_brand-expormim","33":"first","34":"instock","35":"product-type-grouped"},"acf":[],"_links":{"self":[{"href":"https:\/\/cernelic.hr\/en\/wp-json\/wp\/v2\/product\/92703","targetHints":{"allow":["GET"]}}],"collection":[{"href":"https:\/\/cernelic.hr\/en\/wp-json\/wp\/v2\/product"}],"about":[{"href":"https:\/\/cernelic.hr\/en\/wp-json\/wp\/v2\/types\/product"}],"wp:featuredmedia":[{"embeddable":true,"href":"https:\/\/cernelic.hr\/en\/wp-json\/wp\/v2\/media\/91795"}],"wp:attachment":[{"href":"https:\/\/cernelic.hr\/en\/wp-json\/wp\/v2\/media?parent=92703"}],"wp:term":[{"taxonomy":"product_brand","embeddable":true,"href":"https:\/\/cernelic.hr\/en\/wp-json\/wp\/v2\/product_brand?post=92703"},{"taxonomy":"product_cat","embeddable":true,"href":"https:\/\/cernelic.hr\/en\/wp-json\/wp\/v2\/product_cat?post=92703"},{"taxonomy":"product_tag","embeddable":true,"href":"https:\/\/cernelic.hr\/en\/wp-json\/wp\/v2\/product_tag?post=92703"},{"taxonomy":"berocket_brand","embeddable":true,"href":"https:\/\/cernelic.hr\/en\/wp-json\/wp\/v2\/berocket_brand?post=92703"}],"curies":[{"name":"wp","href":"https:\/\/api.w.org\/{rel}","templated":true}]}}