{"id":92710,"date":"2021-03-19T13:35:38","date_gmt":"2021-03-19T13:35:38","guid":{"rendered":"https:\/\/cernelic.hr\/katalog\/Bez%20kategorije\/twins-by-expormim-2\/"},"modified":"2023-12-08T02:25:10","modified_gmt":"2023-12-08T02:25:10","slug":"twins-by-expormim","status":"publish","type":"product","link":"https:\/\/cernelic.hr\/en\/proizvod\/twins-by-expormim\/","title":{"rendered":"TWINS by Expormim"},"content":{"rendered":"<p>Kolekcija izra\u0111ena od aluminijske cijevi visoke otpornosti koja nudi mogu\u0107nost prilagodbe kroz \u0161iroku paletu tehni\u010dkih tkanina potpuno prikladnih za vanjsku upotrebu. Fotelje za terasu koje mogu poslu\u017eiti i za opremanje vila.<\/p>\n","protected":false},"excerpt":{"rendered":"<p>Kolekcija izra\u0111ena od aluminijske cijevi visoke otpornosti koja nudi mogu\u0107nost prilagodbe kroz \u0161iroku paletu tehni\u010dkih tkanina potpuno prikladnih za vanjsku upotrebu. Fotelje za terasu koje mogu poslu\u017eiti i za opremanje vila.<\/p>\n","protected":false},"featured_media":91806,"template":"","meta":{"_acf_changed":false},"product_brand":[],"product_cat":[2111,2062,2105,2513,2061,2082,2122,2068,2117,2112,2101,2071,2108,2141,2079,2103,2074,2073],"product_tag":[],"berocket_brand":[523],"class_list":{"0":"post-92710","1":"product","2":"type-product","3":"status-publish","4":"has-post-thumbnail","6":"product_cat-dvorane","7":"product_cat-fotelje-i-garniture-za-sjedenje","8":"product_cat-javni","9":"product_cat-outdoor","10":"product_cat-proizvodi","11":"product_cat-proizvodi-fotelje-garniture-fotelje-i-garniture-unutarnje-prostore","12":"product_cat-proizvodi-fotelje-garniture-taburei","13":"product_cat-prostori","14":"product_cat-prostori-dvorane-fotelje-i-garniture-za-unutarnje-prostore","15":"product_cat-prostori-dvorane-fotelje-i-garniture-za-vanjske-prostore","16":"product_cat-prostori-horeca-fotelje-i-garniture-za-unutarnje-prostore","17":"product_cat-prostori-horeca-fotelje-i-garniture-za-vanjske-prostore","18":"product_cat-prostori-javni-fotelje-i-garniture-za-unutarnje-prostore","19":"product_cat-prostori-javni-fotelje-i-garniture-za-vanjske-prostore","20":"product_cat-prostori-outdoor-fotelje-i-garniture-za-vanjske-prostore","21":"product_cat-prostori-rezidencijalni-fotelje-i-garniture-za-unutarnje-prostore","22":"product_cat-prostori-rezidencijalni-fotelje-i-garniture-za-vanjske-prostore","23":"product_cat-rezidencijalni","24":"berocket_brand-expormim","26":"first","27":"instock","28":"product-type-grouped"},"acf":[],"_links":{"self":[{"href":"https:\/\/cernelic.hr\/en\/wp-json\/wp\/v2\/product\/92710","targetHints":{"allow":["GET"]}}],"collection":[{"href":"https:\/\/cernelic.hr\/en\/wp-json\/wp\/v2\/product"}],"about":[{"href":"https:\/\/cernelic.hr\/en\/wp-json\/wp\/v2\/types\/product"}],"wp:featuredmedia":[{"embeddable":true,"href":"https:\/\/cernelic.hr\/en\/wp-json\/wp\/v2\/media\/91806"}],"wp:attachment":[{"href":"https:\/\/cernelic.hr\/en\/wp-json\/wp\/v2\/media?parent=92710"}],"wp:term":[{"taxonomy":"product_brand","embeddable":true,"href":"https:\/\/cernelic.hr\/en\/wp-json\/wp\/v2\/product_brand?post=92710"},{"taxonomy":"product_cat","embeddable":true,"href":"https:\/\/cernelic.hr\/en\/wp-json\/wp\/v2\/product_cat?post=92710"},{"taxonomy":"product_tag","embeddable":true,"href":"https:\/\/cernelic.hr\/en\/wp-json\/wp\/v2\/product_tag?post=92710"},{"taxonomy":"berocket_brand","embeddable":true,"href":"https:\/\/cernelic.hr\/en\/wp-json\/wp\/v2\/berocket_brand?post=92710"}],"curies":[{"name":"wp","href":"https:\/\/api.w.org\/{rel}","templated":true}]}}