{"id":92711,"date":"2021-03-19T13:35:38","date_gmt":"2021-03-19T13:35:38","guid":{"rendered":"https:\/\/cernelic.hr\/katalog\/Bez%20kategorije\/up-by-expormim-2\/"},"modified":"2023-12-08T02:25:12","modified_gmt":"2023-12-08T02:25:12","slug":"up-by-expormim","status":"publish","type":"product","link":"https:\/\/cernelic.hr\/en\/proizvod\/up-by-expormim\/","title":{"rendered":"UP by Expormim"},"content":{"rendered":"<p>Expormimova kolekcija Up rezultat je sinteze funkcionalnosti, prakti\u010dnosti i ljepote. Le\u017ealjku krase \u010diste linije koje udi\u0161u kvalitetu svakom detalju. Mogu\u0107nost prilagodbe kroz \u0161iroku paletu samonosivih mre\u017eastih tkanina potpuno prikladnih za vanjsku upotrebu i za lounge sjedenje. Slo\u017eiva kolekcija.<\/p>\n","protected":false},"excerpt":{"rendered":"<p>Expormimova kolekcija Up rezultat je sinteze funkcionalnosti, prakti\u010dnosti i ljepote. Le\u017ealjku krase \u010diste linije koje udi\u0161u kvalitetu svakom detalju. Mogu\u0107nost prilagodbe kroz \u0161iroku paletu samonosivih mre\u017eastih tkanina potpuno prikladnih za vanjsku upotrebu i za lounge sjedenje. Slo\u017eiva kolekcija.<\/p>\n","protected":false},"featured_media":91808,"template":"","meta":{"_acf_changed":false},"product_brand":[],"product_cat":[2159,2513,2061,2160,2068,2072,2081,2076,2073],"product_tag":[],"berocket_brand":[523],"class_list":{"0":"post-92711","1":"product","2":"type-product","3":"status-publish","4":"has-post-thumbnail","6":"product_cat-lezaljke","7":"product_cat-outdoor","8":"product_cat-proizvodi","9":"product_cat-proizvodi-lezaljke-lezaljke","10":"product_cat-prostori","11":"product_cat-prostori-horeca-lezaljke","12":"product_cat-prostori-outdoor-lezaljke","13":"product_cat-prostori-rezidencijalni-lezaljke","14":"product_cat-rezidencijalni","15":"berocket_brand-expormim","17":"first","18":"instock","19":"product-type-grouped"},"acf":[],"_links":{"self":[{"href":"https:\/\/cernelic.hr\/en\/wp-json\/wp\/v2\/product\/92711","targetHints":{"allow":["GET"]}}],"collection":[{"href":"https:\/\/cernelic.hr\/en\/wp-json\/wp\/v2\/product"}],"about":[{"href":"https:\/\/cernelic.hr\/en\/wp-json\/wp\/v2\/types\/product"}],"wp:featuredmedia":[{"embeddable":true,"href":"https:\/\/cernelic.hr\/en\/wp-json\/wp\/v2\/media\/91808"}],"wp:attachment":[{"href":"https:\/\/cernelic.hr\/en\/wp-json\/wp\/v2\/media?parent=92711"}],"wp:term":[{"taxonomy":"product_brand","embeddable":true,"href":"https:\/\/cernelic.hr\/en\/wp-json\/wp\/v2\/product_brand?post=92711"},{"taxonomy":"product_cat","embeddable":true,"href":"https:\/\/cernelic.hr\/en\/wp-json\/wp\/v2\/product_cat?post=92711"},{"taxonomy":"product_tag","embeddable":true,"href":"https:\/\/cernelic.hr\/en\/wp-json\/wp\/v2\/product_tag?post=92711"},{"taxonomy":"berocket_brand","embeddable":true,"href":"https:\/\/cernelic.hr\/en\/wp-json\/wp\/v2\/berocket_brand?post=92711"}],"curies":[{"name":"wp","href":"https:\/\/api.w.org\/{rel}","templated":true}]}}