{"id":92712,"date":"2021-03-19T13:35:38","date_gmt":"2021-03-19T13:35:38","guid":{"rendered":"https:\/\/cernelic.hr\/katalog\/Bez%20kategorije\/basket-011-by-haworth-2\/"},"modified":"2023-12-08T02:07:21","modified_gmt":"2023-12-08T02:07:21","slug":"basket-011-by-haworth","status":"publish","type":"product","link":"https:\/\/cernelic.hr\/en\/proizvod\/basket-011-by-haworth\/","title":{"rendered":"BASKET 011 by Haworth"},"content":{"rendered":"<p>Basket 011 dobio je ime zbog vanjske strukture oko stolice i trosjeda. Ovaj profil sli\u010dan ko\u0161ari ogra\u0111uje set pernatih jastuka, stvaraju\u0107i mekan, udoban prostor. Basket 011 garniture za sjedenje dobro su prilago\u0111ene uredskim recepcijama i neformalnim salonima, kao i stambenim prostorima. Vidljiva metalna potporna struktura dolazi u crnoj, crvenoj i bijeloj.<\/p>\n","protected":false},"excerpt":{"rendered":"<p>Basket 011 dobio je ime zbog vanjske strukture oko stolice i trosjeda. Ovaj profil sli\u010dan ko\u0161ari ogra\u0111uje set pernatih jastuka, stvaraju\u0107i mekan, udoban prostor. Basket 011 garniture za sjedenje dobro su prilago\u0111ene uredskim recepcijama i neformalnim salonima, kao i stambenim prostorima. Vidljiva metalna potporna struktura dolazi u crnoj, crvenoj i bijeloj.<\/p>\n","protected":false},"featured_media":68092,"template":"","meta":{"_acf_changed":false},"product_brand":[],"product_cat":[2111,2062,2105,2085,2061,2083,2082,2086,2068,2117,2101,2108,2103,2094,2073,2092],"product_tag":[],"berocket_brand":[528],"class_list":{"0":"post-92712","1":"product","2":"type-product","3":"status-publish","4":"has-post-thumbnail","6":"product_cat-dvorane","7":"product_cat-fotelje-i-garniture-za-sjedenje","8":"product_cat-javni","9":"product_cat-namjestaj-za-urede","10":"product_cat-proizvodi","11":"product_cat-proizvodi-fotelje-garniture-fotelje-i-garniture-za-cekaone-i-predprostore","12":"product_cat-proizvodi-fotelje-garniture-fotelje-i-garniture-unutarnje-prostore","13":"product_cat-proizvodi-namjestaj-za-urede-fotelje-garniture-za-neformalne-sastanke","14":"product_cat-prostori","15":"product_cat-prostori-dvorane-fotelje-i-garniture-za-unutarnje-prostore","16":"product_cat-prostori-horeca-fotelje-i-garniture-za-unutarnje-prostore","17":"product_cat-prostori-javni-fotelje-i-garniture-za-unutarnje-prostore","18":"product_cat-prostori-rezidencijalni-fotelje-i-garniture-za-unutarnje-prostore","19":"product_cat-prostori-uredi-fotelje-i-garniture-za-sjedenje","20":"product_cat-rezidencijalni","21":"product_cat-uredi","22":"berocket_brand-haworth","24":"first","25":"instock","26":"product-type-grouped"},"acf":[],"_links":{"self":[{"href":"https:\/\/cernelic.hr\/en\/wp-json\/wp\/v2\/product\/92712","targetHints":{"allow":["GET"]}}],"collection":[{"href":"https:\/\/cernelic.hr\/en\/wp-json\/wp\/v2\/product"}],"about":[{"href":"https:\/\/cernelic.hr\/en\/wp-json\/wp\/v2\/types\/product"}],"wp:featuredmedia":[{"embeddable":true,"href":"https:\/\/cernelic.hr\/en\/wp-json\/wp\/v2\/media\/68092"}],"wp:attachment":[{"href":"https:\/\/cernelic.hr\/en\/wp-json\/wp\/v2\/media?parent=92712"}],"wp:term":[{"taxonomy":"product_brand","embeddable":true,"href":"https:\/\/cernelic.hr\/en\/wp-json\/wp\/v2\/product_brand?post=92712"},{"taxonomy":"product_cat","embeddable":true,"href":"https:\/\/cernelic.hr\/en\/wp-json\/wp\/v2\/product_cat?post=92712"},{"taxonomy":"product_tag","embeddable":true,"href":"https:\/\/cernelic.hr\/en\/wp-json\/wp\/v2\/product_tag?post=92712"},{"taxonomy":"berocket_brand","embeddable":true,"href":"https:\/\/cernelic.hr\/en\/wp-json\/wp\/v2\/berocket_brand?post=92712"}],"curies":[{"name":"wp","href":"https:\/\/api.w.org\/{rel}","templated":true}]}}